{"id":1027,"date":"2021-05-24T18:57:16","date_gmt":"2021-05-24T18:57:16","guid":{"rendered":"https:\/\/www.minimal4design.com\/?page_id=1027"},"modified":"2021-06-14T22:28:05","modified_gmt":"2021-06-14T22:28:05","slug":"thankyou","status":"publish","type":"page","link":"https:\/\/www.minimal4design.com\/en\/thankyou\/","title":{"rendered":"THANK YOU"},"content":{"rendered":"<div data-elementor-type=\"wp-page\" data-elementor-id=\"1027\" class=\"elementor elementor-1027\" data-elementor-settings=\"[]\">\n\t\t\t\t\t\t\t<div class=\"elementor-section-wrap\">\n\t\t\t\t\t\t\t<section class=\"elementor-section elementor-top-section elementor-element elementor-element-7ef044c5 elementor-section-content-middle elementor-section-height-full elementor-section-boxed elementor-section-height-default elementor-section-items-middle\" data-id=\"7ef044c5\" data-element_type=\"section\">\n\t\t\t\t\t\t<div class=\"elementor-container elementor-column-gap-no\">\n\t\t\t\t\t<div class=\"elementor-column elementor-col-50 elementor-top-column elementor-element elementor-element-8b93f24\" data-id=\"8b93f24\" data-element_type=\"column\">\n\t\t\t<div class=\"elementor-widget-wrap elementor-element-populated\">\n\t\t\t\t\t\t\t\t<div class=\"elementor-element elementor-element-5540af78 elementor-widget elementor-widget-image\" data-id=\"5540af78\" data-element_type=\"widget\" data-widget_type=\"image.default\">\n\t\t\t\t<div class=\"elementor-widget-container\">\n\t\t\t\t\t\t\t\t\t\t\t\t\t\t\t<img width=\"1366\" height=\"2048\" src=\"https:\/\/www.minimal4design.com\/wp-content\/uploads\/2021\/05\/Shared-from-Lightroom-mobile2.jpg\" class=\"attachment-full size-full\" alt=\"Erika Csuportova\" loading=\"lazy\" srcset=\"https:\/\/www.minimal4design.com\/wp-content\/uploads\/2021\/05\/Shared-from-Lightroom-mobile2.jpg 1366w, https:\/\/www.minimal4design.com\/wp-content\/uploads\/2021\/05\/Shared-from-Lightroom-mobile2-200x300.jpg 200w, https:\/\/www.minimal4design.com\/wp-content\/uploads\/2021\/05\/Shared-from-Lightroom-mobile2-683x1024.jpg 683w, https:\/\/www.minimal4design.com\/wp-content\/uploads\/2021\/05\/Shared-from-Lightroom-mobile2-768x1151.jpg 768w, https:\/\/www.minimal4design.com\/wp-content\/uploads\/2021\/05\/Shared-from-Lightroom-mobile2-1025x1536.jpg 1025w, https:\/\/www.minimal4design.com\/wp-content\/uploads\/2021\/05\/Shared-from-Lightroom-mobile2-8x12.jpg 8w\" sizes=\"(max-width: 1366px) 100vw, 1366px\" \/>\t\t\t\t\t\t\t\t\t\t\t\t\t\t\t<\/div>\n\t\t\t\t<\/div>\n\t\t\t\t\t<\/div>\n\t\t<\/div>\n\t\t\t\t<div class=\"elementor-column elementor-col-50 elementor-top-column elementor-element elementor-element-2e50b435\" data-id=\"2e50b435\" data-element_type=\"column\">\n\t\t\t<div class=\"elementor-widget-wrap elementor-element-populated\">\n\t\t\t\t\t\t\t\t<div class=\"elementor-element elementor-element-1b06e4ca elementor-widget elementor-widget-heading\" data-id=\"1b06e4ca\" data-element_type=\"widget\" data-widget_type=\"heading.default\">\n\t\t\t\t<div class=\"elementor-widget-container\">\n\t\t\t<h4 class=\"elementor-heading-title elementor-size-default\">THANK YOU!<\/h4>\t\t<\/div>\n\t\t\t\t<\/div>\n\t\t\t\t<div class=\"elementor-element elementor-element-49393c40 elementor-widget elementor-widget-text-editor\" data-id=\"49393c40\" data-element_type=\"widget\" data-widget_type=\"text-editor.default\">\n\t\t\t\t<div class=\"elementor-widget-container\">\n\t\t\t\t\t\t\t\t<p>I will get back to you soon.<\/p>\t\t\t\t\t\t<\/div>\n\t\t\t\t<\/div>\n\t\t\t\t\t<\/div>\n\t\t<\/div>\n\t\t\t\t\t\t\t<\/div>\n\t\t<\/section>\n\t\t\t\t\t\t<\/div>\n\t\t\t\t\t<\/div>","protected":false},"excerpt":{"rendered":"<p>\u010eAKUJEM! \u010coskoro V\u00e1s budem kontaktova\u0165.<\/p>","protected":false},"author":2,"featured_media":0,"parent":0,"menu_order":0,"comment_status":"closed","ping_status":"closed","template":"elementor_canvas","meta":[],"yoast_head":"<!-- This site is optimized with the Yoast SEO plugin v16.2 - https:\/\/yoast.com\/wordpress\/plugins\/seo\/ -->\n<title>THANK YOU - minimal4design<\/title>\n<meta name=\"robots\" content=\"index, follow, max-snippet:-1, max-image-preview:large, max-video-preview:-1\" \/>\n<link rel=\"canonical\" href=\"https:\/\/www.minimal4design.com\/en\/thankyou\/\" \/>\n<meta property=\"og:locale\" content=\"en_GB\" \/>\n<meta property=\"og:type\" content=\"article\" \/>\n<meta property=\"og:title\" content=\"THANK YOU - minimal4design\" \/>\n<meta property=\"og:description\" content=\"\u010eAKUJEM! \u010coskoro V\u00e1s budem kontaktova\u0165.\" \/>\n<meta property=\"og:url\" content=\"https:\/\/www.minimal4design.com\/en\/thankyou\/\" \/>\n<meta property=\"og:site_name\" content=\"minimal4design\" \/>\n<meta property=\"article:modified_time\" content=\"2021-06-14T22:28:05+00:00\" \/>\n<meta property=\"og:image\" content=\"http:\/\/www.minimal4design.com\/wp-content\/uploads\/2021\/05\/Shared-from-Lightroom-mobile2.jpg\" \/>\n<meta name=\"twitter:card\" content=\"summary_large_image\" \/>\n<meta name=\"twitter:label1\" content=\"Estimated reading time\">\n\t<meta name=\"twitter:data1\" content=\"1 minute\">\n<script type=\"application\/ld+json\" class=\"yoast-schema-graph\">{\"@context\":\"https:\/\/schema.org\",\"@graph\":[{\"@type\":\"WebSite\",\"@id\":\"https:\/\/www.minimal4design.com\/en\/#website\",\"url\":\"https:\/\/www.minimal4design.com\/en\/\",\"name\":\"minimal4design\",\"description\":\"PORTF\\u00d3LIO | N\\u00e1vrh a dizajn interi\\u00e9ru | minimal4design\",\"potentialAction\":[{\"@type\":\"SearchAction\",\"target\":\"https:\/\/www.minimal4design.com\/en\/?s={search_term_string}\",\"query-input\":\"required name=search_term_string\"}],\"inLanguage\":\"en-GB\"},{\"@type\":\"ImageObject\",\"@id\":\"https:\/\/www.minimal4design.com\/thankyou\/#primaryimage\",\"inLanguage\":\"en-GB\",\"url\":\"http:\/\/www.minimal4design.com\/wp-content\/uploads\/2021\/05\/Shared-from-Lightroom-mobile2.jpg\",\"contentUrl\":\"http:\/\/www.minimal4design.com\/wp-content\/uploads\/2021\/05\/Shared-from-Lightroom-mobile2.jpg\"},{\"@type\":\"WebPage\",\"@id\":\"https:\/\/www.minimal4design.com\/thankyou\/#webpage\",\"url\":\"https:\/\/www.minimal4design.com\/thankyou\/\",\"name\":\"THANK YOU - minimal4design\",\"isPartOf\":{\"@id\":\"https:\/\/www.minimal4design.com\/en\/#website\"},\"primaryImageOfPage\":{\"@id\":\"https:\/\/www.minimal4design.com\/thankyou\/#primaryimage\"},\"datePublished\":\"2021-05-24T18:57:16+00:00\",\"dateModified\":\"2021-06-14T22:28:05+00:00\",\"breadcrumb\":{\"@id\":\"https:\/\/www.minimal4design.com\/thankyou\/#breadcrumb\"},\"inLanguage\":\"en-GB\",\"potentialAction\":[{\"@type\":\"ReadAction\",\"target\":[\"https:\/\/www.minimal4design.com\/thankyou\/\"]}]},{\"@type\":\"BreadcrumbList\",\"@id\":\"https:\/\/www.minimal4design.com\/thankyou\/#breadcrumb\",\"itemListElement\":[{\"@type\":\"ListItem\",\"position\":1,\"item\":{\"@type\":\"WebPage\",\"@id\":\"https:\/\/www.minimal4design.com\/\",\"url\":\"https:\/\/www.minimal4design.com\/\",\"name\":\"Domovsk\\u00e1 str\\u00e1nka\"}},{\"@type\":\"ListItem\",\"position\":2,\"item\":{\"@id\":\"https:\/\/www.minimal4design.com\/thankyou\/#webpage\"}}]}]}<\/script>\n<!-- \/ Yoast SEO plugin. -->","_links":{"self":[{"href":"https:\/\/www.minimal4design.com\/en\/wp-json\/wp\/v2\/pages\/1027"}],"collection":[{"href":"https:\/\/www.minimal4design.com\/en\/wp-json\/wp\/v2\/pages"}],"about":[{"href":"https:\/\/www.minimal4design.com\/en\/wp-json\/wp\/v2\/types\/page"}],"author":[{"embeddable":true,"href":"https:\/\/www.minimal4design.com\/en\/wp-json\/wp\/v2\/users\/2"}],"replies":[{"embeddable":true,"href":"https:\/\/www.minimal4design.com\/en\/wp-json\/wp\/v2\/comments?post=1027"}],"version-history":[{"count":6,"href":"https:\/\/www.minimal4design.com\/en\/wp-json\/wp\/v2\/pages\/1027\/revisions"}],"predecessor-version":[{"id":1686,"href":"https:\/\/www.minimal4design.com\/en\/wp-json\/wp\/v2\/pages\/1027\/revisions\/1686"}],"wp:attachment":[{"href":"https:\/\/www.minimal4design.com\/en\/wp-json\/wp\/v2\/media?parent=1027"}],"curies":[{"name":"wp","href":"https:\/\/api.w.org\/{rel}","templated":true}]}}