{"id":12,"date":"2021-04-26T20:14:18","date_gmt":"2021-04-26T20:14:18","guid":{"rendered":"https:\/\/www.minimal4design.com\/?page_id=12"},"modified":"2022-08-02T15:35:32","modified_gmt":"2022-08-02T15:35:32","slug":"o-mne-interierovy-architekt","status":"publish","type":"page","link":"https:\/\/www.minimal4design.com\/en\/o-mne-interierovy-architekt\/","title":{"rendered":"ABOUT"},"content":{"rendered":"<div data-elementor-type=\"wp-page\" data-elementor-id=\"12\" class=\"elementor elementor-12\" data-elementor-settings=\"[]\">\n\t\t\t\t\t\t\t<div class=\"elementor-section-wrap\">\n\t\t\t\t\t\t\t<section class=\"elementor-section elementor-top-section elementor-element elementor-element-54d69dc elementor-section-boxed elementor-section-height-default elementor-section-height-default\" data-id=\"54d69dc\" data-element_type=\"section\">\n\t\t\t\t\t\t<div class=\"elementor-container elementor-column-gap-default\">\n\t\t\t\t\t<div class=\"elementor-column elementor-col-100 elementor-top-column elementor-element elementor-element-9156184\" data-id=\"9156184\" data-element_type=\"column\">\n\t\t\t<div class=\"elementor-widget-wrap elementor-element-populated\">\n\t\t\t\t\t\t\t\t<div class=\"elementor-element elementor-element-9c561e0 elementor-widget elementor-widget-heading\" data-id=\"9c561e0\" data-element_type=\"widget\" data-widget_type=\"heading.default\">\n\t\t\t\t<div class=\"elementor-widget-container\">\n\t\t\t<h1 class=\"elementor-heading-title elementor-size-default\">ABOUT<\/h1>\t\t<\/div>\n\t\t\t\t<\/div>\n\t\t\t\t<section class=\"elementor-section elementor-inner-section elementor-element elementor-element-631f84f elementor-section-boxed elementor-section-height-default elementor-section-height-default\" data-id=\"631f84f\" data-element_type=\"section\">\n\t\t\t\t\t\t<div class=\"elementor-container elementor-column-gap-default\">\n\t\t\t\t\t<div class=\"elementor-column elementor-col-33 elementor-inner-column elementor-element elementor-element-f488cd6\" data-id=\"f488cd6\" data-element_type=\"column\">\n\t\t\t<div class=\"elementor-widget-wrap elementor-element-populated\">\n\t\t\t\t\t\t\t\t<div class=\"elementor-element elementor-element-984b188 elementor-widget elementor-widget-image\" data-id=\"984b188\" data-element_type=\"widget\" data-widget_type=\"image.default\">\n\t\t\t\t<div class=\"elementor-widget-container\">\n\t\t\t\t\t\t\t\t\t\t\t\t\t\t\t<img width=\"1366\" height=\"2048\" src=\"https:\/\/www.minimal4design.com\/wp-content\/uploads\/2021\/05\/Shared-from-Lightroom-mobile-1.jpg\" class=\"attachment-full size-full\" alt=\"Erika Csuportova\" loading=\"lazy\" srcset=\"https:\/\/www.minimal4design.com\/wp-content\/uploads\/2021\/05\/Shared-from-Lightroom-mobile-1.jpg 1366w, https:\/\/www.minimal4design.com\/wp-content\/uploads\/2021\/05\/Shared-from-Lightroom-mobile-1-200x300.jpg 200w, https:\/\/www.minimal4design.com\/wp-content\/uploads\/2021\/05\/Shared-from-Lightroom-mobile-1-683x1024.jpg 683w, https:\/\/www.minimal4design.com\/wp-content\/uploads\/2021\/05\/Shared-from-Lightroom-mobile-1-768x1151.jpg 768w, https:\/\/www.minimal4design.com\/wp-content\/uploads\/2021\/05\/Shared-from-Lightroom-mobile-1-1025x1536.jpg 1025w, https:\/\/www.minimal4design.com\/wp-content\/uploads\/2021\/05\/Shared-from-Lightroom-mobile-1-8x12.jpg 8w\" sizes=\"(max-width: 1366px) 100vw, 1366px\" \/>\t\t\t\t\t\t\t\t\t\t\t\t\t\t\t<\/div>\n\t\t\t\t<\/div>\n\t\t\t\t<div class=\"elementor-element elementor-element-3d39529 elementor-widget elementor-widget-heading\" data-id=\"3d39529\" data-element_type=\"widget\" data-widget_type=\"heading.default\">\n\t\t\t\t<div class=\"elementor-widget-container\">\n\t\t\t<h4 class=\"elementor-heading-title elementor-size-default\">Erika Csuportova<\/h4>\t\t<\/div>\n\t\t\t\t<\/div>\n\t\t\t\t<div class=\"elementor-element elementor-element-5de9780 elementor-widget-divider--view-line elementor-widget elementor-widget-divider\" data-id=\"5de9780\" data-element_type=\"widget\" data-widget_type=\"divider.default\">\n\t\t\t\t<div class=\"elementor-widget-container\">\n\t\t\t\t\t<div class=\"elementor-divider\">\n\t\t\t<span class=\"elementor-divider-separator\">\n\t\t\t\t\t\t<\/span>\n\t\t<\/div>\n\t\t\t\t<\/div>\n\t\t\t\t<\/div>\n\t\t\t\t<div class=\"elementor-element elementor-element-956107c elementor-widget elementor-widget-heading\" data-id=\"956107c\" data-element_type=\"widget\" data-widget_type=\"heading.default\">\n\t\t\t\t<div class=\"elementor-widget-container\">\n\t\t\t<h4 class=\"elementor-heading-title elementor-size-default\"><a href=\"https:\/\/www.minimal4design.com\/en\/kontakt\/\">erika@minimal4design.com<\/a><\/h4>\t\t<\/div>\n\t\t\t\t<\/div>\n\t\t\t\t\t<\/div>\n\t\t<\/div>\n\t\t\t\t<div class=\"elementor-column elementor-col-33 elementor-inner-column elementor-element elementor-element-3a881ab\" data-id=\"3a881ab\" data-element_type=\"column\">\n\t\t\t<div class=\"elementor-widget-wrap elementor-element-populated\">\n\t\t\t\t\t\t\t\t<div class=\"elementor-element elementor-element-d726407 elementor-widget elementor-widget-heading\" data-id=\"d726407\" data-element_type=\"widget\" data-widget_type=\"heading.default\">\n\t\t\t\t<div class=\"elementor-widget-container\">\n\t\t\t<h4 class=\"elementor-heading-title elementor-size-default\">Ak uva\u017eujete o tom, ako zariadi\u0165 svoj nov\u00fd domov alebo prerobi\u0165 ten s\u00fa\u010dasn\u00fd, ste na spr\u00e1vnom mieste. Mo\u017eno v\u00e1m in\u0161pir\u00e1cia ani nech\u00fdba, mo\u017eno aj viete \u010do sa v\u00e1m p\u00e1\u010di alebo naopak \u00faplne nep\u00e1\u010di, ale ako to cel\u00e9 da\u0165 dokopy? Kde vlastne za\u010da\u0165? Rada v\u00e1m s podobn\u00fdmi dilemami porad\u00edm a pr\u00eddem v\u00e1m na pomoc. \n\n<br><br>\nIf you are attracted to modern timeless interiors, then we already have something in common. \n\n <br><br>\n\nHi, I am Erika, the founder of minimal4design. What started out as a passion, got its official form. As a former economist, I decided to undergo a big change and dive into the study programs of great architects, both in Slovakia and in the UK.\n<br><br>\n \n\nHere at minimimal4design, it is not just about minimal interiors as the name suggests but it brings in the \"minimal\" to feel pampered and truly at home.\n\n \n<br><br>\nI am a fan of monochromatic and neutral concepts. It makes the interior feel calm, timeless & dramatic at the same time. Contemporary art combined with interior design gives a space that elevated look to inspire & impress.\n<br><br>\n \n\nMy mission is to create a home considering all your needs, with the flow of the space in mind, making the best from it. Even a small space can handle a big design, no need to compromise. Coming up with creative ways to keep the outside minimal. I listen to you. <b>Let your home reflect you!<\/b> ...and maybe not even Mondays will feel draining anymore :)<br><br>\n\nI would be happy to hear from you, don\u00b4t hesitate to<a href=\"https:\/\/www.minimal4design.com\/en\/kontakt\/\"> <u>contact me<\/u><\/a> for a non-binding price offer.<\/h4>\t\t<\/div>\n\t\t\t\t<\/div>\n\t\t\t\t\t<\/div>\n\t\t<\/div>\n\t\t\t\t<div class=\"elementor-column elementor-col-33 elementor-inner-column elementor-element elementor-element-716944c\" data-id=\"716944c\" data-element_type=\"column\">\n\t\t\t<div class=\"elementor-widget-wrap\">\n\t\t\t\t\t\t\t\t\t<\/div>\n\t\t<\/div>\n\t\t\t\t\t\t\t<\/div>\n\t\t<\/section>\n\t\t\t\t\t<\/div>\n\t\t<\/div>\n\t\t\t\t\t\t\t<\/div>\n\t\t<\/section>\n\t\t\t\t\t\t<\/div>\n\t\t\t\t\t<\/div>","protected":false},"excerpt":{"rendered":"<p>O MNE Erika Csuportova erika@minimal4design.com Ak uva\u017eujete o tom, ako zariadi\u0165 svoj nov\u00fd domov alebo prerobi\u0165 ten s\u00fa\u010dasn\u00fd, ste na spr\u00e1vnom mieste. Mo\u017eno v\u00e1m in\u0161pir\u00e1cia ani nech\u00fdba, mo\u017eno aj viete \u010do sa v\u00e1m p\u00e1\u010di alebo naopak \u00faplne nep\u00e1\u010di, ale ako to cel\u00e9 da\u0165 dokopy? Kde vlastne za\u010da\u0165? Rada v\u00e1m s podobn\u00fdmi dilemami porad\u00edm a pr\u00eddem &hellip;<\/p>\n<p class=\"read-more\"> <a class=\"\" href=\"https:\/\/www.minimal4design.com\/en\/o-mne-interierovy-architekt\/\"> <span class=\"screen-reader-text\">ABOUT<\/span> Read More &raquo;<\/a><\/p>","protected":false},"author":1,"featured_media":1049,"parent":0,"menu_order":0,"comment_status":"closed","ping_status":"closed","template":"","meta":[],"yoast_head":"<!-- This site is optimized with the Yoast SEO plugin v16.2 - https:\/\/yoast.com\/wordpress\/plugins\/seo\/ -->\n<title>O MNE - minimal4design<\/title>\n<meta name=\"description\" content=\"Som Erika, zakladate\u013eka minimal4design. Ak v\u00e1s l\u00e1kaj\u00fa modern\u00e9 nad\u010dasov\u00e9 interi\u00e9ry, tak n\u00e1s to oboch vedie rovnak\u00fdm smerom.\" \/>\n<meta name=\"robots\" content=\"index, follow, max-snippet:-1, max-image-preview:large, max-video-preview:-1\" \/>\n<link rel=\"canonical\" href=\"https:\/\/www.minimal4design.com\/en\/o-mne-interierovy-architekt\/\" \/>\n<meta property=\"og:locale\" content=\"en_GB\" \/>\n<meta property=\"og:type\" content=\"article\" \/>\n<meta property=\"og:title\" content=\"O MNE - minimal4design\" \/>\n<meta property=\"og:description\" content=\"Som Erika, zakladate\u013eka minimal4design. Ak v\u00e1s l\u00e1kaj\u00fa modern\u00e9 nad\u010dasov\u00e9 interi\u00e9ry, tak n\u00e1s to oboch vedie rovnak\u00fdm smerom.\" \/>\n<meta property=\"og:url\" content=\"https:\/\/www.minimal4design.com\/en\/o-mne-interierovy-architekt\/\" \/>\n<meta property=\"og:site_name\" content=\"minimal4design\" \/>\n<meta property=\"article:modified_time\" content=\"2022-08-02T15:35:32+00:00\" \/>\n<meta property=\"og:image\" content=\"http:\/\/www.minimal4design.com\/wp-content\/uploads\/2021\/05\/Shared-from-Lightroom-mobile-1.jpg\" \/>\n\t<meta property=\"og:image:width\" content=\"1366\" \/>\n\t<meta property=\"og:image:height\" content=\"2048\" \/>\n<meta name=\"twitter:card\" content=\"summary_large_image\" \/>\n<meta name=\"twitter:label1\" content=\"Estimated reading time\">\n\t<meta name=\"twitter:data1\" content=\"2 minutes\">\n<script type=\"application\/ld+json\" class=\"yoast-schema-graph\">{\"@context\":\"https:\/\/schema.org\",\"@graph\":[{\"@type\":\"WebSite\",\"@id\":\"https:\/\/www.minimal4design.com\/en\/#website\",\"url\":\"https:\/\/www.minimal4design.com\/en\/\",\"name\":\"minimal4design\",\"description\":\"PORTF\\u00d3LIO | N\\u00e1vrh a dizajn interi\\u00e9ru | minimal4design\",\"potentialAction\":[{\"@type\":\"SearchAction\",\"target\":\"https:\/\/www.minimal4design.com\/en\/?s={search_term_string}\",\"query-input\":\"required name=search_term_string\"}],\"inLanguage\":\"en-GB\"},{\"@type\":\"ImageObject\",\"@id\":\"https:\/\/www.minimal4design.com\/o-mne-interierovy-architekt\/#primaryimage\",\"inLanguage\":\"en-GB\",\"url\":\"https:\/\/www.minimal4design.com\/wp-content\/uploads\/2021\/05\/Shared-from-Lightroom-mobile-1.jpg\",\"contentUrl\":\"https:\/\/www.minimal4design.com\/wp-content\/uploads\/2021\/05\/Shared-from-Lightroom-mobile-1.jpg\",\"width\":1366,\"height\":2048,\"caption\":\"Erika Csuportova\"},{\"@type\":\"WebPage\",\"@id\":\"https:\/\/www.minimal4design.com\/o-mne-interierovy-architekt\/#webpage\",\"url\":\"https:\/\/www.minimal4design.com\/o-mne-interierovy-architekt\/\",\"name\":\"O MNE - minimal4design\",\"isPartOf\":{\"@id\":\"https:\/\/www.minimal4design.com\/en\/#website\"},\"primaryImageOfPage\":{\"@id\":\"https:\/\/www.minimal4design.com\/o-mne-interierovy-architekt\/#primaryimage\"},\"datePublished\":\"2021-04-26T20:14:18+00:00\",\"dateModified\":\"2022-08-02T15:35:32+00:00\",\"description\":\"Som Erika, zakladate\\u013eka minimal4design. Ak v\\u00e1s l\\u00e1kaj\\u00fa modern\\u00e9 nad\\u010dasov\\u00e9 interi\\u00e9ry, tak n\\u00e1s to oboch vedie rovnak\\u00fdm smerom.\",\"breadcrumb\":{\"@id\":\"https:\/\/www.minimal4design.com\/o-mne-interierovy-architekt\/#breadcrumb\"},\"inLanguage\":\"en-GB\",\"potentialAction\":[{\"@type\":\"ReadAction\",\"target\":[\"https:\/\/www.minimal4design.com\/o-mne-interierovy-architekt\/\"]}]},{\"@type\":\"BreadcrumbList\",\"@id\":\"https:\/\/www.minimal4design.com\/o-mne-interierovy-architekt\/#breadcrumb\",\"itemListElement\":[{\"@type\":\"ListItem\",\"position\":1,\"item\":{\"@type\":\"WebPage\",\"@id\":\"https:\/\/www.minimal4design.com\/\",\"url\":\"https:\/\/www.minimal4design.com\/\",\"name\":\"Domovsk\\u00e1 str\\u00e1nka\"}},{\"@type\":\"ListItem\",\"position\":2,\"item\":{\"@id\":\"https:\/\/www.minimal4design.com\/o-mne-interierovy-architekt\/#webpage\"}}]}]}<\/script>\n<!-- \/ Yoast SEO plugin. -->","_links":{"self":[{"href":"https:\/\/www.minimal4design.com\/en\/wp-json\/wp\/v2\/pages\/12"}],"collection":[{"href":"https:\/\/www.minimal4design.com\/en\/wp-json\/wp\/v2\/pages"}],"about":[{"href":"https:\/\/www.minimal4design.com\/en\/wp-json\/wp\/v2\/types\/page"}],"author":[{"embeddable":true,"href":"https:\/\/www.minimal4design.com\/en\/wp-json\/wp\/v2\/users\/1"}],"replies":[{"embeddable":true,"href":"https:\/\/www.minimal4design.com\/en\/wp-json\/wp\/v2\/comments?post=12"}],"version-history":[{"count":6,"href":"https:\/\/www.minimal4design.com\/en\/wp-json\/wp\/v2\/pages\/12\/revisions"}],"predecessor-version":[{"id":1842,"href":"https:\/\/www.minimal4design.com\/en\/wp-json\/wp\/v2\/pages\/12\/revisions\/1842"}],"wp:featuredmedia":[{"embeddable":true,"href":"https:\/\/www.minimal4design.com\/en\/wp-json\/wp\/v2\/media\/1049"}],"wp:attachment":[{"href":"https:\/\/www.minimal4design.com\/en\/wp-json\/wp\/v2\/media?parent=12"}],"curies":[{"name":"wp","href":"https:\/\/api.w.org\/{rel}","templated":true}]}}