{"id":130,"date":"2021-04-26T21:15:46","date_gmt":"2021-04-26T21:15:46","guid":{"rendered":"https:\/\/www.minimal4design.com\/?page_id=130"},"modified":"2021-06-03T20:35:02","modified_gmt":"2021-06-03T20:35:02","slug":"ochrana-osobnych-udajov","status":"publish","type":"page","link":"https:\/\/www.minimal4design.com\/en\/ochrana-osobnych-udajov\/","title":{"rendered":"Ochrana osobn\u00fdch \u00fadajov |"},"content":{"rendered":"<div data-elementor-type=\"wp-page\" data-elementor-id=\"130\" class=\"elementor elementor-130\" data-elementor-settings=\"[]\">\n\t\t\t\t\t\t\t<div class=\"elementor-section-wrap\">\n\t\t\t\t\t\t\t<section class=\"elementor-section elementor-top-section elementor-element elementor-element-8aaf6e1 elementor-section-boxed elementor-section-height-default elementor-section-height-default\" data-id=\"8aaf6e1\" data-element_type=\"section\">\n\t\t\t\t\t\t<div class=\"elementor-container elementor-column-gap-default\">\n\t\t\t\t\t<div class=\"elementor-column elementor-col-100 elementor-top-column elementor-element elementor-element-3a68482\" data-id=\"3a68482\" data-element_type=\"column\">\n\t\t\t<div class=\"elementor-widget-wrap elementor-element-populated\">\n\t\t\t\t\t\t\t\t<div class=\"elementor-element elementor-element-9f27d52 elementor-widget elementor-widget-text-editor\" data-id=\"9f27d52\" data-element_type=\"widget\" data-widget_type=\"text-editor.default\">\n\t\t\t\t<div class=\"elementor-widget-container\">\n\t\t\t\t\t\t\t\t<div class=\"_2egft\"><div id=\"Containerhe5u8\" class=\"_1Cfot\"><div class=\"\" data-mesh-id=\"Containerhe5u8inlineContent\" data-testid=\"inline-content\"><div data-mesh-id=\"Containerhe5u8inlineContent-gridContainer\" data-testid=\"mesh-container-content\"><div id=\"comp-kjj20jwu\" class=\"_2bafp\" data-testid=\"richTextElement\"><p class=\"font_8\"><strong>Privacy Policy<\/strong><\/p><p class=\"font_8\"><span class=\"wixGuard\">\u200b<\/span>We understand that your privacy is important to you and that you care about how your personal data is used and shared online. We respect and value the privacy of everyone who visits this website,\u00a0<a href=\"http:\/\/www.medicinbal.sk\/\" target=\"_blank\" rel=\"noopener\">www.minimal4design.com<\/a>\u00a0(\u201cour Site\u201d) and will only collect and use personal data in ways that are described here, and in a manner that is consistent with our obligations and your rights under the law.\n\n <br> <br>\n\nPlease read this Privacy Policy carefully and ensure that you understand it.  Your acceptance of our Privacy Policy is deemed to occur upon your first use of our Site.  If you do not accept and agree with this Privacy Policy, you must stop using our Site immediately.<\/p><ol class=\"font_8\"><li><p class=\"font_8\">Definitions and Interpretation<\/p><\/li><\/ol><p class=\"font_8\">In this Policy, the following terms shall have the following meanings:<\/p><p class=\"font_8\">\u201cCookie\u201d means a small text file placed on your computer or device by our Site when you visit certain parts of our Site and\/or when you use certain features of our Site.  Details of the Cookies used by our Site are set out in clause 13, below;\n <br>\n\u201cPersonal data\u201d means any and all data that relates to an identifiable person who can be directly or indirectly identified from that data. In this case, it means personal data that you give to us via our Site. This definition shall, where applicable, incorporate the definitions provided in the General Data Protection Regulation 2016\/679 (\u201cGDPR\u201d); and\n <br>\n\u201cWe\/Us\/Our\u201d means minimal4design s.r.o., a company registered in Slovak Republic under company number 52 502 236, whose registered address is at Ra\u010dianska 88B, Bratislava 831 02, Slovakia, entered in the Commercial Register of the District Court Bratislava I, Section: Sro, File no. 139349\/B.<\/p><p class=\"font_8\">Information About Us<\/p><p class=\"font_8\">Osobn\u00fdmi \u00fadajmi znamenaj\u00fa v\u0161etky inform\u00e1cie, ktor\u00e9 identifikuj\u00fa alebo m\u00f4\u017eu identifikova\u0165 konkr\u00e9tnu fyzick\u00fa osobu. Osobn\u00fdmi \u00fadajmi s\u00fa najm\u00e4 (ale nie v\u00fdlu\u010dne):<\/p><ul class=\"font_8\"><li><p class=\"font_8\">1.\n\nWe own and operate this Site.<\/p><\/li><li><p class=\"font_8\">2.\n\nOur main point of contact for data protection related queries is Erika Csuportova and they can be contacted by email at erika@minimal4design.com<\/p><\/li><li><p class=\"font_8\">other data, such as information obtained through cookies, IP address (network identifier), including the type of browser, device and operating system, time and number of accesses to the website and other similar information.<\/p><\/li><\/ul><ol class=\"font_8\"><li><p class=\"font_8\">DATA COLLECTION AND USE<\/p><\/li><\/ol><p class=\"font_8\">What Does This Policy Cover?<\/p><p class=\"font_8 translation-block\">This Privacy Policy applies only to your use of our Site.  Our Site may contain links to other websites.  Please note that we have no control over how your data is collected, stored or used by other websites and we advise you to check the privacy policies of any such websites before providing any data to them.<\/p><p class=\"font_8\">Your Rights<\/p><ul class=\"font_8\"><li><p class=\"font_8\">As a data subject, you have the following rights under the GDPR, which this Policy and our use of personal data have been designed to uphold:<\/p><\/li><li><p class=\"font_8\">The right to be informed about our collection and use of personal data;<\/p><\/li><li><p class=\"font_8\">The right of access to the personal data we hold about you (see clause 12);<\/p><\/li><li><p class=\"font_8\">The right to rectification if any personal data we hold about you is inaccurate or incomplete (please contact us using the details in clause 14);<\/p><\/li><\/ul><p class=\"font_8\">The right to restrict (i.e. prevent) the processing of your personal data;\n<br><br>\nThe right to data portability (obtaining a copy of your personal data to re-use with another service or organisation);\n<br><br>\nThe right to object to us using your personal data for particular purposes; and\n<br><br>\nRights with respect to automated decision making and profiling.<\/p><p class=\"font_8\">If you have any cause for complaint about our use of your personal data, please contact us using the details provided in clause 14 and we will do our best to solve the problem for you.  If we are unable to help, you also have the right to lodge a complaint with the UK\u2019s supervisory authority, the Information Commissioner\u2019s Office.<\/p><p class=\"font_8\">For further information about your rights, please contact the Information Commissioner\u2019s Office or your local Citizens\u2019 Advice Bureau.<br \/>Ak n\u00e1m udel\u00edte v\u00fdslovn\u00fd s\u00fahlas so spracovan\u00edm osobn\u00fdch \u00fadajov alebo ak u\u017e\u00edvame va\u0161u e-mailov\u00fa adresu pre zasielanie obchodn\u00fdch ozn\u00e1men\u00ed v s\u00falade s predch\u00e1dzaj\u00facim \u010dl\u00e1nkom, bud\u00fa \u00fadaje vyu\u017eit\u00e9 po dobu fungovania webovej str\u00e1nky.<\/p><ol class=\"font_8\"><li><p class=\"font_8\">What Data Do We Collect?<\/p><\/li><\/ol><p class=\"font_8\">Depending upon your use of our Site, we may collect some or all of the following personal and non-personal data (please also see clause 13 on our use of Cookies and similar technologies):<\/p><p class=\"font_8\">name;<br \/>address;<\/p><ul class=\"font_8\"><li><p class=\"font_8\">contact information such as email address and telephone number;<\/p><\/li><li><p class=\"font_8\">demographic information such as post code, preferences, and interests;<\/p><\/li><li><p class=\"font_8\">IP address;<\/p><\/li><\/ul><p class=\"font_8\">web browser type and version; and\n<br>\n\n\noperating system.<\/p><p class=\"font_8\">How Do We Use Your Data?<\/p><p class=\"font_8\">All personal data is processed and stored securely, for no longer than is necessary in light of the reason(s) for which it was first collected.  We will comply with our obligations and safeguard your rights under the GDPR at all times.  For more details on security, see clause 7 below.\n<br><br>\nOur use of your personal data will always have a lawful basis, either because it is necessary for our performance of a contract with you, because you have consented to our use of your personal data (e.g. by subscribing to emails), or because it is in our legitimate interests. Specifically, we may use your data for the following purposes:<\/p><ul class=\"font_8\"><li><p class=\"font_8\">Providing and managing your access to our Site;<\/p><\/li><li><p class=\"font_8\">Personalising and tailoring your experience on our Site;<\/p><\/li><li><p class=\"font_8\">Supplying our services to you (please note that we require your personal data in order to enter into a contract with you);<\/p><\/li><li><p class=\"font_8\">Replying to emails from you;\n<br>\n\n\nSupplying you with emails that you have opted into (you may unsubscribe or opt-out at any time);<\/p><\/li><\/ul><p class=\"font_8\">Analysing your use of our Site to enable us to continually improve our Site and your user experience.<\/p><p class=\"font_8\">With your permission and\/or where permitted by law, we may also use your data for marketing purposes, which may include contacting you by email with information, news and offers on our services.  We will not, however, send you any unsolicited marketing or spam and will take all reasonable steps to ensure that we fully protect your rights and comply with our obligations under GDPR and the Privacy and Electronic Communications (EC Directive) Regulations 2003.<\/p><p class=\"font_8\">Third parties whose content appears on our Site may use third party Cookies, as detailed below in clause 13.  Please refer to clause 13 for more information on controlling Cookies.  Please note that we do not control the activities of such third parties or the data they collect and use, and we advise you to check the privacy policies of any such third parties.<\/p><p class=\"font_8\">You have the right to withdraw your consent to us using your personal data at any time and to request that we delete it.<\/p><p class=\"font_8\">We do not keep your personal data for any longer than is necessary in light of the reason(s) for which it was first collected.<\/p><p class=\"font_8\">How and Where Do We Store Your Data?<\/p><p class=\"font_8\">How and Where Do We Store Your Data?<\/p><ul class=\"font_8\"><li><p class=\"font_8\">We only keep your personal data for as long as we need to in order to use it as described above in clause 6, and\/or for as long as we have your permission to keep it.<\/p><\/li><li><p class=\"font_8\">Your data will be stored in Slovakia.<\/p><\/li><li><p class=\"font_8\">Data security is very important to us and to protect your data, we have taken suitable measures to safeguard and secure data collected through our Site.<\/p><\/li><li><p class=\"font_8\">osobn\u00e9 \u00fadaje boli spracov\u00e1van\u00e9 nez\u00e1konne.<\/p><\/li><\/ul><p class=\"font_8\">Ak neexistuj\u00fa z\u00e1konn\u00e9 d\u00f4vody pre odmietnutie vymazanie, sme povinn\u00ed va\u0161ej \u017eiadosti vyhovie\u0165.<\/p><p class=\"font_8\">3.5. Pr\u00e1vo na obmedzenie spracovania<\/p><p class=\"font_8\">Do We Share Your Data?<\/p><ul class=\"font_8\"><li><p class=\"font_8\">We may sometimes contract with other third parties to supply services to you on our behalf.  These may include search engine facilities, sub-contractors and suppliers, affiliates and joint ventures.  In some cases, these third parties may require access to some or all of your data.  Where any of your data is required for such a purpose, we will take all reasonable steps to ensure that your data will be handled safely, securely and in accordance with your rights, our obligations, and the obligations of the third party under the law.<\/p><\/li><li><p class=\"font_8\">We may compile statistics about the use of our Site including data on traffic, usage patterns, user numbers, sales and other information. All such data will be anonymised and will not include any personally identifying data or any anonymised data that can be combined with other data and used to identify you.  We may, from time to time, share such data with third parties such as prospective investors, affiliates, partners and advertisers.  Data will only be shared and used within the bounds of the law.<\/p><\/li><li><p class=\"font_8\">We may sometimes use third party data processors that are located outside of the European Economic Area (\u201cthe EEA\u201d) (The EEA consists of all EU member states, plus Norway, Iceland and Liechtenstein, UK).  Where we transfer any personal data outside the EEA, we will take all reasonable steps to ensure that your data is treated as safely and securely as it would be within Slovakia and under the GDPR.<\/p><\/li><li><p class=\"font_8\">In certain circumstances, we may be legally required to share certain data held by us, which may include your personal data, for example, where we are involved in legal proceedings, where we are complying with legal requirements, a court order or a governmental authority.<\/p><\/li><\/ul><p class=\"font_8 translation-block\">What Happens If Our Business Changes Hands?<\/p><p class=\"font_8\">We may, from time to time, expand or reduce our business and this may involve the sale and\/or the transfer of control of all or part of our business.  Any personal data that you have provided will, where it is relevant to any part of our business that is being transferred, be transferred along with that part and the new owner or newly controlling party will, under the terms of this Privacy Policy, be permitted to use that data only for the same purposes for which it was originally collected by us.<\/p><p class=\"font_8\">In the event that any of your data is to be transferred in such a manner, you will not be contacted in advance and informed of the changes.<\/p><p class=\"font_8\">How Can You Control Your Data?<\/p><p class=\"font_8\">In addition to your rights under the GDPR, set out in clause 4, when you submit personal data to us via email or via our Site, you may be given options to restrict our use of your data.  In particular, we aim to give you strong controls on our use of your data for direct marketing purposes (including the ability to opt-out of receiving emails from us which you may do by unsubscribing using the links provided in our emails and at the point of providing your details).<\/p><p class=\"font_8\">You may also wish to sign up to one or more of the preference services operating in the UK: The Telephone Preference Service (\u201cthe TPS\u201d), the Corporate Telephone Preference Service (\u201cthe CTPS\u201d), and the Mailing Preference Service (\u201cthe MPS\u201d).  These may help to prevent you receiving unsolicited marketing.  Please note, however, that these services will not prevent you from receiving marketing communications that you have consented to receiving.<\/p><p class=\"font_8\">Ak sa najm\u00e4 va\u0161e bydlisko, miesto v\u00fdkonu zamestnania alebo miesto \u00fadajn\u00e9ho poru\u0161enia ochrany osobn\u00fdch \u00fadajov nach\u00e1dza mimo Slovenska v inom \u010dlenskom \u0161t\u00e1te Eur\u00f3pskej \u00fanie, m\u00f4\u017eete sa obr\u00e1ti\u0165 na pr\u00edslu\u0161n\u00fd dozorn\u00fd \u00farad v tomto \u010dlenskom \u0161t\u00e1te. Pre Slovensk\u00fa republiku je to \u00darad na ochranu osobn\u00fdch udajov (<a href=\"http:\/\/www.dataprotection.gov.sk\/\" target=\"_blank\" rel=\"noopener\">http:\/\/www.dataprotection.gov.sk<\/a>)<\/p><ol class=\"font_8\"><li><p class=\"font_8\">MANAGEMENT and processing of personal data<\/p><\/li><\/ol><p class=\"font_8\">4.1. How do we manage and process your personal data?<\/p><p class=\"font_8\">Your Right to Withhold Information<\/p><p class=\"font_8\">You may access certain areas of our Site without providing any data at all.  However, to use all features and functions available on our Site, you may be required to submit or allow for the collection of certain data.<\/p><p class=\"font_8\">You may restrict our use of Cookies.  You can choose to enable or disable Cookies in your internet browser.  Most internet browsers also enable you to choose whether you wish to disable all cookies or only third party Cookies.  By default, most internet browsers accept Cookies but this can be changed.  For further details, please consult the help menu in your internet browser or the documentation that came with your device.<\/p><p class=\"font_8\">How Can You Access Your Data?<\/p><p class=\"font_8\">You have the right to ask for a copy of any of your personal data held by us (where such data is held).  Please contact us for more details using the contact details below in clause 14.<\/p><p class=\"font_8\">Our Use of Cookies<\/p><ol class=\"font_8\"><li><p class=\"font_8\">All Cookies used by and on our Site are used in accordance with current Cookie law.\n<br>\nWe may place and access the following first party and third party Cookies on your computer or device, to facilitate and improve your experience of our Site and to provide and improve our services:<\/p><\/li><\/ol><p class=\"font_8\">Cookie Name - Description & purpose<\/p><p class=\"font_8\">ForceFlashSite - When viewing a mobile site (old mobile under m.domain.com) it will force the server to display the   non-mobile version and avoid redirecting to the mobile site<\/p><p class=\"font_8\">hs - Security\n<br>\n       smSession - Identifies logged in site members<\/p><p class=\"font_8\">XSRF-TOKEN - Security\n<br>\n       svSession - Identifies unique visitors and tracks a visitor\u2019s sessions on a site<\/p><p class=\"font_8\">SSR-caching - Indicates how a site was rendered.<\/p><p class=\"font_8\">smSession - Identifies logged in site members\n<br>\n       TS* - Security\n<br>\n       TS01******* - Security<\/p><p class=\"font_8\">TSxxxxxxxx_d (where x is replaced with a random series of numbers and letters) - Security\n<br>\n       TSxxxxxxxx (where x is replaced with a random series of numbers and letters) - Security<\/p><ul class=\"font_8\"><li><p class=\"font_8\">First party Cookies are those placed directly by us and are used only by us.  Third party Cookies are those placed by websites, services and\/or parties other than us.  These Cookies are not integral to the functioning of our Site and your use and experience of our Site will not be impaired by refusing consent to them.<\/p><ul class=\"font_8\"><li><p class=\"font_8\">Before Cookies are placed on your computer or device, you will be shown a pop-up requesting your consent to set those Cookies.  By giving your consent to the placing of Cookies, you are enabling us to provide the best possible experience and service to you.  You may, if you wish, deny consent to the placing of Cookies; however certain features of our Site may not function fully or as intended.<\/p><\/li><li><p class=\"font_8\">Certain features of our Site depend on Cookies to function.  Cookie Law deems these Cookies to be \u201cstrictly necessary\u201d.  These Cookies are also shown above.  Your consent will not be sought to place these Cookies, but it is still important that you are aware of them.  You may still block these Cookies by changing your internet browser\u2019s settings as detailed in section 11.2, but please be aware that our Site may not work properly if you do so.  We have taken great care to ensure that your privacy is not at risk by allowing them.<\/p><\/li><\/ul><\/li><li><p class=\"font_8\">Our Site uses Google Analytics.  Website analytics refers to a set of tools used to collect and analyse anonymous usage information, enabling us to better understand how our Site is used.  This, in turn, enables us to improve our Site and the services offered through it. You do not have to allow us to use these Cookies, however our use of them does not pose any risk to your privacy or your safe use of our Site and they enable us to continually improve our Site, making it a better and more useful experience for you.  Google's privacy policy is available at: www.google.com\/policies\/privacy<\/p><ul class=\"font_8\"><li><p class=\"font_8\">You can choose to delete Cookies on your computer or device at any time, however you may lose any information that enables you to access our Site more quickly and efficiently.<\/p><\/li><li><p class=\"font_8\">It is recommended that you keep your internet browser and operating system up-to-date and that you consult the help and guidance provided by the developer of your internet browser and manufacturer of your computer or device if you are unsure about adjusting your privacy settings.<\/p><\/li><\/ul><\/li><\/ul><p class=\"font_8 translation-block\">1.Contacting Us\n<br>\nIf you have any questions about our Site or this Privacy Policy, please contact us by email at erika@minimal4design.com, by telephone on +421 948 024 281 or by post at Ra\u010dianska 88B, Bratislava 831 02, Slovakia. Please ensure that your query is clear, particularly if it is a request for information about the data we hold about you (as under clause 12, above).<\/p><p class=\"font_8\">1.Changes to Our Privacy Policy<\/p><p class=\"font_8 translation-block\">We may change this Privacy Policy from time to time (for example, if the law changes).  Any changes will be immediately posted on our Site and you will be deemed to have accepted the terms of the Privacy Policy on your first use of our Site following the alterations.  We recommend that you check this page regularly to keep up-to-date.<\/p><\/div><\/div><\/div><\/div><\/div>\t\t\t\t\t\t<\/div>\n\t\t\t\t<\/div>\n\t\t\t\t\t<\/div>\n\t\t<\/div>\n\t\t\t\t\t\t\t<\/div>\n\t\t<\/section>\n\t\t\t\t\t\t<\/div>\n\t\t\t\t\t<\/div>","protected":false},"excerpt":{"rendered":"<p>Ochrana osobn\u00fdch \u00fadajov \u200bTieto z\u00e1sady ochrany osobn\u00fdch \u00fadajov (\u010falej len\u201eZ\u00e1sady\u201c) opisuj\u00fa sp\u00f4sob z\u00edskavania, pou\u017e\u00edvanie a \u010fal\u0161ieho nakladania s osobn\u00fdmi \u00fadajmi z\u00edskan\u00fdmi prostredn\u00edctvom web str\u00e1nky\u00a0www.minimal4design.com\u00a0(\u010falej len \u201eweb\u201c alebo \u201ewebov\u00e1 str\u00e1nka\u201c), ktor\u00e9 prev\u00e1dzkuje spolo\u010dnos\u0165 minimal4design s.r.o., so s\u00eddlom Ra\u010dianska 88B, 831 02 Bratislava, I\u010cO : 52 502 236, zap\u00edsan\u00e1 v Obchodnom registri Okresn\u00e9ho s\u00fadu Bratislava I, Oddiel &hellip;<\/p>\n<p class=\"read-more\"> <a class=\"\" href=\"https:\/\/www.minimal4design.com\/en\/ochrana-osobnych-udajov\/\"> <span class=\"screen-reader-text\">Ochrana osobn\u00fdch \u00fadajov |<\/span> Read More &raquo;<\/a><\/p>","protected":false},"author":1,"featured_media":0,"parent":0,"menu_order":0,"comment_status":"closed","ping_status":"closed","template":"elementor_canvas","meta":[],"yoast_head":"<!-- This site is optimized with the Yoast SEO plugin v16.2 - https:\/\/yoast.com\/wordpress\/plugins\/seo\/ -->\n<title>Ochrana osobn\u00fdch \u00fadajov | minimal4design<\/title>\n<meta name=\"robots\" content=\"index, follow, max-snippet:-1, max-image-preview:large, max-video-preview:-1\" \/>\n<link rel=\"canonical\" href=\"https:\/\/www.minimal4design.com\/en\/ochrana-osobnych-udajov\/\" \/>\n<meta property=\"og:locale\" content=\"en_GB\" \/>\n<meta property=\"og:type\" content=\"article\" \/>\n<meta property=\"og:title\" content=\"Ochrana osobn\u00fdch \u00fadajov | minimal4design\" \/>\n<meta property=\"og:description\" content=\"Ochrana osobn\u00fdch \u00fadajov \u200bTieto z\u00e1sady ochrany osobn\u00fdch \u00fadajov (\u010falej len\u201eZ\u00e1sady\u201c) opisuj\u00fa sp\u00f4sob z\u00edskavania, pou\u017e\u00edvanie a \u010fal\u0161ieho nakladania s osobn\u00fdmi \u00fadajmi z\u00edskan\u00fdmi prostredn\u00edctvom web str\u00e1nky\u00a0www.minimal4design.com\u00a0(\u010falej len \u201eweb\u201c alebo \u201ewebov\u00e1 str\u00e1nka\u201c), ktor\u00e9 prev\u00e1dzkuje spolo\u010dnos\u0165 minimal4design s.r.o., so s\u00eddlom Ra\u010dianska 88B, 831 02 Bratislava, I\u010cO : 52 502 236, zap\u00edsan\u00e1 v Obchodnom registri Okresn\u00e9ho s\u00fadu Bratislava I, Oddiel &hellip; Ochrana osobn\u00fdch \u00fadajov | Read More &raquo;\" \/>\n<meta property=\"og:url\" content=\"https:\/\/www.minimal4design.com\/en\/ochrana-osobnych-udajov\/\" \/>\n<meta property=\"og:site_name\" content=\"minimal4design\" \/>\n<meta property=\"article:modified_time\" content=\"2021-06-03T20:35:02+00:00\" \/>\n<meta name=\"twitter:card\" content=\"summary_large_image\" \/>\n<meta name=\"twitter:label1\" content=\"Estimated reading time\">\n\t<meta name=\"twitter:data1\" content=\"8 minutes\">\n<script type=\"application\/ld+json\" class=\"yoast-schema-graph\">{\"@context\":\"https:\/\/schema.org\",\"@graph\":[{\"@type\":\"WebSite\",\"@id\":\"https:\/\/www.minimal4design.com\/en\/#website\",\"url\":\"https:\/\/www.minimal4design.com\/en\/\",\"name\":\"minimal4design\",\"description\":\"PORTF\\u00d3LIO | N\\u00e1vrh a dizajn interi\\u00e9ru | minimal4design\",\"potentialAction\":[{\"@type\":\"SearchAction\",\"target\":\"https:\/\/www.minimal4design.com\/en\/?s={search_term_string}\",\"query-input\":\"required name=search_term_string\"}],\"inLanguage\":\"en-GB\"},{\"@type\":\"WebPage\",\"@id\":\"https:\/\/www.minimal4design.com\/ochrana-osobnych-udajov\/#webpage\",\"url\":\"https:\/\/www.minimal4design.com\/ochrana-osobnych-udajov\/\",\"name\":\"Ochrana osobn\\u00fdch \\u00fadajov | minimal4design\",\"isPartOf\":{\"@id\":\"https:\/\/www.minimal4design.com\/en\/#website\"},\"datePublished\":\"2021-04-26T21:15:46+00:00\",\"dateModified\":\"2021-06-03T20:35:02+00:00\",\"breadcrumb\":{\"@id\":\"https:\/\/www.minimal4design.com\/ochrana-osobnych-udajov\/#breadcrumb\"},\"inLanguage\":\"en-GB\",\"potentialAction\":[{\"@type\":\"ReadAction\",\"target\":[\"https:\/\/www.minimal4design.com\/ochrana-osobnych-udajov\/\"]}]},{\"@type\":\"BreadcrumbList\",\"@id\":\"https:\/\/www.minimal4design.com\/ochrana-osobnych-udajov\/#breadcrumb\",\"itemListElement\":[{\"@type\":\"ListItem\",\"position\":1,\"item\":{\"@type\":\"WebPage\",\"@id\":\"https:\/\/www.minimal4design.com\/\",\"url\":\"https:\/\/www.minimal4design.com\/\",\"name\":\"Domovsk\\u00e1 str\\u00e1nka\"}},{\"@type\":\"ListItem\",\"position\":2,\"item\":{\"@id\":\"https:\/\/www.minimal4design.com\/ochrana-osobnych-udajov\/#webpage\"}}]}]}<\/script>\n<!-- \/ Yoast SEO plugin. -->","_links":{"self":[{"href":"https:\/\/www.minimal4design.com\/en\/wp-json\/wp\/v2\/pages\/130"}],"collection":[{"href":"https:\/\/www.minimal4design.com\/en\/wp-json\/wp\/v2\/pages"}],"about":[{"href":"https:\/\/www.minimal4design.com\/en\/wp-json\/wp\/v2\/types\/page"}],"author":[{"embeddable":true,"href":"https:\/\/www.minimal4design.com\/en\/wp-json\/wp\/v2\/users\/1"}],"replies":[{"embeddable":true,"href":"https:\/\/www.minimal4design.com\/en\/wp-json\/wp\/v2\/comments?post=130"}],"version-history":[{"count":6,"href":"https:\/\/www.minimal4design.com\/en\/wp-json\/wp\/v2\/pages\/130\/revisions"}],"predecessor-version":[{"id":1326,"href":"https:\/\/www.minimal4design.com\/en\/wp-json\/wp\/v2\/pages\/130\/revisions\/1326"}],"wp:attachment":[{"href":"https:\/\/www.minimal4design.com\/en\/wp-json\/wp\/v2\/media?parent=130"}],"curies":[{"name":"wp","href":"https:\/\/api.w.org\/{rel}","templated":true}]}}