{"id":131,"date":"2021-04-26T21:16:00","date_gmt":"2021-04-26T21:16:00","guid":{"rendered":"https:\/\/www.minimal4design.com\/?page_id=131"},"modified":"2021-06-03T20:36:34","modified_gmt":"2021-06-03T20:36:34","slug":"podmienky","status":"publish","type":"page","link":"https:\/\/www.minimal4design.com\/en\/podmienky\/","title":{"rendered":"Podmienky pou\u017e\u00edvania webovej str\u00e1nky |"},"content":{"rendered":"<div data-elementor-type=\"wp-page\" data-elementor-id=\"131\" class=\"elementor elementor-131\" data-elementor-settings=\"[]\">\n\t\t\t\t\t\t\t<div class=\"elementor-section-wrap\">\n\t\t\t\t\t\t\t<section class=\"elementor-section elementor-top-section elementor-element elementor-element-50bcfca elementor-section-boxed elementor-section-height-default elementor-section-height-default\" data-id=\"50bcfca\" data-element_type=\"section\">\n\t\t\t\t\t\t<div class=\"elementor-container elementor-column-gap-default\">\n\t\t\t\t\t<div class=\"elementor-column elementor-col-100 elementor-top-column elementor-element elementor-element-766fd96\" data-id=\"766fd96\" data-element_type=\"column\">\n\t\t\t<div class=\"elementor-widget-wrap elementor-element-populated\">\n\t\t\t\t\t\t\t\t<div class=\"elementor-element elementor-element-d0ab423 elementor-widget elementor-widget-heading\" data-id=\"d0ab423\" data-element_type=\"widget\" data-widget_type=\"heading.default\">\n\t\t\t\t<div class=\"elementor-widget-container\">\n\t\t\t<h4 class=\"elementor-heading-title elementor-size-default\"><b>Website Terms of Use\n<br><br><\/b>\n \n\nThese Website Terms of Use set out the terms under which you may use this website, www.minimal4design.com (\u201cour Site\u201d).  Please read these Website Terms of Use carefully and ensure that you understand them.  It will be deemed that you agree to comply with and be bound by these Website Terms of Use upon your first use of our Site.  If you do not agree to comply with and be bound by these Website Terms of Use, you must stop using our Site immediately.\n\n <br><br>\n\nYou must be over 18 years of age to use our e-design service or to order other services or products via our Site.\n\n <br><br>\n\n<b>1. Definitions and Interpretation<\/b>\n<br>\nIn these Website Terms of Use, unless the context otherwise requires, the following expressions have the following meanings:\n<br>\n\u201cContent\u201d means any and all text, images, audio, video, scripts, code, software, databases, and any other form of information capable of being stored on a computer that appears on, or forms part of, our Site; and\n<br><br>\n \n\n\u201cWe\/Us\/Our\u201d means minimal4design s.r.o., a company registered in Slovak Republic under company number 52 502 236, whose registered address is at Ra\u010dianska 88B, Bratislava 831 02, Slovakia, entered in the Commercial Register of the District Court Bratislava I, Section: Sro, File no. 139349\/B\n<br><br>\n \n\n<b>1.Access to Our Site<\/b>\n<br>\n1.It is your responsibility to make any and all arrangements necessary in order to access our Site.\n<br>\n2. Pr\u00edstup na na\u0161u str\u00e1nku je bezplatn\u00fd. Pr\u00edstup sa poskytuje \u201etak ako je\u201c a \u201eako je k dispoz\u00edcii\u201c. Na\u0161u str\u00e1nku (alebo ich \u010dasti) m\u00f4\u017eeme kedyko\u013evek meni\u0165 a pozastavi\u0165 alebo preru\u0161i\u0165 ich \u010dinnos\u0165. A to v\u0161etko kedyko\u013evek, z ak\u00e9hoko\u013evek d\u00f4vodu a bez predch\u00e1dzaj\u00faceho ozn\u00e1menia, pri\u010dom Spolo\u010dnos\u0165 minimal4design nie je zodpovedn\u00e1 \u017eiadnym sp\u00f4sobom za ak\u00e9ko\u013evek z toho vypl\u00fdvaj\u00face mo\u017en\u00e9 n\u00e1sledky sp\u00f4soben\u00e9 V\u00e1m \u010di Va\u0161ej spolo\u010dnosti.\n\n\u200b<br>\n\n<b>3. Intellectual Property Rights<\/b>\n\n1.  All Content included on our Site and the copyright and other intellectual property rights subsisting in that Content unless specifically labeled otherwise, belongs to or has been licensed by us.  All Content is protected by applicable intellectual property laws.\n<br>\n2. Subject to clause 3.3, you may not reproduce, copy, distribute, sell, rent, sub-licence, store, or in any other manner re-use Content from our Site unless we give you express written permission to do so.\n<br>\n3. You may:\n<br>\n 1.\nAccess, view and use our Site in a web browser (including any web browsing capability built into other types of software or app);\n<br>\n 2.Download our Site (or any part of it) for caching;\n<br>\n 3.Print pages from our Site;\n<br>\n 4.Download extracts from pages on our Site; and\n<br>\n 5.Save pages from our Site for later and\/or offline viewing.\n<br>\n4.You must always acknowledge our status as the owner and author of the Content on our Site (or that of identified licensors, as appropriate).\n<br>\n5.You may not use any Content saved or downloaded from our Site for commercial purposes without first obtaining a licence from us (or our licensors, as appropriate) to do so.  This does not prohibit the normal access, viewing and use of our Site for general information purposes, whether by business users or consumers.\n\n <br><br>\n\n<b>4.Links to Our Site<\/b>\n<br>\n1. You may link to our Site provided that:\n<br>\n1.You do so in a fair and legal manner;\n<br>\n2.You do not do so in a manner that suggests any form of association, endorsement, or approval on our part where none exists;\n<br>\n3.You do not use any logos or trademarks displayed on our Site without our express written permission; and\n<br>\n4.You do not do so in a way that is intended to damage our reputation or to take unfair advantage of it.\n\n <br><br>\n\n2.Framing or embedding of our Site on other websites is not permitted without our express written permission.\n\n <br><br>\n\n3.You may not link to our Site from any other site, the main content of which contains material that:\n<br>\n1.is obscene, deliberately offensive, hateful, or otherwise inflammatory;\n<br>\n2.promotes violence;\n<br>\n3.promotes or assists in any form of unlawful activity;\n<br>\n4.discriminates against, or is in any way defamatory towards, any person or group of people;\n<br>\n5.is intended or is otherwise likely to threaten, harass, annoy, inconvenience, upset or embarrass another person;\n<br>\n6.is intended or is otherwise likely to infringe (or to threaten to infringe) another person\u2019s privacy;\n<br>\n7.misleadingly impersonates any person or otherwise misrepresents the identity or affiliation of a particular person in a way that is calculated to deceive;\n<br>\n8.infringes, or assists in the infringement of, the intellectual property rights (including, but not limited to, copyright, trademarks and database rights) of any other party; or\n<br>\n9.is made in breach of any legal duty owed to a third party including, but not limited to, contractual duties and duties of confidence.\n<br><br>\n \n\nThe restrictions in clause 4.3 do not apply to content submitted to sites by other users, provided that the primary purpose of the site meets with the provisions of clause 4.3.  You are not, for example, prohibited from posting links on general-purpose social networking sites merely because another user may post such content.  You are, however, prohibited from posting links on websites which focus on or encourage the submission of such content from users.\n\n <br><br>\n\n<b>5.Links to Other Sites<\/b>\n<br><br>\n                Links to other sites may be included on our Site.  Unless expressly stated, these sites are not under our control.  We neither assume nor accept responsibility or liability for the content of third-party sites.  The inclusion of a link to another site on our Site is for information only and does not imply any endorsement of the sites themselves or of those in control of them.\n<br><br>\n \n\n<b>6.Disclaimers<\/b>\n<br>\n1.\n\nNothing on our Site constitutes advice on which you should rely.  It is provided for general information purposes only.\n<br>\n2.\n\nInsofar as is permitted by law, we make no representation, warranty or guarantee that our Site will meet your requirements, that it will not infringe the rights of third parties, that it will be compatible with all software and hardware, or that it will be secure.\n<br>\n3.\n\nWe make reasonable efforts to ensure that the Content on our Site is complete, accurate and up-to-date.  We do not, however, make any representations, warranties or guarantees (whether express or implied) that this will be the case.\n\n <br><br>\n\n<b>7.Viruses, Malware and Security<\/b>\n<br>\n1.\n\nWe exercise all reasonable skill and care to ensure that our Site is secure and free from viruses and other malware.\n<br>\n2.\n\nYou are responsible for protecting your hardware, software, data and other material from viruses, malware and other internet security risks.\n<br>\n3.\n\nYou must not deliberately introduce viruses, malware or any other material which is malicious or technologically harmful either to or via our Site.\n<br>\n4.\n\nYou must not attempt to gain unauthorized access to any part of our Site, the server on which our Site is stored, or any other server, computer or database connected to our Site.\n<br>\n5.\n\nYou must not attack our Site by means of a denial of service attack, a distributed denial-of-service attack or by any other means.\n\n <br><br>\n\n<b>8.Acceptable Usage Policy<\/b>\n<br>\n1. Na\u0161e str\u00e1nky m\u00f4\u017eete pou\u017e\u00edva\u0165 iba sp\u00f4sobom, ktor\u00fd je z\u00e1konn\u00fd. Konkr\u00e9tne:\n<br><br>\n \n\n1.\n\nyou must ensure that you comply fully with any and all local, national or international laws and\/or regulations;\n<br>\n2.you must not use our Site in any way, or for any purpose, that is unlawful or fraudulent;\n<br>\n3.\n\nyou must not use our Site to knowingly send, upload, or in any other way transmit data that contains any form of virus or other malware, or any other code designed to adversely affect computer hardware, software or data of any kind; and\n<br>\n4.\n\nyou must not use our Site in any way, or for any purpose, that is intended to harm any person or persons in any way.\n\n <br><br>\nWe reserve the right to suspend or terminate your access to our Site if you materially breach the provisions of this clause 8 or any of the other provisions of these Website Terms of Use.  Specifically, we may take one or more of the following actions:\n<br>\n1.\n\nsuspend, whether temporarily or permanently, your right to access our Site;\n<br>\n2.\n\nissue you with a written warning;\n<br>\n3.\n\ntake legal proceedings against you for reimbursement of any and all relevant costs incurred as a result of your breach;\n<br>\n4.\n\ntake further legal action against you as appropriate;\n<br>\n5.\n\ndisclose such information to law enforcement authorities as required or as we deem reasonably necessary; and\/or\n<br>\n6.\n\nany other actions which we deem reasonably appropriate (and lawful).\n<br><br>\n \n\n<b>9.Our Liability<\/b>\n<br>\n1.\n\nTo the fullest extent permissible by law, we accept no liability to any user for any loss or damage, whether foreseeable or otherwise, in contract, tort (including negligence), for breach of statutory duty, or otherwise, arising out of or in connection with the use of (or inability to use) our Site or the use of or reliance upon any Content included on our Site.\n<br>\n2.\n\nTo the fullest extent permissible by law, we exclude all representations, warranties and guarantees (whether express or implied) that may apply to our Site or any Content included on our Site.\n<br>\n3.\n\nIf you are a business user, we accept no liability for loss of profits, sales, business or revenue; loss of business opportunity, goodwill or reputation; loss of anticipated savings; business interruption; or for any indirect or consequential loss or damage.\n<br>\n4.\n\nWe exercise all reasonable skill and care to ensure that our Site is free from viruses and other malware.  We accept no liability for any loss or damage resulting from a virus or other malware, a distributed denial-of-service attack, or other harmful material or event that may adversely affect your hardware, software, data or other material that occurs as a result of your use of our Site (including the downloading of any Content from it) or any other site referred to on our Site.\n<br>\n5.\n\nWe neither assume nor accept responsibility or liability arising out of any disruption or non-availability of our Site resulting from external causes including, but not limited to, internet service provider equipment failure, host equipment failure, communications network failure, natural events, acts of war, legal restrictions or censorship.\n<br>\n6.\n\nNothing in these Website Terms of Use excludes or restricts our liability for fraud or fraudulent misrepresentation, for death or personal injury resulting from negligence, or for any other forms of liability which cannot be excluded or restricted by law.\n<br>\n7.\n\nIf you are a consumer visiting our Site, please contact your local Citizens\u2019 Advice Bureau or Trading Standards Office for full details of your legal rights, including those relating to digital content.\n<br><br>\n \n\n<b>10.Privacy and Cookies<\/b>\n<br>\n                Use of our Site is also governed by our Privacy Policy, which is incorporated into these Website Terms of Use by this reference. You can view our Privacy Policy here.\n\n <br><br>\n\n<b>11.Changes to these Website Terms of Use<\/b>\n<br>\nWe may alter these Website Terms of Use at any time.  Any such changes will become binding on you upon your first use of our Site after the changes have been implemented.  You are therefore advised to check this page from time to time.\n\n <br><br>\n\n<b>12.Contacting Us<\/b>\n<br>\n                To contact us, please email us at erika@minimal4design.com or use any of the methods provided on our contact page.\n\n <br><br>\n\n<b>13.Law and Jurisdiction<\/b>\n<br>\n1.\n\nThese Website Terms of Use, and the relationship between you and us (whether contractual or otherwise) will be governed by, and construed in accordance with the laws of Slovakia.\n<br>\n2.\n\nIf you are a consumer, you will benefit from any mandatory provisions of the law in your country of residence. Nothing in clause 13.1 above takes away or reduces your rights as a consumer to rely on those provisions.\n<br>\n1.\n\nIf you are a consumer, any dispute, controversy, proceedings or claim between you and us relating to these Website Terms of Use, or the relationship between you and us (whether contractual or otherwise) will be subject to the jurisdiction of the courts of Slovakia, as determined by your residency.\n<br>\n4. Ak ste podnikate\u013eom, ak\u00e9ko\u013evek spory t\u00fdkaj\u00face sa t\u00fdchto Podmienok pou\u017e\u00edvania webov\u00fdch str\u00e1nok, vz\u0165ahov medzi vami a nami alebo ak\u00fdchko\u013evek z\u00e1le\u017eitost\u00ed z nich vypl\u00fdvaj\u00facich alebo s nimi s\u00favisiacich (zmluvn\u00fdch alebo in\u00fdch) bud\u00fa predmetom v\u00fdlu\u010dnej jurisdikcie s\u00fadov Slovenskej republiky.\n\n\u200b<\/h4>\t\t<\/div>\n\t\t\t\t<\/div>\n\t\t\t\t\t<\/div>\n\t\t<\/div>\n\t\t\t\t\t\t\t<\/div>\n\t\t<\/section>\n\t\t\t\t\t\t<\/div>\n\t\t\t\t\t<\/div>","protected":false},"excerpt":{"rendered":"<p>Podmienky pou\u017e\u00edvania webovej str\u00e1nky Tieto Podmienky pou\u017e\u00edvania webov\u00fdch str\u00e1nok stanovuj\u00fa podmienky, za ktor\u00fdch m\u00f4\u017eete pou\u017e\u00edva\u0165 t\u00fato webov\u00fa str\u00e1nku www.minimal4design.com (\u010falej len \u201ena\u0161a str\u00e1nka\u201c alebo \u201cstr\u00e1nka\u201d). Venujte pros\u00edm nieko\u013eko min\u00fat d\u00f4kladn\u00e9mu pre\u010d\u00edtaniu \u010falej uveden\u00fdch podmienok. Pr\u00edstupom na tieto Str\u00e1nky a ich pou\u017e\u00edvan\u00edm s\u00fahlas\u00edte s t\u00fdm, \u017ee budete tieto podmienky u\u017e\u00edvania webu (\u010falej tie\u017e \u201ePodmienky u\u017e\u00edvania webu\u201c &hellip;<\/p>\n<p class=\"read-more\"> <a class=\"\" href=\"https:\/\/www.minimal4design.com\/en\/podmienky\/\"> <span class=\"screen-reader-text\">Podmienky pou\u017e\u00edvania webovej str\u00e1nky |<\/span> Read More &raquo;<\/a><\/p>","protected":false},"author":1,"featured_media":0,"parent":0,"menu_order":0,"comment_status":"closed","ping_status":"closed","template":"elementor_canvas","meta":[],"yoast_head":"<!-- This site is optimized with the Yoast SEO plugin v16.2 - https:\/\/yoast.com\/wordpress\/plugins\/seo\/ -->\n<title>Podmienky pou\u017e\u00edvania webovej str\u00e1nky | minimal4design<\/title>\n<meta name=\"robots\" content=\"index, follow, max-snippet:-1, max-image-preview:large, max-video-preview:-1\" \/>\n<link rel=\"canonical\" href=\"https:\/\/www.minimal4design.com\/en\/podmienky\/\" \/>\n<meta property=\"og:locale\" content=\"en_GB\" \/>\n<meta property=\"og:type\" content=\"article\" \/>\n<meta property=\"og:title\" content=\"Podmienky pou\u017e\u00edvania webovej str\u00e1nky | minimal4design\" \/>\n<meta property=\"og:description\" content=\"Podmienky pou\u017e\u00edvania webovej str\u00e1nky Tieto Podmienky pou\u017e\u00edvania webov\u00fdch str\u00e1nok stanovuj\u00fa podmienky, za ktor\u00fdch m\u00f4\u017eete pou\u017e\u00edva\u0165 t\u00fato webov\u00fa str\u00e1nku www.minimal4design.com (\u010falej len \u201ena\u0161a str\u00e1nka\u201c alebo \u201cstr\u00e1nka\u201d). Venujte pros\u00edm nieko\u013eko min\u00fat d\u00f4kladn\u00e9mu pre\u010d\u00edtaniu \u010falej uveden\u00fdch podmienok. Pr\u00edstupom na tieto Str\u00e1nky a ich pou\u017e\u00edvan\u00edm s\u00fahlas\u00edte s t\u00fdm, \u017ee budete tieto podmienky u\u017e\u00edvania webu (\u010falej tie\u017e \u201ePodmienky u\u017e\u00edvania webu\u201c &hellip; Podmienky pou\u017e\u00edvania webovej str\u00e1nky | Read More &raquo;\" \/>\n<meta property=\"og:url\" content=\"https:\/\/www.minimal4design.com\/en\/podmienky\/\" \/>\n<meta property=\"og:site_name\" content=\"minimal4design\" \/>\n<meta property=\"article:modified_time\" content=\"2021-06-03T20:36:34+00:00\" \/>\n<meta name=\"twitter:card\" content=\"summary_large_image\" \/>\n<meta name=\"twitter:label1\" content=\"Estimated reading time\">\n\t<meta name=\"twitter:data1\" content=\"9 minutes\">\n<script type=\"application\/ld+json\" class=\"yoast-schema-graph\">{\"@context\":\"https:\/\/schema.org\",\"@graph\":[{\"@type\":\"WebSite\",\"@id\":\"https:\/\/www.minimal4design.com\/en\/#website\",\"url\":\"https:\/\/www.minimal4design.com\/en\/\",\"name\":\"minimal4design\",\"description\":\"PORTF\\u00d3LIO | N\\u00e1vrh a dizajn interi\\u00e9ru | minimal4design\",\"potentialAction\":[{\"@type\":\"SearchAction\",\"target\":\"https:\/\/www.minimal4design.com\/en\/?s={search_term_string}\",\"query-input\":\"required name=search_term_string\"}],\"inLanguage\":\"en-GB\"},{\"@type\":\"WebPage\",\"@id\":\"https:\/\/www.minimal4design.com\/podmienky\/#webpage\",\"url\":\"https:\/\/www.minimal4design.com\/podmienky\/\",\"name\":\"Podmienky pou\\u017e\\u00edvania webovej str\\u00e1nky | minimal4design\",\"isPartOf\":{\"@id\":\"https:\/\/www.minimal4design.com\/en\/#website\"},\"datePublished\":\"2021-04-26T21:16:00+00:00\",\"dateModified\":\"2021-06-03T20:36:34+00:00\",\"breadcrumb\":{\"@id\":\"https:\/\/www.minimal4design.com\/podmienky\/#breadcrumb\"},\"inLanguage\":\"en-GB\",\"potentialAction\":[{\"@type\":\"ReadAction\",\"target\":[\"https:\/\/www.minimal4design.com\/podmienky\/\"]}]},{\"@type\":\"BreadcrumbList\",\"@id\":\"https:\/\/www.minimal4design.com\/podmienky\/#breadcrumb\",\"itemListElement\":[{\"@type\":\"ListItem\",\"position\":1,\"item\":{\"@type\":\"WebPage\",\"@id\":\"https:\/\/www.minimal4design.com\/\",\"url\":\"https:\/\/www.minimal4design.com\/\",\"name\":\"Domovsk\\u00e1 str\\u00e1nka\"}},{\"@type\":\"ListItem\",\"position\":2,\"item\":{\"@id\":\"https:\/\/www.minimal4design.com\/podmienky\/#webpage\"}}]}]}<\/script>\n<!-- \/ Yoast SEO plugin. -->","_links":{"self":[{"href":"https:\/\/www.minimal4design.com\/en\/wp-json\/wp\/v2\/pages\/131"}],"collection":[{"href":"https:\/\/www.minimal4design.com\/en\/wp-json\/wp\/v2\/pages"}],"about":[{"href":"https:\/\/www.minimal4design.com\/en\/wp-json\/wp\/v2\/types\/page"}],"author":[{"embeddable":true,"href":"https:\/\/www.minimal4design.com\/en\/wp-json\/wp\/v2\/users\/1"}],"replies":[{"embeddable":true,"href":"https:\/\/www.minimal4design.com\/en\/wp-json\/wp\/v2\/comments?post=131"}],"version-history":[{"count":6,"href":"https:\/\/www.minimal4design.com\/en\/wp-json\/wp\/v2\/pages\/131\/revisions"}],"predecessor-version":[{"id":1332,"href":"https:\/\/www.minimal4design.com\/en\/wp-json\/wp\/v2\/pages\/131\/revisions\/1332"}],"wp:attachment":[{"href":"https:\/\/www.minimal4design.com\/en\/wp-json\/wp\/v2\/media?parent=131"}],"curies":[{"name":"wp","href":"https:\/\/api.w.org\/{rel}","templated":true}]}}