{"id":1400,"date":"2021-06-09T22:19:46","date_gmt":"2021-06-09T22:19:46","guid":{"rendered":"https:\/\/www.minimal4design.com\/?page_id=1400"},"modified":"2022-11-27T11:57:46","modified_gmt":"2022-11-27T11:57:46","slug":"blog","status":"publish","type":"page","link":"https:\/\/www.minimal4design.com\/en\/blog\/","title":{"rendered":"BLOG"},"content":{"rendered":"<div data-elementor-type=\"wp-page\" data-elementor-id=\"1400\" class=\"elementor elementor-1400\" data-elementor-settings=\"[]\">\n\t\t\t\t\t\t\t<div class=\"elementor-section-wrap\">\n\t\t\t\t\t\t\t<section class=\"elementor-section elementor-top-section elementor-element elementor-element-60d1b2a elementor-section-boxed elementor-section-height-default elementor-section-height-default\" data-id=\"60d1b2a\" data-element_type=\"section\">\n\t\t\t\t\t\t<div class=\"elementor-container elementor-column-gap-default\">\n\t\t\t\t\t<div class=\"elementor-column elementor-col-100 elementor-top-column elementor-element elementor-element-4893ef1\" data-id=\"4893ef1\" data-element_type=\"column\">\n\t\t\t<div class=\"elementor-widget-wrap elementor-element-populated\">\n\t\t\t\t\t\t\t\t<div class=\"elementor-element elementor-element-f92609a premium-blog-align-left elementor-widget elementor-widget-premium-addon-blog\" data-id=\"f92609a\" data-element_type=\"widget\" data-widget_type=\"premium-addon-blog.default\">\n\t\t\t\t<div class=\"elementor-widget-container\">\n\t\t\t\t<div class=\"premium-blog\">\n\t\t\t\t<div class=\"premium-blog-wrap  premium-blog-even\" data-scroll=\"1\" data-infinite=\"\" data-layout=\"even\" data-equal=\"\" data-page=\"1400\">\n\t\t\t\t\t<div class=\"premium-blog-post-outer-container\" data-total=\"1\">\n\t\t\t<div class=\"premium-blog-post-container premium-blog-skin-modern\">\n\t\t\t\t\t\t\t\t\t<div class=\"premium-blog-thumb-effect-wrapper\">\n\t\t\t\t\t\t<div class=\"premium-blog-thumbnail-container premium-blog-zoomin-effect\">\n\t\t\t\t\t\t\t\t\t\t<a href=\"https:\/\/www.minimal4design.com\/en\/trendy-vianocne-dekoracie\/\" target=\"_blank\">\n\t\t\t<img width=\"2560\" height=\"1270\" src=\"https:\/\/www.minimal4design.com\/wp-content\/uploads\/2022\/12\/annie-spratt-qRdZIV_DJ-c-unsplash-scaled.jpg\" class=\"attachment-full size-full\" alt=\"\" loading=\"lazy\" \/>\t\t\t<\/a>\n\t\t\t\t\t\t\t\t\t<\/div>\n\t\t\t\t\t\t\t\t\t\t\t\t\t<div class=\"premium-blog-effect-container premium-blog-none-effect\">\n\t\t\t\t\t\t\t\t<a class=\"premium-blog-post-link\" href=\"https:\/\/www.minimal4design.com\/en\/trendy-vianocne-dekoracie\/\" target=\"_blank\"><\/a>\n\t\t\t\t\t\t\t\t\t\t\t\t\t\t\t<\/div>\n\t\t\t\t\t\t\t\t\t\t\t<\/div>\n\t\t\t\t\t\t\t\t\t\t\t\t<div class=\"premium-blog-content-wrapper\">\n\t\t\t\t\t<div class=\"premium-blog-content-wrapper-inner\">\n\t\t\t\t\t\t<div class=\"premium-blog-inner-container\">\n\t\t\t\t\t\t\t<div class=\"premium-blog-entry-container\">\n\t\t\t\t\t\t\t\t\t\t\t\t\t\t\t\t\t\t<h1 class=\"premium-blog-entry-title\">\n\t\t\t<a href=\"https:\/\/www.minimal4design.com\/en\/trendy-vianocne-dekoracie\/\" target=\"_blank\">\n\t\t\t\tTrending Christmas decorations\t\t\t<\/a>\n\t\t<\/h1>\n\t\t\t\t<div class=\"premium-blog-entry-meta\">\n\t\t\t\t\t\t\t<div class=\"premium-blog-post-author premium-blog-meta-data\">\n\t\t\t\t\t<i class=\"fa fa-user fa-fw\"><\/i>\n\t\t\t\t\t<a href=\"https:\/\/www.minimal4design.com\/en\/author\/erikam4d\/\" title=\"Posts by Erika Csuportova\" rel=\"author\">Erika Csuportova<\/a>\t\t\t\t<\/div>\n\t\t\t\n\t\t\t\t\t\t\t<span class=\"premium-blog-meta-separator\">\u2022<\/span>\n\t\t\t\t<div class=\"premium-blog-post-time premium-blog-meta-data\">\n\t\t\t\t\t<i class=\"fa fa-clock-o\"><\/i>\n\t\t\t\t\t<span>December 19, 2022<\/span>\n\t\t\t\t<\/div>\n\t\t\t\n\t\t\t\n\t\t\t\t\t<\/div>\n\t\t\n\t\t\t\t\t\t\t<\/div>\n\t\t\t\t\t\t<\/div>\n\n\t\t\t\t\t\t\t\t\t\t\t\t\t\t\t\t\t<\/div>\n\t\t\t\t<\/div>\n\t\t\t<\/div>\n\t\t<\/div>\n\n\t\t\t\t<div class=\"premium-blog-post-outer-container\" data-total=\"1\">\n\t\t\t<div class=\"premium-blog-post-container premium-blog-skin-modern\">\n\t\t\t\t\t\t\t\t\t<div class=\"premium-blog-thumb-effect-wrapper\">\n\t\t\t\t\t\t<div class=\"premium-blog-thumbnail-container premium-blog-zoomin-effect\">\n\t\t\t\t\t\t\t\t\t\t<a href=\"https:\/\/www.minimal4design.com\/en\/tipy-ako-na-smart-domacnost\/\" target=\"_blank\">\n\t\t\t<img width=\"2560\" height=\"1436\" src=\"https:\/\/www.minimal4design.com\/wp-content\/uploads\/2022\/11\/delfi-de-la-rua-JNBmhSHA6xE-unsplash-scaled.jpg\" class=\"attachment-full size-full\" alt=\"\" loading=\"lazy\" \/>\t\t\t<\/a>\n\t\t\t\t\t\t\t\t\t<\/div>\n\t\t\t\t\t\t\t\t\t\t\t\t\t<div class=\"premium-blog-effect-container premium-blog-none-effect\">\n\t\t\t\t\t\t\t\t<a class=\"premium-blog-post-link\" href=\"https:\/\/www.minimal4design.com\/en\/tipy-ako-na-smart-domacnost\/\" target=\"_blank\"><\/a>\n\t\t\t\t\t\t\t\t\t\t\t\t\t\t\t<\/div>\n\t\t\t\t\t\t\t\t\t\t\t<\/div>\n\t\t\t\t\t\t\t\t\t\t\t\t<div class=\"premium-blog-content-wrapper\">\n\t\t\t\t\t<div class=\"premium-blog-content-wrapper-inner\">\n\t\t\t\t\t\t<div class=\"premium-blog-inner-container\">\n\t\t\t\t\t\t\t<div class=\"premium-blog-entry-container\">\n\t\t\t\t\t\t\t\t\t\t\t\t\t\t\t\t\t\t<h1 class=\"premium-blog-entry-title premium-blog-entry-title\">\n\t\t\t<a href=\"https:\/\/www.minimal4design.com\/en\/tipy-ako-na-smart-domacnost\/\" target=\"_blank\">\n\t\t\t\tTips on how to update your home to a smart one\t\t\t<\/a>\n\t\t<\/h1>\n\t\t\t\t<div class=\"premium-blog-entry-meta\">\n\t\t\t\t\t\t\t<div class=\"premium-blog-post-author premium-blog-meta-data\">\n\t\t\t\t\t<i class=\"fa fa-user fa-fw\"><\/i>\n\t\t\t\t\t<a href=\"https:\/\/www.minimal4design.com\/en\/author\/erikam4d\/\" title=\"Posts by Erika Csuportova\" rel=\"author\">Erika Csuportova<\/a>\t\t\t\t<\/div>\n\t\t\t\n\t\t\t\t\t\t\t<span class=\"premium-blog-meta-separator\">\u2022<\/span>\n\t\t\t\t<div class=\"premium-blog-post-time premium-blog-meta-data\">\n\t\t\t\t\t<i class=\"fa fa-clock-o\"><\/i>\n\t\t\t\t\t<span>November 26, 2022<\/span>\n\t\t\t\t<\/div>\n\t\t\t\n\t\t\t\n\t\t\t\t\t<\/div>\n\t\t\n\t\t\t\t\t\t\t<\/div>\n\t\t\t\t\t\t<\/div>\n\n\t\t\t\t\t\t\t\t\t\t\t\t\t\t\t\t\t<\/div>\n\t\t\t\t<\/div>\n\t\t\t<\/div>\n\t\t<\/div>\n\n\t\t\t\t<div class=\"premium-blog-post-outer-container\" data-total=\"1\">\n\t\t\t<div class=\"premium-blog-post-container premium-blog-skin-modern\">\n\t\t\t\t\t\t\t\t\t<div class=\"premium-blog-thumb-effect-wrapper\">\n\t\t\t\t\t\t<div class=\"premium-blog-thumbnail-container premium-blog-zoomin-effect\">\n\t\t\t\t\t\t\t\t\t\t<a href=\"https:\/\/www.minimal4design.com\/en\/ako-zariadit-maly-byt\/\" target=\"_blank\">\n\t\t\t<img width=\"1200\" height=\"900\" src=\"https:\/\/www.minimal4design.com\/wp-content\/uploads\/2021\/06\/Blog-picture.png\" class=\"attachment-full size-full\" alt=\"N\u00e1pady a tipy, ako zariadi\u0165 mal\u00fd byt\" loading=\"lazy\" \/>\t\t\t<\/a>\n\t\t\t\t\t\t\t\t\t<\/div>\n\t\t\t\t\t\t\t\t\t\t\t\t\t<div class=\"premium-blog-effect-container premium-blog-none-effect\">\n\t\t\t\t\t\t\t\t<a class=\"premium-blog-post-link\" href=\"https:\/\/www.minimal4design.com\/en\/ako-zariadit-maly-byt\/\" target=\"_blank\"><\/a>\n\t\t\t\t\t\t\t\t\t\t\t\t\t\t\t<\/div>\n\t\t\t\t\t\t\t\t\t\t\t<\/div>\n\t\t\t\t\t\t\t\t\t\t\t\t<div class=\"premium-blog-content-wrapper\">\n\t\t\t\t\t<div class=\"premium-blog-content-wrapper-inner\">\n\t\t\t\t\t\t<div class=\"premium-blog-inner-container\">\n\t\t\t\t\t\t\t<div class=\"premium-blog-entry-container\">\n\t\t\t\t\t\t\t\t\t\t\t\t\t\t\t\t\t\t<h1 class=\"premium-blog-entry-title premium-blog-entry-title premium-blog-entry-title\">\n\t\t\t<a href=\"https:\/\/www.minimal4design.com\/en\/ako-zariadit-maly-byt\/\" target=\"_blank\">\n\t\t\t\tIdeas and tips on how to furnish a small apartment\t\t\t<\/a>\n\t\t<\/h1>\n\t\t\t\t<div class=\"premium-blog-entry-meta\">\n\t\t\t\t\t\t\t<div class=\"premium-blog-post-author premium-blog-meta-data\">\n\t\t\t\t\t<i class=\"fa fa-user fa-fw\"><\/i>\n\t\t\t\t\t<a href=\"https:\/\/www.minimal4design.com\/en\/author\/erikam4d\/\" title=\"Posts by Erika Csuportova\" rel=\"author\">Erika Csuportova<\/a>\t\t\t\t<\/div>\n\t\t\t\n\t\t\t\t\t\t\t<span class=\"premium-blog-meta-separator\">\u2022<\/span>\n\t\t\t\t<div class=\"premium-blog-post-time premium-blog-meta-data\">\n\t\t\t\t\t<i class=\"fa fa-clock-o\"><\/i>\n\t\t\t\t\t<span>June 9, 2021<\/span>\n\t\t\t\t<\/div>\n\t\t\t\n\t\t\t\n\t\t\t\t\t<\/div>\n\t\t\n\t\t\t\t\t\t\t<\/div>\n\t\t\t\t\t\t<\/div>\n\n\t\t\t\t\t\t\t\t\t\t\t\t\t\t\t\t\t<\/div>\n\t\t\t\t<\/div>\n\t\t\t<\/div>\n\t\t<\/div>\n\n\t\t\t\t<\/div>\n\t<\/div>\n\t\t\t\t<\/div>\n\t\t\t\t<\/div>\n\t\t\t\t\t<\/div>\n\t\t<\/div>\n\t\t\t\t\t\t\t<\/div>\n\t\t<\/section>\n\t\t\t\t<section class=\"elementor-section elementor-top-section elementor-element elementor-element-95584ce elementor-section-boxed elementor-section-height-default elementor-section-height-default\" data-id=\"95584ce\" data-element_type=\"section\">\n\t\t\t\t\t\t<div class=\"elementor-container elementor-column-gap-default\">\n\t\t\t\t\t<div class=\"elementor-column elementor-col-100 elementor-top-column elementor-element elementor-element-e8eaf8e\" data-id=\"e8eaf8e\" data-element_type=\"column\">\n\t\t\t<div class=\"elementor-widget-wrap\">\n\t\t\t\t\t\t\t\t\t<\/div>\n\t\t<\/div>\n\t\t\t\t\t\t\t<\/div>\n\t\t<\/section>\n\t\t\t\t<section class=\"elementor-section elementor-top-section elementor-element elementor-element-97da133 elementor-section-boxed elementor-section-height-default elementor-section-height-default\" data-id=\"97da133\" data-element_type=\"section\">\n\t\t\t\t\t\t<div class=\"elementor-container elementor-column-gap-default\">\n\t\t\t\t\t<div class=\"elementor-column elementor-col-100 elementor-top-column elementor-element elementor-element-ece19e4\" data-id=\"ece19e4\" data-element_type=\"column\">\n\t\t\t<div class=\"elementor-widget-wrap elementor-element-populated\">\n\t\t\t\t\t\t\t\t<div class=\"elementor-element elementor-element-d6cdbeb elementor-widget elementor-widget-spacer\" data-id=\"d6cdbeb\" data-element_type=\"widget\" data-widget_type=\"spacer.default\">\n\t\t\t\t<div class=\"elementor-widget-container\">\n\t\t\t\t\t<div class=\"elementor-spacer\">\n\t\t\t<div class=\"elementor-spacer-inner\"><\/div>\n\t\t<\/div>\n\t\t\t\t<\/div>\n\t\t\t\t<\/div>\n\t\t\t\t\t<\/div>\n\t\t<\/div>\n\t\t\t\t\t\t\t<\/div>\n\t\t<\/section>\n\t\t\t\t<section class=\"elementor-section elementor-top-section elementor-element elementor-element-b67c844 elementor-section-boxed elementor-section-height-default elementor-section-height-default\" data-id=\"b67c844\" data-element_type=\"section\">\n\t\t\t\t\t\t<div class=\"elementor-container elementor-column-gap-default\">\n\t\t\t\t\t<div class=\"elementor-column elementor-col-100 elementor-top-column elementor-element elementor-element-8f4592d\" data-id=\"8f4592d\" data-element_type=\"column\">\n\t\t\t<div class=\"elementor-widget-wrap\">\n\t\t\t\t\t\t\t\t\t<\/div>\n\t\t<\/div>\n\t\t\t\t\t\t\t<\/div>\n\t\t<\/section>\n\t\t\t\t<section class=\"elementor-section elementor-top-section elementor-element elementor-element-7272fa9 elementor-section-boxed elementor-section-height-default elementor-section-height-default\" data-id=\"7272fa9\" data-element_type=\"section\">\n\t\t\t\t\t\t<div class=\"elementor-container elementor-column-gap-default\">\n\t\t\t\t\t<div class=\"elementor-column elementor-col-100 elementor-top-column elementor-element elementor-element-908908d\" data-id=\"908908d\" data-element_type=\"column\">\n\t\t\t<div class=\"elementor-widget-wrap elementor-element-populated\">\n\t\t\t\t\t\t\t\t<div class=\"elementor-element elementor-element-31e3c9a elementor-widget elementor-widget-spacer\" data-id=\"31e3c9a\" data-element_type=\"widget\" data-widget_type=\"spacer.default\">\n\t\t\t\t<div class=\"elementor-widget-container\">\n\t\t\t\t\t<div class=\"elementor-spacer\">\n\t\t\t<div class=\"elementor-spacer-inner\"><\/div>\n\t\t<\/div>\n\t\t\t\t<\/div>\n\t\t\t\t<\/div>\n\t\t\t\t\t<\/div>\n\t\t<\/div>\n\t\t\t\t\t\t\t<\/div>\n\t\t<\/section>\n\t\t\t\t\t\t<\/div>\n\t\t\t\t\t<\/div>","protected":false},"excerpt":{"rendered":"<p>Tipy ako na smart dom\u00e1cnos\u0165 Erika Csuportova \u2022 26 novembra, 2022 N\u00e1pady a tipy, ako zariadi\u0165 mal\u00fd byt Erika Csuportova \u2022 9 j\u00fana, 2021<\/p>","protected":false},"author":2,"featured_media":1492,"parent":0,"menu_order":0,"comment_status":"closed","ping_status":"closed","template":"","meta":[],"yoast_head":"<!-- This site is optimized with the Yoast SEO plugin v16.2 - https:\/\/yoast.com\/wordpress\/plugins\/seo\/ -->\n<title>BLOG - minimal4design<\/title>\n<meta name=\"description\" content=\"Ka\u017ed\u00fd z\u00a0n\u00e1s je jedine\u010dn\u00fd a\u00a0t\u00fato unik\u00e1tnos\u0165 vn\u00e1\u0161ame do v\u0161etk\u00e9ho, s\u00a0\u010d\u00edm prich\u00e1dzame do kontaktu. Pri zaria\u010fovan\u00ed ak\u00e9hoko\u013evek interi\u00e9ru...\" \/>\n<meta name=\"robots\" content=\"index, follow, max-snippet:-1, max-image-preview:large, max-video-preview:-1\" \/>\n<link rel=\"canonical\" href=\"https:\/\/www.minimal4design.com\/en\/blog\/\" \/>\n<meta property=\"og:locale\" content=\"en_GB\" \/>\n<meta property=\"og:type\" content=\"article\" \/>\n<meta property=\"og:title\" content=\"BLOG - minimal4design\" \/>\n<meta property=\"og:description\" content=\"Ka\u017ed\u00fd z\u00a0n\u00e1s je jedine\u010dn\u00fd a\u00a0t\u00fato unik\u00e1tnos\u0165 vn\u00e1\u0161ame do v\u0161etk\u00e9ho, s\u00a0\u010d\u00edm prich\u00e1dzame do kontaktu. Pri zaria\u010fovan\u00ed ak\u00e9hoko\u013evek interi\u00e9ru...\" \/>\n<meta property=\"og:url\" content=\"https:\/\/www.minimal4design.com\/en\/blog\/\" \/>\n<meta property=\"og:site_name\" content=\"minimal4design\" \/>\n<meta property=\"article:modified_time\" content=\"2022-11-27T11:57:46+00:00\" \/>\n<meta property=\"og:image\" content=\"http:\/\/www.minimal4design.com\/wp-content\/uploads\/2021\/06\/Shared-from-Lightroom-mobile-e1623247019355.jpg\" \/>\n\t<meta property=\"og:image:width\" content=\"1459\" \/>\n\t<meta property=\"og:image:height\" content=\"1797\" \/>\n<meta name=\"twitter:card\" content=\"summary_large_image\" \/>\n<meta name=\"twitter:label1\" content=\"Estimated reading time\">\n\t<meta name=\"twitter:data1\" content=\"3 minutes\">\n<script type=\"application\/ld+json\" class=\"yoast-schema-graph\">{\"@context\":\"https:\/\/schema.org\",\"@graph\":[{\"@type\":\"WebSite\",\"@id\":\"https:\/\/www.minimal4design.com\/en\/#website\",\"url\":\"https:\/\/www.minimal4design.com\/en\/\",\"name\":\"minimal4design\",\"description\":\"PORTF\\u00d3LIO | N\\u00e1vrh a dizajn interi\\u00e9ru | minimal4design\",\"potentialAction\":[{\"@type\":\"SearchAction\",\"target\":\"https:\/\/www.minimal4design.com\/en\/?s={search_term_string}\",\"query-input\":\"required name=search_term_string\"}],\"inLanguage\":\"en-GB\"},{\"@type\":\"ImageObject\",\"@id\":\"https:\/\/www.minimal4design.com\/blog\/#primaryimage\",\"inLanguage\":\"en-GB\",\"url\":\"https:\/\/www.minimal4design.com\/wp-content\/uploads\/2021\/06\/Shared-from-Lightroom-mobile-e1623247019355.jpg\",\"contentUrl\":\"https:\/\/www.minimal4design.com\/wp-content\/uploads\/2021\/06\/Shared-from-Lightroom-mobile-e1623247019355.jpg\",\"width\":1459,\"height\":1797},{\"@type\":\"WebPage\",\"@id\":\"https:\/\/www.minimal4design.com\/blog\/#webpage\",\"url\":\"https:\/\/www.minimal4design.com\/blog\/\",\"name\":\"BLOG - minimal4design\",\"isPartOf\":{\"@id\":\"https:\/\/www.minimal4design.com\/en\/#website\"},\"primaryImageOfPage\":{\"@id\":\"https:\/\/www.minimal4design.com\/blog\/#primaryimage\"},\"datePublished\":\"2021-06-09T22:19:46+00:00\",\"dateModified\":\"2022-11-27T11:57:46+00:00\",\"description\":\"Ka\\u017ed\\u00fd z\\u00a0n\\u00e1s je jedine\\u010dn\\u00fd a\\u00a0t\\u00fato unik\\u00e1tnos\\u0165 vn\\u00e1\\u0161ame do v\\u0161etk\\u00e9ho, s\\u00a0\\u010d\\u00edm prich\\u00e1dzame do kontaktu. Pri zaria\\u010fovan\\u00ed ak\\u00e9hoko\\u013evek interi\\u00e9ru...\",\"breadcrumb\":{\"@id\":\"https:\/\/www.minimal4design.com\/blog\/#breadcrumb\"},\"inLanguage\":\"en-GB\",\"potentialAction\":[{\"@type\":\"ReadAction\",\"target\":[\"https:\/\/www.minimal4design.com\/blog\/\"]}]},{\"@type\":\"BreadcrumbList\",\"@id\":\"https:\/\/www.minimal4design.com\/blog\/#breadcrumb\",\"itemListElement\":[{\"@type\":\"ListItem\",\"position\":1,\"item\":{\"@type\":\"WebPage\",\"@id\":\"https:\/\/www.minimal4design.com\/\",\"url\":\"https:\/\/www.minimal4design.com\/\",\"name\":\"Domovsk\\u00e1 str\\u00e1nka\"}},{\"@type\":\"ListItem\",\"position\":2,\"item\":{\"@id\":\"https:\/\/www.minimal4design.com\/blog\/#webpage\"}}]}]}<\/script>\n<!-- \/ Yoast SEO plugin. -->","_links":{"self":[{"href":"https:\/\/www.minimal4design.com\/en\/wp-json\/wp\/v2\/pages\/1400"}],"collection":[{"href":"https:\/\/www.minimal4design.com\/en\/wp-json\/wp\/v2\/pages"}],"about":[{"href":"https:\/\/www.minimal4design.com\/en\/wp-json\/wp\/v2\/types\/page"}],"author":[{"embeddable":true,"href":"https:\/\/www.minimal4design.com\/en\/wp-json\/wp\/v2\/users\/2"}],"replies":[{"embeddable":true,"href":"https:\/\/www.minimal4design.com\/en\/wp-json\/wp\/v2\/comments?post=1400"}],"version-history":[{"count":6,"href":"https:\/\/www.minimal4design.com\/en\/wp-json\/wp\/v2\/pages\/1400\/revisions"}],"predecessor-version":[{"id":2050,"href":"https:\/\/www.minimal4design.com\/en\/wp-json\/wp\/v2\/pages\/1400\/revisions\/2050"}],"wp:featuredmedia":[{"embeddable":true,"href":"https:\/\/www.minimal4design.com\/en\/wp-json\/wp\/v2\/media\/1492"}],"wp:attachment":[{"href":"https:\/\/www.minimal4design.com\/en\/wp-json\/wp\/v2\/media?parent=1400"}],"curies":[{"name":"wp","href":"https:\/\/api.w.org\/{rel}","templated":true}]}}