{"id":1649,"date":"2021-06-14T20:02:30","date_gmt":"2021-06-14T20:02:30","guid":{"rendered":"https:\/\/www.minimal4design.com\/?page_id=1649"},"modified":"2021-06-14T22:25:30","modified_gmt":"2021-06-14T22:25:30","slug":"subscription","status":"publish","type":"page","link":"https:\/\/www.minimal4design.com\/en\/subscription\/","title":{"rendered":"SUBSCRIPTION"},"content":{"rendered":"<div data-elementor-type=\"wp-page\" data-elementor-id=\"1649\" class=\"elementor elementor-1649\" data-elementor-settings=\"[]\">\n\t\t\t\t\t\t\t<div class=\"elementor-section-wrap\">\n\t\t\t\t\t\t\t<section class=\"elementor-section elementor-top-section elementor-element elementor-element-bd68c57 elementor-section-boxed elementor-section-height-default elementor-section-height-default\" data-id=\"bd68c57\" data-element_type=\"section\">\n\t\t\t\t\t\t<div class=\"elementor-container elementor-column-gap-default\">\n\t\t\t\t\t<div class=\"elementor-column elementor-col-50 elementor-top-column elementor-element elementor-element-7e33a9c\" data-id=\"7e33a9c\" data-element_type=\"column\">\n\t\t\t<div class=\"elementor-widget-wrap elementor-element-populated\">\n\t\t\t\t\t\t\t\t<div class=\"elementor-element elementor-element-9cc21ff elementor-widget elementor-widget-image\" data-id=\"9cc21ff\" data-element_type=\"widget\" data-widget_type=\"image.default\">\n\t\t\t\t<div class=\"elementor-widget-container\">\n\t\t\t\t\t\t\t\t\t\t\t\t\t\t\t<img src=\"https:\/\/www.minimal4design.com\/wp-content\/uploads\/2021\/06\/Pink-and-Gray-Photo-Instagram-Story-e1623615032693.png\" title=\"\" alt=\"\" \/>\t\t\t\t\t\t\t\t\t\t\t\t\t\t\t<\/div>\n\t\t\t\t<\/div>\n\t\t\t\t\t<\/div>\n\t\t<\/div>\n\t\t\t\t<div class=\"elementor-column elementor-col-50 elementor-top-column elementor-element elementor-element-1b4265b\" data-id=\"1b4265b\" data-element_type=\"column\">\n\t\t\t<div class=\"elementor-widget-wrap elementor-element-populated\">\n\t\t\t\t\t\t\t\t<div class=\"elementor-element elementor-element-e67bb0f elementor-widget elementor-widget-text-editor\" data-id=\"e67bb0f\" data-element_type=\"widget\" data-widget_type=\"text-editor.default\">\n\t\t\t\t<div class=\"elementor-widget-container\">\n\t\t\t\t\t\t\t\t<p>THANK YOU!<\/p>\t\t\t\t\t\t<\/div>\n\t\t\t\t<\/div>\n\t\t\t\t<div class=\"elementor-element elementor-element-536f56e elementor-widget elementor-widget-text-editor\" data-id=\"536f56e\" data-element_type=\"widget\" data-widget_type=\"text-editor.default\">\n\t\t\t\t<div class=\"elementor-widget-container\">\n\t\t\t\t\t\t\t\t<p>Vitajte! Va\u0161a emailov\u00e1 adresa bola \u00faspe\u0161ne potvrden\u00e1 a boli ste zaregistrovan\u00ed na odber newslettra.<\/p>\t\t\t\t\t\t<\/div>\n\t\t\t\t<\/div>\n\t\t\t\t\t<\/div>\n\t\t<\/div>\n\t\t\t\t\t\t\t<\/div>\n\t\t<\/section>\n\t\t\t\t<section class=\"elementor-section elementor-top-section elementor-element elementor-element-91df997 elementor-section-boxed elementor-section-height-default elementor-section-height-default\" data-id=\"91df997\" data-element_type=\"section\">\n\t\t\t\t\t\t<div class=\"elementor-container elementor-column-gap-default\">\n\t\t\t\t\t<div class=\"elementor-column elementor-col-100 elementor-top-column elementor-element elementor-element-69d4004\" data-id=\"69d4004\" data-element_type=\"column\">\n\t\t\t<div class=\"elementor-widget-wrap elementor-element-populated\">\n\t\t\t\t\t\t\t\t<div class=\"elementor-element elementor-element-ee270a2 elementor-widget elementor-widget-spacer\" data-id=\"ee270a2\" data-element_type=\"widget\" data-widget_type=\"spacer.default\">\n\t\t\t\t<div class=\"elementor-widget-container\">\n\t\t\t\t\t<div class=\"elementor-spacer\">\n\t\t\t<div class=\"elementor-spacer-inner\"><\/div>\n\t\t<\/div>\n\t\t\t\t<\/div>\n\t\t\t\t<\/div>\n\t\t\t\t\t<\/div>\n\t\t<\/div>\n\t\t\t\t\t\t\t<\/div>\n\t\t<\/section>\n\t\t\t\t\t\t<\/div>\n\t\t\t\t\t<\/div>","protected":false},"excerpt":{"rendered":"<p>\u010eAKUJEM! Vitajte! Va\u0161a emailov\u00e1 adresa bola \u00faspe\u0161ne potvrden\u00e1 a boli ste zaregistrovan\u00ed na odber newslettra.<\/p>","protected":false},"author":2,"featured_media":0,"parent":0,"menu_order":0,"comment_status":"closed","ping_status":"closed","template":"elementor_canvas","meta":[],"yoast_head":"<!-- This site is optimized with the Yoast SEO plugin v16.2 - https:\/\/yoast.com\/wordpress\/plugins\/seo\/ -->\n<title>SUBSCRIPTION - minimal4design<\/title>\n<meta name=\"robots\" content=\"index, follow, max-snippet:-1, max-image-preview:large, max-video-preview:-1\" \/>\n<link rel=\"canonical\" href=\"https:\/\/www.minimal4design.com\/en\/subscription\/\" \/>\n<meta property=\"og:locale\" content=\"en_GB\" \/>\n<meta property=\"og:type\" content=\"article\" \/>\n<meta property=\"og:title\" content=\"SUBSCRIPTION - minimal4design\" \/>\n<meta property=\"og:description\" content=\"\u010eAKUJEM! Vitajte! Va\u0161a emailov\u00e1 adresa bola \u00faspe\u0161ne potvrden\u00e1 a boli ste zaregistrovan\u00ed na odber newslettra.\" \/>\n<meta property=\"og:url\" content=\"https:\/\/www.minimal4design.com\/en\/subscription\/\" \/>\n<meta property=\"og:site_name\" content=\"minimal4design\" \/>\n<meta property=\"article:modified_time\" content=\"2021-06-14T22:25:30+00:00\" \/>\n<meta property=\"og:image\" content=\"http:\/\/www.minimal4design.com\/wp-content\/uploads\/elementor\/thumbs\/Pink-and-Gray-Photo-Instagram-Story-e1623615032693-p8mdj15wo1zsj9hskfjfvq8a1r6rbgdkme1fq0tpts.png\" \/>\n<meta name=\"twitter:card\" content=\"summary_large_image\" \/>\n<meta name=\"twitter:label1\" content=\"Estimated reading time\">\n\t<meta name=\"twitter:data1\" content=\"1 minute\">\n<script type=\"application\/ld+json\" class=\"yoast-schema-graph\">{\"@context\":\"https:\/\/schema.org\",\"@graph\":[{\"@type\":\"WebSite\",\"@id\":\"https:\/\/www.minimal4design.com\/en\/#website\",\"url\":\"https:\/\/www.minimal4design.com\/en\/\",\"name\":\"minimal4design\",\"description\":\"PORTF\\u00d3LIO | N\\u00e1vrh a dizajn interi\\u00e9ru | minimal4design\",\"potentialAction\":[{\"@type\":\"SearchAction\",\"target\":\"https:\/\/www.minimal4design.com\/en\/?s={search_term_string}\",\"query-input\":\"required name=search_term_string\"}],\"inLanguage\":\"en-GB\"},{\"@type\":\"ImageObject\",\"@id\":\"https:\/\/www.minimal4design.com\/subscription\/#primaryimage\",\"inLanguage\":\"en-GB\",\"url\":\"http:\/\/www.minimal4design.com\/wp-content\/uploads\/elementor\/thumbs\/Pink-and-Gray-Photo-Instagram-Story-e1623615032693-p8mdj15wo1zsj9hskfjfvq8a1r6rbgdkme1fq0tpts.png\",\"contentUrl\":\"http:\/\/www.minimal4design.com\/wp-content\/uploads\/elementor\/thumbs\/Pink-and-Gray-Photo-Instagram-Story-e1623615032693-p8mdj15wo1zsj9hskfjfvq8a1r6rbgdkme1fq0tpts.png\"},{\"@type\":\"WebPage\",\"@id\":\"https:\/\/www.minimal4design.com\/subscription\/#webpage\",\"url\":\"https:\/\/www.minimal4design.com\/subscription\/\",\"name\":\"SUBSCRIPTION - minimal4design\",\"isPartOf\":{\"@id\":\"https:\/\/www.minimal4design.com\/en\/#website\"},\"primaryImageOfPage\":{\"@id\":\"https:\/\/www.minimal4design.com\/subscription\/#primaryimage\"},\"datePublished\":\"2021-06-14T20:02:30+00:00\",\"dateModified\":\"2021-06-14T22:25:30+00:00\",\"breadcrumb\":{\"@id\":\"https:\/\/www.minimal4design.com\/subscription\/#breadcrumb\"},\"inLanguage\":\"en-GB\",\"potentialAction\":[{\"@type\":\"ReadAction\",\"target\":[\"https:\/\/www.minimal4design.com\/subscription\/\"]}]},{\"@type\":\"BreadcrumbList\",\"@id\":\"https:\/\/www.minimal4design.com\/subscription\/#breadcrumb\",\"itemListElement\":[{\"@type\":\"ListItem\",\"position\":1,\"item\":{\"@type\":\"WebPage\",\"@id\":\"https:\/\/www.minimal4design.com\/\",\"url\":\"https:\/\/www.minimal4design.com\/\",\"name\":\"Domovsk\\u00e1 str\\u00e1nka\"}},{\"@type\":\"ListItem\",\"position\":2,\"item\":{\"@id\":\"https:\/\/www.minimal4design.com\/subscription\/#webpage\"}}]}]}<\/script>\n<!-- \/ Yoast SEO plugin. -->","_links":{"self":[{"href":"https:\/\/www.minimal4design.com\/en\/wp-json\/wp\/v2\/pages\/1649"}],"collection":[{"href":"https:\/\/www.minimal4design.com\/en\/wp-json\/wp\/v2\/pages"}],"about":[{"href":"https:\/\/www.minimal4design.com\/en\/wp-json\/wp\/v2\/types\/page"}],"author":[{"embeddable":true,"href":"https:\/\/www.minimal4design.com\/en\/wp-json\/wp\/v2\/users\/2"}],"replies":[{"embeddable":true,"href":"https:\/\/www.minimal4design.com\/en\/wp-json\/wp\/v2\/comments?post=1649"}],"version-history":[{"count":6,"href":"https:\/\/www.minimal4design.com\/en\/wp-json\/wp\/v2\/pages\/1649\/revisions"}],"predecessor-version":[{"id":1683,"href":"https:\/\/www.minimal4design.com\/en\/wp-json\/wp\/v2\/pages\/1649\/revisions\/1683"}],"wp:attachment":[{"href":"https:\/\/www.minimal4design.com\/en\/wp-json\/wp\/v2\/media?parent=1649"}],"curies":[{"name":"wp","href":"https:\/\/api.w.org\/{rel}","templated":true}]}}