{"id":2115,"date":"2023-04-15T06:59:59","date_gmt":"2023-04-15T06:59:59","guid":{"rendered":"https:\/\/www.minimal4design.com\/?page_id=2115"},"modified":"2023-04-15T07:25:07","modified_gmt":"2023-04-15T07:25:07","slug":"navrh-a-dizajn-interieru-rodinny-dom-galeria","status":"publish","type":"page","link":"https:\/\/www.minimal4design.com\/en\/navrh-a-dizajn-interieru-rodinny-dom-galeria\/","title":{"rendered":"N\u00e1vrh a dizajn interi\u00e9ru rodinn\u00fd dom gal\u00e9ria |"},"content":{"rendered":"<div data-elementor-type=\"wp-page\" data-elementor-id=\"2115\" class=\"elementor elementor-2115\" data-elementor-settings=\"[]\">\n\t\t\t\t\t\t\t<div class=\"elementor-section-wrap\">\n\t\t\t\t\t\t\t<section class=\"elementor-section elementor-top-section elementor-element elementor-element-01dd126 elementor-section-boxed elementor-section-height-default elementor-section-height-default\" data-id=\"01dd126\" data-element_type=\"section\">\n\t\t\t\t\t\t<div class=\"elementor-container elementor-column-gap-default\">\n\t\t\t\t\t<div class=\"elementor-column elementor-col-100 elementor-top-column elementor-element elementor-element-d247d8f\" data-id=\"d247d8f\" data-element_type=\"column\">\n\t\t\t<div class=\"elementor-widget-wrap elementor-element-populated\">\n\t\t\t\t\t\t\t\t<div class=\"elementor-element elementor-element-fc1b0e4 elementor-skin-slideshow elementor-aspect-ratio-219 elementor-arrows-yes elementor-widget elementor-widget-media-carousel\" data-id=\"fc1b0e4\" data-element_type=\"widget\" data-settings=\"{&quot;skin&quot;:&quot;slideshow&quot;,&quot;effect&quot;:&quot;slide&quot;,&quot;show_arrows&quot;:&quot;yes&quot;,&quot;speed&quot;:500,&quot;autoplay&quot;:&quot;yes&quot;,&quot;autoplay_speed&quot;:5000,&quot;loop&quot;:&quot;yes&quot;,&quot;pause_on_hover&quot;:&quot;yes&quot;,&quot;pause_on_interaction&quot;:&quot;yes&quot;,&quot;space_between&quot;:{&quot;unit&quot;:&quot;px&quot;,&quot;size&quot;:10,&quot;sizes&quot;:[]},&quot;space_between_tablet&quot;:{&quot;unit&quot;:&quot;px&quot;,&quot;size&quot;:10,&quot;sizes&quot;:[]},&quot;space_between_mobile&quot;:{&quot;unit&quot;:&quot;px&quot;,&quot;size&quot;:10,&quot;sizes&quot;:[]}}\" data-widget_type=\"media-carousel.default\">\n\t\t\t\t<div class=\"elementor-widget-container\">\n\t\t\t\t\t<div class=\"elementor-swiper\">\n\t\t\t<div class=\"elementor-main-swiper swiper-container\">\n\t\t\t\t<div class=\"swiper-wrapper\">\n\t\t\t\t\t\t\t\t\t\t\t<div class=\"swiper-slide\">\n\t\t\t\t\t\t\t<a href=\"http:\/\/www.minimal4design.com\/en\/wp-content\/uploads\/2023\/04\/CAM5_Kitchen_closeup.0031.png\/\" data-elementor-open-lightbox=\"yes\" data-elementor-lightbox-slideshow=\"fc1b0e4\">\t\t<div class=\"elementor-carousel-image\" style=\"background-image: url(https:\/\/www.minimal4design.com\/wp-content\/uploads\/2023\/04\/CAM5_Kitchen_closeup.0031.png)\">\n\t\t\t\t\t<\/div>\n\t\t<\/a>\t\t\t\t\t\t<\/div>\n\t\t\t\t\t\t\t\t\t\t\t<div class=\"swiper-slide\">\n\t\t\t\t\t\t\t<a href=\"http:\/\/www.minimal4design.com\/en\/wp-content\/uploads\/2023\/04\/CAM11_Dining_table.0031-1.png\/\" data-elementor-open-lightbox=\"yes\" data-elementor-lightbox-slideshow=\"fc1b0e4\">\t\t<div class=\"elementor-carousel-image\" style=\"background-image: url(https:\/\/www.minimal4design.com\/wp-content\/uploads\/2023\/04\/CAM11_Dining_table.0031-1.png)\">\n\t\t\t\t\t<\/div>\n\t\t<\/a>\t\t\t\t\t\t<\/div>\n\t\t\t\t\t\t\t\t\t\t\t<div class=\"swiper-slide\">\n\t\t\t\t\t\t\t<a href=\"http:\/\/www.minimal4design.com\/en\/wp-content\/uploads\/2023\/04\/CAM6_KitchenL.0031.png\/\" data-elementor-open-lightbox=\"yes\" data-elementor-lightbox-slideshow=\"fc1b0e4\">\t\t<div class=\"elementor-carousel-image\" style=\"background-image: url(https:\/\/www.minimal4design.com\/wp-content\/uploads\/2023\/04\/CAM6_KitchenL.0031.png)\">\n\t\t\t\t\t<\/div>\n\t\t<\/a>\t\t\t\t\t\t<\/div>\n\t\t\t\t\t\t\t\t\t\t\t<div class=\"swiper-slide\">\n\t\t\t\t\t\t\t<a href=\"http:\/\/www.minimal4design.com\/en\/wp-content\/uploads\/2023\/04\/CAM10_Kitchen_detail.0031.png\/\" data-elementor-open-lightbox=\"yes\" data-elementor-lightbox-slideshow=\"fc1b0e4\">\t\t<div class=\"elementor-carousel-image\" style=\"background-image: url(https:\/\/www.minimal4design.com\/wp-content\/uploads\/2023\/04\/CAM10_Kitchen_detail.0031.png)\">\n\t\t\t\t\t<\/div>\n\t\t<\/a>\t\t\t\t\t\t<\/div>\n\t\t\t\t\t\t\t\t\t\t\t<div class=\"swiper-slide\">\n\t\t\t\t\t\t\t\t\t<div class=\"elementor-carousel-image\" style=\"background-image: url(https:\/\/www.minimal4design.com\/wp-content\/uploads\/2023\/04\/CAM1_Living_room_wall.0031.png)\">\n\t\t\t\t\t<\/div>\n\t\t\t\t\t\t\t\t<\/div>\n\t\t\t\t\t\t\t\t\t\t\t<div class=\"swiper-slide\">\n\t\t\t\t\t\t\t\t\t<div class=\"elementor-carousel-image\" style=\"background-image: url(https:\/\/www.minimal4design.com\/wp-content\/uploads\/2023\/04\/CAM2_Fireplace.0031.png)\">\n\t\t\t\t\t<\/div>\n\t\t\t\t\t\t\t\t<\/div>\n\t\t\t\t\t\t\t\t\t\t\t<div class=\"swiper-slide\">\n\t\t\t\t\t\t\t\t\t<div class=\"elementor-carousel-image\" style=\"background-image: url(https:\/\/www.minimal4design.com\/wp-content\/uploads\/2023\/04\/CAM3_Living_room45.0031.png)\">\n\t\t\t\t\t<\/div>\n\t\t\t\t\t\t\t\t<\/div>\n\t\t\t\t\t\t\t\t\t\t\t<div class=\"swiper-slide\">\n\t\t\t\t\t\t\t\t\t<div class=\"elementor-carousel-image\" style=\"background-image: url(https:\/\/www.minimal4design.com\/wp-content\/uploads\/2023\/04\/CAM7_Stairs.0031.png)\">\n\t\t\t\t\t<\/div>\n\t\t\t\t\t\t\t\t<\/div>\n\t\t\t\t\t\t\t\t\t\t\t<div class=\"swiper-slide\">\n\t\t\t\t\t\t\t\t\t<div class=\"elementor-carousel-image\" style=\"background-image: url(https:\/\/www.minimal4design.com\/wp-content\/uploads\/2023\/04\/CAM8_gallery.0031.png)\">\n\t\t\t\t\t<\/div>\n\t\t\t\t\t\t\t\t<\/div>\n\t\t\t\t\t\t\t\t\t\t\t<div class=\"swiper-slide\">\n\t\t\t\t\t\t\t\t\t<div class=\"elementor-carousel-image\" style=\"background-image: url(https:\/\/www.minimal4design.com\/wp-content\/uploads\/2023\/04\/CAM4_Kitchen.0031.png)\">\n\t\t\t\t\t<\/div>\n\t\t\t\t\t\t\t\t<\/div>\n\t\t\t\t\t\t\t\t\t<\/div>\n\t\t\t\t\t\t\t\t\t\t\t\t\t\t\t\t\t\t\t\t<div class=\"elementor-swiper-button elementor-swiper-button-prev\">\n\t\t\t\t\t\t\t<i class=\"eicon-chevron-left\" aria-hidden=\"true\"><\/i>\n\t\t\t\t\t\t\t<span class=\"elementor-screen-only\">Previous<\/span>\n\t\t\t\t\t\t<\/div>\n\t\t\t\t\t\t<div class=\"elementor-swiper-button elementor-swiper-button-next\">\n\t\t\t\t\t\t\t<i class=\"eicon-chevron-right\" aria-hidden=\"true\"><\/i>\n\t\t\t\t\t\t\t<span class=\"elementor-screen-only\">Next<\/span>\n\t\t\t\t\t\t<\/div>\n\t\t\t\t\t\t\t\t\t\t\t\t<\/div>\n\t\t<\/div>\n\t\t\t\t<div class=\"elementor-swiper\">\n\t\t\t<div class=\"elementor-thumbnails-swiper swiper-container\">\n\t\t\t\t<div class=\"swiper-wrapper\">\n\t\t\t\t\t\t\t\t\t\t\t<div class=\"swiper-slide\">\n\t\t\t\t\t\t\t\t\t<div class=\"elementor-fit-aspect-ratio elementor-carousel-image\" style=\"background-image: url(https:\/\/www.minimal4design.com\/wp-content\/uploads\/2023\/04\/CAM5_Kitchen_closeup.0031.png)\">\n\t\t\t\t\t<\/div>\n\t\t<\/a>\t\t\t\t\t\t<\/div>\n\t\t\t\t\t\t\t\t\t\t\t<div class=\"swiper-slide\">\n\t\t\t\t\t\t\t\t\t<div class=\"elementor-fit-aspect-ratio elementor-carousel-image\" style=\"background-image: url(https:\/\/www.minimal4design.com\/wp-content\/uploads\/2023\/04\/CAM11_Dining_table.0031-1.png)\">\n\t\t\t\t\t<\/div>\n\t\t<\/a>\t\t\t\t\t\t<\/div>\n\t\t\t\t\t\t\t\t\t\t\t<div class=\"swiper-slide\">\n\t\t\t\t\t\t\t\t\t<div class=\"elementor-fit-aspect-ratio elementor-carousel-image\" style=\"background-image: url(https:\/\/www.minimal4design.com\/wp-content\/uploads\/2023\/04\/CAM6_KitchenL.0031.png)\">\n\t\t\t\t\t<\/div>\n\t\t<\/a>\t\t\t\t\t\t<\/div>\n\t\t\t\t\t\t\t\t\t\t\t<div class=\"swiper-slide\">\n\t\t\t\t\t\t\t\t\t<div class=\"elementor-fit-aspect-ratio elementor-carousel-image\" style=\"background-image: url(https:\/\/www.minimal4design.com\/wp-content\/uploads\/2023\/04\/CAM10_Kitchen_detail.0031.png)\">\n\t\t\t\t\t<\/div>\n\t\t<\/a>\t\t\t\t\t\t<\/div>\n\t\t\t\t\t\t\t\t\t\t\t<div class=\"swiper-slide\">\n\t\t\t\t\t\t\t\t\t<div class=\"elementor-fit-aspect-ratio elementor-carousel-image\" style=\"background-image: url(https:\/\/www.minimal4design.com\/wp-content\/uploads\/2023\/04\/CAM1_Living_room_wall.0031.png)\">\n\t\t\t\t\t<\/div>\n\t\t\t\t\t\t\t\t<\/div>\n\t\t\t\t\t\t\t\t\t\t\t<div class=\"swiper-slide\">\n\t\t\t\t\t\t\t\t\t<div class=\"elementor-fit-aspect-ratio elementor-carousel-image\" style=\"background-image: url(https:\/\/www.minimal4design.com\/wp-content\/uploads\/2023\/04\/CAM2_Fireplace.0031.png)\">\n\t\t\t\t\t<\/div>\n\t\t\t\t\t\t\t\t<\/div>\n\t\t\t\t\t\t\t\t\t\t\t<div class=\"swiper-slide\">\n\t\t\t\t\t\t\t\t\t<div class=\"elementor-fit-aspect-ratio elementor-carousel-image\" style=\"background-image: url(https:\/\/www.minimal4design.com\/wp-content\/uploads\/2023\/04\/CAM3_Living_room45.0031.png)\">\n\t\t\t\t\t<\/div>\n\t\t\t\t\t\t\t\t<\/div>\n\t\t\t\t\t\t\t\t\t\t\t<div class=\"swiper-slide\">\n\t\t\t\t\t\t\t\t\t<div class=\"elementor-fit-aspect-ratio elementor-carousel-image\" style=\"background-image: url(https:\/\/www.minimal4design.com\/wp-content\/uploads\/2023\/04\/CAM7_Stairs.0031.png)\">\n\t\t\t\t\t<\/div>\n\t\t\t\t\t\t\t\t<\/div>\n\t\t\t\t\t\t\t\t\t\t\t<div class=\"swiper-slide\">\n\t\t\t\t\t\t\t\t\t<div class=\"elementor-fit-aspect-ratio elementor-carousel-image\" style=\"background-image: url(https:\/\/www.minimal4design.com\/wp-content\/uploads\/2023\/04\/CAM8_gallery.0031.png)\">\n\t\t\t\t\t<\/div>\n\t\t\t\t\t\t\t\t<\/div>\n\t\t\t\t\t\t\t\t\t\t\t<div class=\"swiper-slide\">\n\t\t\t\t\t\t\t\t\t<div class=\"elementor-fit-aspect-ratio elementor-carousel-image\" style=\"background-image: url(https:\/\/www.minimal4design.com\/wp-content\/uploads\/2023\/04\/CAM4_Kitchen.0031.png)\">\n\t\t\t\t\t<\/div>\n\t\t\t\t\t\t\t\t<\/div>\n\t\t\t\t\t\t\t\t\t<\/div>\n\t\t\t\t\t\t\t\t\t\t\t\t\t\t\t\t\t\t\t\t\t<\/div>\n\t\t<\/div>\n\t\t\t\t<\/div>\n\t\t\t\t<\/div>\n\t\t\t\t\t<\/div>\n\t\t<\/div>\n\t\t\t\t\t\t\t<\/div>\n\t\t<\/section>\n\t\t\t\t<section class=\"elementor-section elementor-top-section elementor-element elementor-element-cd48616 elementor-section-boxed elementor-section-height-default elementor-section-height-default\" data-id=\"cd48616\" data-element_type=\"section\">\n\t\t\t\t\t\t<div class=\"elementor-container elementor-column-gap-default\">\n\t\t\t\t\t<div class=\"elementor-column elementor-col-33 elementor-top-column elementor-element elementor-element-2237b8f\" data-id=\"2237b8f\" data-element_type=\"column\">\n\t\t\t<div class=\"elementor-widget-wrap elementor-element-populated\">\n\t\t\t\t\t\t\t\t<div class=\"elementor-element elementor-element-8c1755f elementor-widget elementor-widget-heading\" data-id=\"8c1755f\" data-element_type=\"widget\" data-widget_type=\"heading.default\">\n\t\t\t\t<div class=\"elementor-widget-container\">\n\t\t\t<h2 class=\"elementor-heading-title elementor-size-default\"><a href=\"https:\/\/www.minimal4design.com\/en\/portfolio\/\">RODINN\u00dd DOM, BRATISLAVA <\/a><\/h2>\t\t<\/div>\n\t\t\t\t<\/div>\n\t\t\t\t\t<\/div>\n\t\t<\/div>\n\t\t\t\t<div class=\"elementor-column elementor-col-33 elementor-top-column elementor-element elementor-element-eb3c8c7\" data-id=\"eb3c8c7\" data-element_type=\"column\">\n\t\t\t<div class=\"elementor-widget-wrap elementor-element-populated\">\n\t\t\t\t\t\t\t\t<div class=\"elementor-element elementor-element-c028fa4 elementor-widget elementor-widget-heading\" data-id=\"c028fa4\" data-element_type=\"widget\" data-widget_type=\"heading.default\">\n\t\t\t\t<div class=\"elementor-widget-container\">\n\t\t\t<h1 class=\"elementor-heading-title elementor-size-default\"><br>Dizajn interi\u00e9ru rodinn\u00fd dom s gal\u00e9riou<\/h1>\t\t<\/div>\n\t\t\t\t<\/div>\n\t\t\t\t<div class=\"elementor-element elementor-element-2f255f9 elementor-widget elementor-widget-heading\" data-id=\"2f255f9\" data-element_type=\"widget\" data-widget_type=\"heading.default\">\n\t\t\t\t<div class=\"elementor-widget-container\">\n\t\t\t<h4 class=\"elementor-heading-title elementor-size-default\"><h4 data-elementor-setting-key=\"title\" data-pen-placeholder=\"P\u00ed\u0161te tu...\" style=\"font-size: 15px; font-style: normal;\">\n<br> \nKombin\u00e1cia svetl\u00fdch farieb v tepl\u00fdch t\u00f3noch vytv\u00e1ra presvetlen\u00fd a z\u00e1rove\u0148 \u00fatuln\u00fd pocit. Vysok\u00fd strop nech\u00e1va n\u00e1dherne vynikn\u00fa\u0165 svietidl\u00e1, ktor\u00e9 dod\u00e1vaj\u00fa interi\u00e9ru charakter.\n<br>\nDreven\u00e9 obklady na TV stene a \u010dierne lamely pri schodisku zd\u00f4raz\u0148uj\u00fa vertik\u00e1lne l\u00ednie. \n<br>\nKuchy\u0148a v svetlom preveden\u00ed zaklincuje celkov\u00fd koncept tepl\u00fdch t\u00f3nov neutr\u00e1lnej farebnej palety.<\/h4>\t\t<\/div>\n\t\t\t\t<\/div>\n\t\t\t\t\t<\/div>\n\t\t<\/div>\n\t\t\t\t<div class=\"elementor-column elementor-col-33 elementor-top-column elementor-element elementor-element-4108329\" data-id=\"4108329\" data-element_type=\"column\">\n\t\t\t<div class=\"elementor-widget-wrap\">\n\t\t\t\t\t\t\t\t\t<\/div>\n\t\t<\/div>\n\t\t\t\t\t\t\t<\/div>\n\t\t<\/section>\n\t\t\t\t<section class=\"elementor-section elementor-top-section elementor-element elementor-element-b1d93b6 elementor-section-boxed elementor-section-height-default elementor-section-height-default\" data-id=\"b1d93b6\" data-element_type=\"section\">\n\t\t\t\t\t\t<div class=\"elementor-container elementor-column-gap-default\">\n\t\t\t\t\t<div class=\"elementor-column elementor-col-50 elementor-top-column elementor-element elementor-element-64533aa\" data-id=\"64533aa\" data-element_type=\"column\">\n\t\t\t<div class=\"elementor-widget-wrap elementor-element-populated\">\n\t\t\t\t\t\t\t\t<div class=\"elementor-element elementor-element-ecbc786 elementor-align-center elementor-widget elementor-widget-button\" data-id=\"ecbc786\" data-element_type=\"widget\" data-widget_type=\"button.default\">\n\t\t\t\t<div class=\"elementor-widget-container\">\n\t\t\t\t\t<div class=\"elementor-button-wrapper\">\n\t\t\t<a href=\"https:\/\/www.minimal4design.com\/en\/kontakt\/\" class=\"elementor-button-link elementor-button elementor-size-sm\" role=\"button\">\n\t\t\t\t\t\t<span class=\"elementor-button-content-wrapper\">\n\t\t\t\t\t\t<span class=\"elementor-button-text\">Contact me<\/span>\n\t\t<\/span>\n\t\t\t\t\t<\/a>\n\t\t<\/div>\n\t\t\t\t<\/div>\n\t\t\t\t<\/div>\n\t\t\t\t\t<\/div>\n\t\t<\/div>\n\t\t\t\t<div class=\"elementor-column elementor-col-50 elementor-top-column elementor-element elementor-element-4fc969b\" data-id=\"4fc969b\" data-element_type=\"column\">\n\t\t\t<div class=\"elementor-widget-wrap\">\n\t\t\t\t\t\t\t\t\t<\/div>\n\t\t<\/div>\n\t\t\t\t\t\t\t<\/div>\n\t\t<\/section>\n\t\t\t\t\t\t<\/div>\n\t\t\t\t\t<\/div>","protected":false},"excerpt":{"rendered":"<p>Previous Next RODINN\u00dd DOM, BRATISLAVA Dizajn interi\u00e9ru rodinn\u00fd dom s gal\u00e9riou Kombin\u00e1cia svetl\u00fdch farieb v tepl\u00fdch t\u00f3noch vytv\u00e1ra presvetlen\u00fd a z\u00e1rove\u0148 \u00fatuln\u00fd pocit. Vysok\u00fd strop nech\u00e1va n\u00e1dherne vynikn\u00fa\u0165 svietidl\u00e1, ktor\u00e9 dod\u00e1vaj\u00fa interi\u00e9ru charakter. Dreven\u00e9 obklady na TV stene a \u010dierne lamely pri schodisku zd\u00f4raz\u0148uj\u00fa vertik\u00e1lne l\u00ednie. Kuchy\u0148a v svetlom preveden\u00ed zaklincuje celkov\u00fd koncept tepl\u00fdch t\u00f3nov &hellip;<\/p>\n<p class=\"read-more\"> <a class=\"\" href=\"https:\/\/www.minimal4design.com\/en\/navrh-a-dizajn-interieru-rodinny-dom-galeria\/\"> <span class=\"screen-reader-text\">N\u00e1vrh a dizajn interi\u00e9ru rodinn\u00fd dom gal\u00e9ria |<\/span> Read More &raquo;<\/a><\/p>","protected":false},"author":2,"featured_media":2122,"parent":0,"menu_order":0,"comment_status":"closed","ping_status":"closed","template":"elementor_canvas","meta":[],"yoast_head":"<!-- This site is optimized with the Yoast SEO plugin v16.2 - https:\/\/yoast.com\/wordpress\/plugins\/seo\/ -->\n<title>N\u00e1vrh a dizajn interi\u00e9ru rodinn\u00fd dom gal\u00e9ria | minimal4design<\/title>\n<meta name=\"description\" content=\"Projekt rodinn\u00e9ho domu v Bratislave s gal\u00e9riou. Kombin\u00e1cia svetl\u00fdch farieb v tepl\u00fdch t\u00f3noch vytv\u00e1ra presvetlen\u00fd a z\u00e1rove\u0148 \u00fatuln\u00fd pocit. Vysok\u00fd strop nech\u00e1va n\u00e1dherne vynikn\u00fa\u0165 svietidl\u00e1, ktor\u00e9 dod\u00e1vaj\u00fa interi\u00e9ru charakter.\" \/>\n<meta name=\"robots\" content=\"index, follow, max-snippet:-1, max-image-preview:large, max-video-preview:-1\" \/>\n<link rel=\"canonical\" href=\"https:\/\/www.minimal4design.com\/en\/navrh-a-dizajn-interieru-rodinny-dom-galeria\/\" \/>\n<meta property=\"og:locale\" content=\"en_GB\" \/>\n<meta property=\"og:type\" content=\"article\" \/>\n<meta property=\"og:title\" content=\"N\u00e1vrh a dizajn interi\u00e9ru rodinn\u00fd dom gal\u00e9ria | minimal4design\" \/>\n<meta property=\"og:description\" content=\"Projekt rodinn\u00e9ho domu v Bratislave s gal\u00e9riou. Kombin\u00e1cia svetl\u00fdch farieb v tepl\u00fdch t\u00f3noch vytv\u00e1ra presvetlen\u00fd a z\u00e1rove\u0148 \u00fatuln\u00fd pocit. Vysok\u00fd strop nech\u00e1va n\u00e1dherne vynikn\u00fa\u0165 svietidl\u00e1, ktor\u00e9 dod\u00e1vaj\u00fa interi\u00e9ru charakter.\" \/>\n<meta property=\"og:url\" content=\"https:\/\/www.minimal4design.com\/en\/navrh-a-dizajn-interieru-rodinny-dom-galeria\/\" \/>\n<meta property=\"og:site_name\" content=\"minimal4design\" \/>\n<meta property=\"article:modified_time\" content=\"2023-04-15T07:25:07+00:00\" \/>\n<meta property=\"og:image\" content=\"http:\/\/www.minimal4design.com\/wp-content\/uploads\/2023\/04\/CAM5_Kitchen_closeup.0031-1024x576.png\" \/>\n\t<meta property=\"og:image:width\" content=\"1024\" \/>\n\t<meta property=\"og:image:height\" content=\"576\" \/>\n<meta name=\"twitter:card\" content=\"summary_large_image\" \/>\n<meta name=\"twitter:label1\" content=\"Estimated reading time\">\n\t<meta name=\"twitter:data1\" content=\"1 minute\">\n<script type=\"application\/ld+json\" class=\"yoast-schema-graph\">{\"@context\":\"https:\/\/schema.org\",\"@graph\":[{\"@type\":\"WebSite\",\"@id\":\"https:\/\/www.minimal4design.com\/en\/#website\",\"url\":\"https:\/\/www.minimal4design.com\/en\/\",\"name\":\"minimal4design\",\"description\":\"PORTF\\u00d3LIO | N\\u00e1vrh a dizajn interi\\u00e9ru | minimal4design\",\"potentialAction\":[{\"@type\":\"SearchAction\",\"target\":\"https:\/\/www.minimal4design.com\/en\/?s={search_term_string}\",\"query-input\":\"required name=search_term_string\"}],\"inLanguage\":\"en-GB\"},{\"@type\":\"ImageObject\",\"@id\":\"https:\/\/www.minimal4design.com\/navrh-a-dizajn-interieru-rodinny-dom-galeria\/#primaryimage\",\"inLanguage\":\"en-GB\",\"url\":\"https:\/\/www.minimal4design.com\/wp-content\/uploads\/2023\/04\/CAM5_Kitchen_closeup.0031.png\",\"contentUrl\":\"https:\/\/www.minimal4design.com\/wp-content\/uploads\/2023\/04\/CAM5_Kitchen_closeup.0031.png\",\"width\":1920,\"height\":1080},{\"@type\":\"WebPage\",\"@id\":\"https:\/\/www.minimal4design.com\/navrh-a-dizajn-interieru-rodinny-dom-galeria\/#webpage\",\"url\":\"https:\/\/www.minimal4design.com\/navrh-a-dizajn-interieru-rodinny-dom-galeria\/\",\"name\":\"N\\u00e1vrh a dizajn interi\\u00e9ru rodinn\\u00fd dom gal\\u00e9ria | minimal4design\",\"isPartOf\":{\"@id\":\"https:\/\/www.minimal4design.com\/en\/#website\"},\"primaryImageOfPage\":{\"@id\":\"https:\/\/www.minimal4design.com\/navrh-a-dizajn-interieru-rodinny-dom-galeria\/#primaryimage\"},\"datePublished\":\"2023-04-15T06:59:59+00:00\",\"dateModified\":\"2023-04-15T07:25:07+00:00\",\"description\":\"Projekt rodinn\\u00e9ho domu v Bratislave s gal\\u00e9riou. Kombin\\u00e1cia svetl\\u00fdch farieb v tepl\\u00fdch t\\u00f3noch vytv\\u00e1ra presvetlen\\u00fd a z\\u00e1rove\\u0148 \\u00fatuln\\u00fd pocit. Vysok\\u00fd strop nech\\u00e1va n\\u00e1dherne vynikn\\u00fa\\u0165 svietidl\\u00e1, ktor\\u00e9 dod\\u00e1vaj\\u00fa interi\\u00e9ru charakter.\",\"breadcrumb\":{\"@id\":\"https:\/\/www.minimal4design.com\/navrh-a-dizajn-interieru-rodinny-dom-galeria\/#breadcrumb\"},\"inLanguage\":\"en-GB\",\"potentialAction\":[{\"@type\":\"ReadAction\",\"target\":[\"https:\/\/www.minimal4design.com\/navrh-a-dizajn-interieru-rodinny-dom-galeria\/\"]}]},{\"@type\":\"BreadcrumbList\",\"@id\":\"https:\/\/www.minimal4design.com\/navrh-a-dizajn-interieru-rodinny-dom-galeria\/#breadcrumb\",\"itemListElement\":[{\"@type\":\"ListItem\",\"position\":1,\"item\":{\"@type\":\"WebPage\",\"@id\":\"https:\/\/www.minimal4design.com\/\",\"url\":\"https:\/\/www.minimal4design.com\/\",\"name\":\"Domovsk\\u00e1 str\\u00e1nka\"}},{\"@type\":\"ListItem\",\"position\":2,\"item\":{\"@id\":\"https:\/\/www.minimal4design.com\/navrh-a-dizajn-interieru-rodinny-dom-galeria\/#webpage\"}}]}]}<\/script>\n<!-- \/ Yoast SEO plugin. -->","_links":{"self":[{"href":"https:\/\/www.minimal4design.com\/en\/wp-json\/wp\/v2\/pages\/2115"}],"collection":[{"href":"https:\/\/www.minimal4design.com\/en\/wp-json\/wp\/v2\/pages"}],"about":[{"href":"https:\/\/www.minimal4design.com\/en\/wp-json\/wp\/v2\/types\/page"}],"author":[{"embeddable":true,"href":"https:\/\/www.minimal4design.com\/en\/wp-json\/wp\/v2\/users\/2"}],"replies":[{"embeddable":true,"href":"https:\/\/www.minimal4design.com\/en\/wp-json\/wp\/v2\/comments?post=2115"}],"version-history":[{"count":5,"href":"https:\/\/www.minimal4design.com\/en\/wp-json\/wp\/v2\/pages\/2115\/revisions"}],"predecessor-version":[{"id":2138,"href":"https:\/\/www.minimal4design.com\/en\/wp-json\/wp\/v2\/pages\/2115\/revisions\/2138"}],"wp:featuredmedia":[{"embeddable":true,"href":"https:\/\/www.minimal4design.com\/en\/wp-json\/wp\/v2\/media\/2122"}],"wp:attachment":[{"href":"https:\/\/www.minimal4design.com\/en\/wp-json\/wp\/v2\/media?parent=2115"}],"curies":[{"name":"wp","href":"https:\/\/api.w.org\/{rel}","templated":true}]}}