{"id":468,"date":"2021-04-27T19:19:43","date_gmt":"2021-04-27T19:19:43","guid":{"rendered":"https:\/\/www.minimal4design.com\/?page_id=468"},"modified":"2023-04-15T06:49:07","modified_gmt":"2023-04-15T06:49:07","slug":"interier-domu","status":"publish","type":"page","link":"https:\/\/www.minimal4design.com\/en\/interier-domu\/","title":{"rendered":"N\u00e1vrh a dizajn interi\u00e9ru domu |"},"content":{"rendered":"<div data-elementor-type=\"wp-page\" data-elementor-id=\"468\" class=\"elementor elementor-468\" data-elementor-settings=\"[]\">\n\t\t\t\t\t\t\t<div class=\"elementor-section-wrap\">\n\t\t\t\t\t\t\t<section class=\"elementor-section elementor-top-section elementor-element elementor-element-10242c8 elementor-section-boxed elementor-section-height-default elementor-section-height-default\" data-id=\"10242c8\" data-element_type=\"section\">\n\t\t\t\t\t\t<div class=\"elementor-container elementor-column-gap-default\">\n\t\t\t\t\t<div class=\"elementor-column elementor-col-100 elementor-top-column elementor-element elementor-element-d016b24\" data-id=\"d016b24\" data-element_type=\"column\">\n\t\t\t<div class=\"elementor-widget-wrap elementor-element-populated\">\n\t\t\t\t\t\t\t\t<div class=\"elementor-element elementor-element-19b3b17 elementor-skin-slideshow elementor-aspect-ratio-219 elementor-arrows-yes elementor-widget elementor-widget-media-carousel\" data-id=\"19b3b17\" data-element_type=\"widget\" data-settings=\"{&quot;skin&quot;:&quot;slideshow&quot;,&quot;effect&quot;:&quot;slide&quot;,&quot;show_arrows&quot;:&quot;yes&quot;,&quot;speed&quot;:500,&quot;autoplay&quot;:&quot;yes&quot;,&quot;autoplay_speed&quot;:5000,&quot;loop&quot;:&quot;yes&quot;,&quot;pause_on_hover&quot;:&quot;yes&quot;,&quot;pause_on_interaction&quot;:&quot;yes&quot;,&quot;space_between&quot;:{&quot;unit&quot;:&quot;px&quot;,&quot;size&quot;:10,&quot;sizes&quot;:[]},&quot;space_between_tablet&quot;:{&quot;unit&quot;:&quot;px&quot;,&quot;size&quot;:10,&quot;sizes&quot;:[]},&quot;space_between_mobile&quot;:{&quot;unit&quot;:&quot;px&quot;,&quot;size&quot;:10,&quot;sizes&quot;:[]}}\" data-widget_type=\"media-carousel.default\">\n\t\t\t\t<div class=\"elementor-widget-container\">\n\t\t\t\t\t<div class=\"elementor-swiper\">\n\t\t\t<div class=\"elementor-main-swiper swiper-container\">\n\t\t\t\t<div class=\"swiper-wrapper\">\n\t\t\t\t\t\t\t\t\t\t\t<div class=\"swiper-slide\">\n\t\t\t\t\t\t\t<a href=\"https:\/\/www.minimal4design.com\/wp-content\/uploads\/2021\/04\/Screenshot_2021-04-28-KONTAKT-minimal4design1.png\" data-elementor-open-lightbox=\"yes\" data-elementor-lightbox-slideshow=\"19b3b17\">\t\t<div class=\"elementor-carousel-image\" style=\"background-image: url(https:\/\/www.minimal4design.com\/wp-content\/uploads\/2021\/04\/Screenshot_2021-04-28-KONTAKT-minimal4design1.png)\">\n\t\t\t\t\t<\/div>\n\t\t<\/a>\t\t\t\t\t\t<\/div>\n\t\t\t\t\t\t\t\t\t\t\t<div class=\"swiper-slide\">\n\t\t\t\t\t\t\t<a href=\"https:\/\/www.minimal4design.com\/wp-content\/uploads\/2021\/04\/Screenshot_2021-04-28-KONTAKT-minimal4design.png\" data-elementor-open-lightbox=\"yes\" data-elementor-lightbox-slideshow=\"19b3b17\">\t\t<div class=\"elementor-carousel-image\" style=\"background-image: url(https:\/\/www.minimal4design.com\/wp-content\/uploads\/2021\/04\/Screenshot_2021-04-28-KONTAKT-minimal4design.png)\">\n\t\t\t\t\t<\/div>\n\t\t<\/a>\t\t\t\t\t\t<\/div>\n\t\t\t\t\t\t\t\t\t\t\t<div class=\"swiper-slide\">\n\t\t\t\t\t\t\t<a href=\"https:\/\/www.minimal4design.com\/wp-content\/uploads\/2021\/04\/Screenshot_2021-04-28-KONTAKT-minimal4design3.png\" data-elementor-open-lightbox=\"yes\" data-elementor-lightbox-slideshow=\"19b3b17\">\t\t<div class=\"elementor-carousel-image\" style=\"background-image: url(https:\/\/www.minimal4design.com\/wp-content\/uploads\/2021\/04\/Screenshot_2021-04-28-KONTAKT-minimal4design3.png)\">\n\t\t\t\t\t<\/div>\n\t\t<\/a>\t\t\t\t\t\t<\/div>\n\t\t\t\t\t\t\t\t\t<\/div>\n\t\t\t\t\t\t\t\t\t\t\t\t\t\t\t\t\t\t\t\t<div class=\"elementor-swiper-button elementor-swiper-button-prev\">\n\t\t\t\t\t\t\t<i class=\"eicon-chevron-left\" aria-hidden=\"true\"><\/i>\n\t\t\t\t\t\t\t<span class=\"elementor-screen-only\">Previous<\/span>\n\t\t\t\t\t\t<\/div>\n\t\t\t\t\t\t<div class=\"elementor-swiper-button elementor-swiper-button-next\">\n\t\t\t\t\t\t\t<i class=\"eicon-chevron-right\" aria-hidden=\"true\"><\/i>\n\t\t\t\t\t\t\t<span class=\"elementor-screen-only\">Next<\/span>\n\t\t\t\t\t\t<\/div>\n\t\t\t\t\t\t\t\t\t\t\t\t<\/div>\n\t\t<\/div>\n\t\t\t\t<div class=\"elementor-swiper\">\n\t\t\t<div class=\"elementor-thumbnails-swiper swiper-container\">\n\t\t\t\t<div class=\"swiper-wrapper\">\n\t\t\t\t\t\t\t\t\t\t\t<div class=\"swiper-slide\">\n\t\t\t\t\t\t\t\t\t<div class=\"elementor-fit-aspect-ratio elementor-carousel-image\" style=\"background-image: url(https:\/\/www.minimal4design.com\/wp-content\/uploads\/2021\/04\/Screenshot_2021-04-28-KONTAKT-minimal4design1.png)\">\n\t\t\t\t\t<\/div>\n\t\t<\/a>\t\t\t\t\t\t<\/div>\n\t\t\t\t\t\t\t\t\t\t\t<div class=\"swiper-slide\">\n\t\t\t\t\t\t\t\t\t<div class=\"elementor-fit-aspect-ratio elementor-carousel-image\" style=\"background-image: url(https:\/\/www.minimal4design.com\/wp-content\/uploads\/2021\/04\/Screenshot_2021-04-28-KONTAKT-minimal4design.png)\">\n\t\t\t\t\t<\/div>\n\t\t<\/a>\t\t\t\t\t\t<\/div>\n\t\t\t\t\t\t\t\t\t\t\t<div class=\"swiper-slide\">\n\t\t\t\t\t\t\t\t\t<div class=\"elementor-fit-aspect-ratio elementor-carousel-image\" style=\"background-image: url(https:\/\/www.minimal4design.com\/wp-content\/uploads\/2021\/04\/Screenshot_2021-04-28-KONTAKT-minimal4design3.png)\">\n\t\t\t\t\t<\/div>\n\t\t<\/a>\t\t\t\t\t\t<\/div>\n\t\t\t\t\t\t\t\t\t<\/div>\n\t\t\t\t\t\t\t\t\t\t\t\t\t\t\t\t\t\t\t\t\t<\/div>\n\t\t<\/div>\n\t\t\t\t<\/div>\n\t\t\t\t<\/div>\n\t\t\t\t\t<\/div>\n\t\t<\/div>\n\t\t\t\t\t\t\t<\/div>\n\t\t<\/section>\n\t\t\t\t<section class=\"elementor-section elementor-top-section elementor-element elementor-element-f93efaf elementor-section-boxed elementor-section-height-default elementor-section-height-default\" data-id=\"f93efaf\" data-element_type=\"section\">\n\t\t\t\t\t\t<div class=\"elementor-container elementor-column-gap-default\">\n\t\t\t\t\t<div class=\"elementor-column elementor-col-33 elementor-top-column elementor-element elementor-element-7d17f4d\" data-id=\"7d17f4d\" data-element_type=\"column\">\n\t\t\t<div class=\"elementor-widget-wrap elementor-element-populated\">\n\t\t\t\t\t\t\t\t<div class=\"elementor-element elementor-element-ce823da elementor-widget elementor-widget-heading\" data-id=\"ce823da\" data-element_type=\"widget\" data-widget_type=\"heading.default\">\n\t\t\t\t<div class=\"elementor-widget-container\">\n\t\t\t<h2 class=\"elementor-heading-title elementor-size-default\"><a href=\"https:\/\/www.minimal4design.com\/en\/portfolio\/\">FAMILY HOME,<br>READING, UK<\/a><\/h2>\t\t<\/div>\n\t\t\t\t<\/div>\n\t\t\t\t\t<\/div>\n\t\t<\/div>\n\t\t\t\t<div class=\"elementor-column elementor-col-33 elementor-top-column elementor-element elementor-element-09e3283\" data-id=\"09e3283\" data-element_type=\"column\">\n\t\t\t<div class=\"elementor-widget-wrap elementor-element-populated\">\n\t\t\t\t\t\t\t\t<div class=\"elementor-element elementor-element-0cc548f elementor-widget elementor-widget-heading\" data-id=\"0cc548f\" data-element_type=\"widget\" data-widget_type=\"heading.default\">\n\t\t\t\t<div class=\"elementor-widget-container\">\n\t\t\t<h1 class=\"elementor-heading-title elementor-size-default\">Home interior design<\/h1>\t\t<\/div>\n\t\t\t\t<\/div>\n\t\t\t\t<div class=\"elementor-element elementor-element-0a0c99b elementor-widget elementor-widget-heading\" data-id=\"0a0c99b\" data-element_type=\"widget\" data-widget_type=\"heading.default\">\n\t\t\t\t<div class=\"elementor-widget-container\">\n\t\t\t<h4 class=\"elementor-heading-title elementor-size-default\">The wood headboard wall adds warmth to the bedroom and creates that cozy feeling. These wooden tiles were the first piece we started to build the whole bedroom concept with.\n<br>\nWe designed the wardrobe in a minimal style so that it blends in and doesn't compete with the feature wall. The grey colour makes the wood just pop :) A leather bed creates a sense of luxury.\n<br>\nAn oversized art adds another layer of interest and style to the room. The happy couple living here will hopefully feel pampered and well-rested.<\/h4>\t\t<\/div>\n\t\t\t\t<\/div>\n\t\t\t\t\t<\/div>\n\t\t<\/div>\n\t\t\t\t<div class=\"elementor-column elementor-col-33 elementor-top-column elementor-element elementor-element-3864e7d\" data-id=\"3864e7d\" data-element_type=\"column\">\n\t\t\t<div class=\"elementor-widget-wrap\">\n\t\t\t\t\t\t\t\t\t<\/div>\n\t\t<\/div>\n\t\t\t\t\t\t\t<\/div>\n\t\t<\/section>\n\t\t\t\t<section class=\"elementor-section elementor-top-section elementor-element elementor-element-99beef9 elementor-section-boxed elementor-section-height-default elementor-section-height-default\" data-id=\"99beef9\" data-element_type=\"section\">\n\t\t\t\t\t\t<div class=\"elementor-container elementor-column-gap-default\">\n\t\t\t\t\t<div class=\"elementor-column elementor-col-50 elementor-top-column elementor-element elementor-element-13f5233\" data-id=\"13f5233\" data-element_type=\"column\">\n\t\t\t<div class=\"elementor-widget-wrap elementor-element-populated\">\n\t\t\t\t\t\t\t\t<div class=\"elementor-element elementor-element-37d0da6 elementor-align-center elementor-widget elementor-widget-button\" data-id=\"37d0da6\" data-element_type=\"widget\" data-widget_type=\"button.default\">\n\t\t\t\t<div class=\"elementor-widget-container\">\n\t\t\t\t\t<div class=\"elementor-button-wrapper\">\n\t\t\t<a href=\"https:\/\/www.minimal4design.com\/en\/kontakt\/\" class=\"elementor-button-link elementor-button elementor-size-sm\" role=\"button\">\n\t\t\t\t\t\t<span class=\"elementor-button-content-wrapper\">\n\t\t\t\t\t\t<span class=\"elementor-button-text\">Contact me<\/span>\n\t\t<\/span>\n\t\t\t\t\t<\/a>\n\t\t<\/div>\n\t\t\t\t<\/div>\n\t\t\t\t<\/div>\n\t\t\t\t\t<\/div>\n\t\t<\/div>\n\t\t\t\t<div class=\"elementor-column elementor-col-50 elementor-top-column elementor-element elementor-element-8bac1b5\" data-id=\"8bac1b5\" data-element_type=\"column\">\n\t\t\t<div class=\"elementor-widget-wrap\">\n\t\t\t\t\t\t\t\t\t<\/div>\n\t\t<\/div>\n\t\t\t\t\t\t\t<\/div>\n\t\t<\/section>\n\t\t\t\t\t\t<\/div>\n\t\t\t\t\t<\/div>","protected":false},"excerpt":{"rendered":"<p>Previous Next RODINN\u00dd DOM, READING, V. BRIT\u00c1NIA Dizajn interi\u00e9ru domu Dreven\u00e9 obklady boli prv\u00fdm k\u00faskom, ktor\u00fdm sme za\u010dali budova\u0165 koncept celej sp\u00e1lne. Drevo dod\u00e1va sp\u00e1lni teplo a vytv\u00e1ra \u00fatuln\u00fd pocit a z\u00e1rove\u0148 p\u00f4sob\u00ed ako dominanta miestnosti. \u0160atn\u00edk som navrhla v minimalistickom \u0161t\u00fdle, aby ladil, ale &#8222;nes\u00fa\u0165a\u017eil&#8220; s na\u0161\u00edm obkladom. V\u010faka \u0161edej farbe drevo vystupuje e\u0161te &hellip;<\/p>\n<p class=\"read-more\"> <a class=\"\" href=\"https:\/\/www.minimal4design.com\/en\/interier-domu\/\"> <span class=\"screen-reader-text\">N\u00e1vrh a dizajn interi\u00e9ru domu |<\/span> Read More &raquo;<\/a><\/p>","protected":false},"author":1,"featured_media":472,"parent":0,"menu_order":0,"comment_status":"closed","ping_status":"closed","template":"","meta":[],"yoast_head":"<!-- This site is optimized with the Yoast SEO plugin v16.2 - https:\/\/yoast.com\/wordpress\/plugins\/seo\/ -->\n<title>N\u00e1vrh a dizajn interi\u00e9ru domu | minimal4design<\/title>\n<meta name=\"description\" content=\"Projekt rodin\u00e9ho domu, Reading, Ve\u013ek\u00e1 Brit\u00e1nia - sp\u00e1l\u0148a . Dreven\u00e9 obklady boli prv\u00fdm k\u00faskom, ktor\u00fdm sme za\u010dali budova\u0165 koncept celej sp\u00e1lne.\" \/>\n<meta name=\"robots\" content=\"index, follow, max-snippet:-1, max-image-preview:large, max-video-preview:-1\" \/>\n<link rel=\"canonical\" href=\"https:\/\/www.minimal4design.com\/en\/interier-domu\/\" \/>\n<meta property=\"og:locale\" content=\"en_GB\" \/>\n<meta property=\"og:type\" content=\"article\" \/>\n<meta property=\"og:title\" content=\"N\u00e1vrh a dizajn interi\u00e9ru domu | minimal4design\" \/>\n<meta property=\"og:description\" content=\"Projekt rodin\u00e9ho domu, Reading, Ve\u013ek\u00e1 Brit\u00e1nia - sp\u00e1l\u0148a . Dreven\u00e9 obklady boli prv\u00fdm k\u00faskom, ktor\u00fdm sme za\u010dali budova\u0165 koncept celej sp\u00e1lne.\" \/>\n<meta property=\"og:url\" content=\"https:\/\/www.minimal4design.com\/en\/interier-domu\/\" \/>\n<meta property=\"og:site_name\" content=\"minimal4design\" \/>\n<meta property=\"article:modified_time\" content=\"2023-04-15T06:49:07+00:00\" \/>\n<meta property=\"og:image\" content=\"http:\/\/www.minimal4design.com\/wp-content\/uploads\/2021\/04\/Screenshot_2021-04-28-KONTAKT-minimal4design1-1024x585.png\" \/>\n\t<meta property=\"og:image:width\" content=\"1024\" \/>\n\t<meta property=\"og:image:height\" content=\"585\" \/>\n<meta name=\"twitter:card\" content=\"summary_large_image\" \/>\n<meta name=\"twitter:label1\" content=\"Estimated reading time\">\n\t<meta name=\"twitter:data1\" content=\"1 minute\">\n<script type=\"application\/ld+json\" class=\"yoast-schema-graph\">{\"@context\":\"https:\/\/schema.org\",\"@graph\":[{\"@type\":\"WebSite\",\"@id\":\"https:\/\/www.minimal4design.com\/en\/#website\",\"url\":\"https:\/\/www.minimal4design.com\/en\/\",\"name\":\"minimal4design\",\"description\":\"PORTF\\u00d3LIO | N\\u00e1vrh a dizajn interi\\u00e9ru | minimal4design\",\"potentialAction\":[{\"@type\":\"SearchAction\",\"target\":\"https:\/\/www.minimal4design.com\/en\/?s={search_term_string}\",\"query-input\":\"required name=search_term_string\"}],\"inLanguage\":\"en-GB\"},{\"@type\":\"ImageObject\",\"@id\":\"https:\/\/www.minimal4design.com\/interier-domu\/#primaryimage\",\"inLanguage\":\"en-GB\",\"url\":\"https:\/\/www.minimal4design.com\/wp-content\/uploads\/2021\/04\/Screenshot_2021-04-28-KONTAKT-minimal4design1.png\",\"contentUrl\":\"https:\/\/www.minimal4design.com\/wp-content\/uploads\/2021\/04\/Screenshot_2021-04-28-KONTAKT-minimal4design1.png\",\"width\":1352,\"height\":772,\"caption\":\"Dizajn interi\\u00e9ru domu\"},{\"@type\":\"WebPage\",\"@id\":\"https:\/\/www.minimal4design.com\/interier-domu\/#webpage\",\"url\":\"https:\/\/www.minimal4design.com\/interier-domu\/\",\"name\":\"N\\u00e1vrh a dizajn interi\\u00e9ru domu | minimal4design\",\"isPartOf\":{\"@id\":\"https:\/\/www.minimal4design.com\/en\/#website\"},\"primaryImageOfPage\":{\"@id\":\"https:\/\/www.minimal4design.com\/interier-domu\/#primaryimage\"},\"datePublished\":\"2021-04-27T19:19:43+00:00\",\"dateModified\":\"2023-04-15T06:49:07+00:00\",\"description\":\"Projekt rodin\\u00e9ho domu, Reading, Ve\\u013ek\\u00e1 Brit\\u00e1nia - sp\\u00e1l\\u0148a . Dreven\\u00e9 obklady boli prv\\u00fdm k\\u00faskom, ktor\\u00fdm sme za\\u010dali budova\\u0165 koncept celej sp\\u00e1lne.\",\"breadcrumb\":{\"@id\":\"https:\/\/www.minimal4design.com\/interier-domu\/#breadcrumb\"},\"inLanguage\":\"en-GB\",\"potentialAction\":[{\"@type\":\"ReadAction\",\"target\":[\"https:\/\/www.minimal4design.com\/interier-domu\/\"]}]},{\"@type\":\"BreadcrumbList\",\"@id\":\"https:\/\/www.minimal4design.com\/interier-domu\/#breadcrumb\",\"itemListElement\":[{\"@type\":\"ListItem\",\"position\":1,\"item\":{\"@type\":\"WebPage\",\"@id\":\"https:\/\/www.minimal4design.com\/\",\"url\":\"https:\/\/www.minimal4design.com\/\",\"name\":\"Domovsk\\u00e1 str\\u00e1nka\"}},{\"@type\":\"ListItem\",\"position\":2,\"item\":{\"@id\":\"https:\/\/www.minimal4design.com\/interier-domu\/#webpage\"}}]}]}<\/script>\n<!-- \/ Yoast SEO plugin. -->","_links":{"self":[{"href":"https:\/\/www.minimal4design.com\/en\/wp-json\/wp\/v2\/pages\/468"}],"collection":[{"href":"https:\/\/www.minimal4design.com\/en\/wp-json\/wp\/v2\/pages"}],"about":[{"href":"https:\/\/www.minimal4design.com\/en\/wp-json\/wp\/v2\/types\/page"}],"author":[{"embeddable":true,"href":"https:\/\/www.minimal4design.com\/en\/wp-json\/wp\/v2\/users\/1"}],"replies":[{"embeddable":true,"href":"https:\/\/www.minimal4design.com\/en\/wp-json\/wp\/v2\/comments?post=468"}],"version-history":[{"count":6,"href":"https:\/\/www.minimal4design.com\/en\/wp-json\/wp\/v2\/pages\/468\/revisions"}],"predecessor-version":[{"id":2114,"href":"https:\/\/www.minimal4design.com\/en\/wp-json\/wp\/v2\/pages\/468\/revisions\/2114"}],"wp:featuredmedia":[{"embeddable":true,"href":"https:\/\/www.minimal4design.com\/en\/wp-json\/wp\/v2\/media\/472"}],"wp:attachment":[{"href":"https:\/\/www.minimal4design.com\/en\/wp-json\/wp\/v2\/media?parent=468"}],"curies":[{"name":"wp","href":"https:\/\/api.w.org\/{rel}","templated":true}]}}