{"id":520,"date":"2021-04-27T20:38:20","date_gmt":"2021-04-27T20:38:20","guid":{"rendered":"https:\/\/www.minimal4design.com\/?page_id=520"},"modified":"2021-06-03T20:33:09","modified_gmt":"2021-06-03T20:33:09","slug":"interierovy-dizajn-kupelna","status":"publish","type":"page","link":"https:\/\/www.minimal4design.com\/en\/interierovy-dizajn-kupelna\/","title":{"rendered":"N\u00e1vrh a dizajn interi\u00e9ru k\u00fapel\u0148e |"},"content":{"rendered":"<div data-elementor-type=\"wp-page\" data-elementor-id=\"520\" class=\"elementor elementor-520\" data-elementor-settings=\"[]\">\n\t\t\t\t\t\t\t<div class=\"elementor-section-wrap\">\n\t\t\t\t\t\t\t<section class=\"elementor-section elementor-top-section elementor-element elementor-element-d06e227 elementor-section-boxed elementor-section-height-default elementor-section-height-default\" data-id=\"d06e227\" data-element_type=\"section\">\n\t\t\t\t\t\t<div class=\"elementor-container elementor-column-gap-default\">\n\t\t\t\t\t<div class=\"elementor-column elementor-col-100 elementor-top-column elementor-element elementor-element-6de0d6b\" data-id=\"6de0d6b\" data-element_type=\"column\">\n\t\t\t<div class=\"elementor-widget-wrap elementor-element-populated\">\n\t\t\t\t\t\t\t\t<div class=\"elementor-element elementor-element-5aaf368 elementor-skin-carousel elementor-arrows-yes elementor-pagination-type-bullets elementor-pagination-position-outside elementor-widget elementor-widget-media-carousel\" data-id=\"5aaf368\" data-element_type=\"widget\" data-settings=\"{&quot;slides_per_view&quot;:&quot;4&quot;,&quot;skin&quot;:&quot;carousel&quot;,&quot;effect&quot;:&quot;slide&quot;,&quot;show_arrows&quot;:&quot;yes&quot;,&quot;pagination&quot;:&quot;bullets&quot;,&quot;speed&quot;:500,&quot;autoplay&quot;:&quot;yes&quot;,&quot;autoplay_speed&quot;:5000,&quot;loop&quot;:&quot;yes&quot;,&quot;pause_on_hover&quot;:&quot;yes&quot;,&quot;pause_on_interaction&quot;:&quot;yes&quot;,&quot;space_between&quot;:{&quot;unit&quot;:&quot;px&quot;,&quot;size&quot;:10,&quot;sizes&quot;:[]},&quot;space_between_tablet&quot;:{&quot;unit&quot;:&quot;px&quot;,&quot;size&quot;:10,&quot;sizes&quot;:[]},&quot;space_between_mobile&quot;:{&quot;unit&quot;:&quot;px&quot;,&quot;size&quot;:10,&quot;sizes&quot;:[]}}\" data-widget_type=\"media-carousel.default\">\n\t\t\t\t<div class=\"elementor-widget-container\">\n\t\t\t\t\t<div class=\"elementor-swiper\">\n\t\t\t<div class=\"elementor-main-swiper swiper-container\">\n\t\t\t\t<div class=\"swiper-wrapper\">\n\t\t\t\t\t\t\t\t\t\t\t<div class=\"swiper-slide\">\n\t\t\t\t\t\t\t<a href=\"https:\/\/www.minimal4design.com\/wp-content\/uploads\/2021\/04\/Screenshot_2021-04-28-KONTAKT-minimal4design4.png\" data-elementor-open-lightbox=\"yes\" data-elementor-lightbox-slideshow=\"5aaf368\">\t\t<div class=\"elementor-carousel-image\" style=\"background-image: url(https:\/\/www.minimal4design.com\/wp-content\/uploads\/2021\/04\/Screenshot_2021-04-28-KONTAKT-minimal4design4.png)\">\n\t\t\t\t\t<\/div>\n\t\t<\/a>\t\t\t\t\t\t<\/div>\n\t\t\t\t\t\t\t\t\t\t\t<div class=\"swiper-slide\">\n\t\t\t\t\t\t\t<a href=\"https:\/\/www.minimal4design.com\/wp-content\/uploads\/2021\/04\/Screenshot_2021-04-28-KONTAKT-minimal4design5.png\" data-elementor-open-lightbox=\"yes\" data-elementor-lightbox-slideshow=\"5aaf368\">\t\t<div class=\"elementor-carousel-image\" style=\"background-image: url(https:\/\/www.minimal4design.com\/wp-content\/uploads\/2021\/04\/Screenshot_2021-04-28-KONTAKT-minimal4design5.png)\">\n\t\t\t\t\t<\/div>\n\t\t<\/a>\t\t\t\t\t\t<\/div>\n\t\t\t\t\t\t\t\t\t\t\t<div class=\"swiper-slide\">\n\t\t\t\t\t\t\t<a href=\"https:\/\/www.minimal4design.com\/wp-content\/uploads\/2021\/04\/Screenshot_2021-04-28-KONTAKT-minimal4design6.png\" data-elementor-open-lightbox=\"yes\" data-elementor-lightbox-slideshow=\"5aaf368\">\t\t<div class=\"elementor-carousel-image\" style=\"background-image: url(https:\/\/www.minimal4design.com\/wp-content\/uploads\/2021\/04\/Screenshot_2021-04-28-KONTAKT-minimal4design6.png)\">\n\t\t\t\t\t<\/div>\n\t\t<\/a>\t\t\t\t\t\t<\/div>\n\t\t\t\t\t\t\t\t\t\t\t<div class=\"swiper-slide\">\n\t\t\t\t\t\t\t<a href=\"https:\/\/www.minimal4design.com\/wp-content\/uploads\/2021\/04\/Screenshot_2021-04-28-KONTAKT-minimal4design8.png\" data-elementor-open-lightbox=\"yes\" data-elementor-lightbox-slideshow=\"5aaf368\">\t\t<div class=\"elementor-carousel-image\" style=\"background-image: url(https:\/\/www.minimal4design.com\/wp-content\/uploads\/2021\/04\/Screenshot_2021-04-28-KONTAKT-minimal4design8.png)\">\n\t\t\t\t\t<\/div>\n\t\t<\/a>\t\t\t\t\t\t<\/div>\n\t\t\t\t\t\t\t\t\t\t\t<div class=\"swiper-slide\">\n\t\t\t\t\t\t\t<a href=\"https:\/\/www.minimal4design.com\/wp-content\/uploads\/2021\/04\/Screenshot_2021-04-28-KONTAKT-minimal4design9.png\" data-elementor-open-lightbox=\"yes\" data-elementor-lightbox-slideshow=\"5aaf368\">\t\t<div class=\"elementor-carousel-image\" style=\"background-image: url(https:\/\/www.minimal4design.com\/wp-content\/uploads\/2021\/04\/Screenshot_2021-04-28-KONTAKT-minimal4design9.png)\">\n\t\t\t\t\t<\/div>\n\t\t<\/a>\t\t\t\t\t\t<\/div>\n\t\t\t\t\t\t\t\t\t<\/div>\n\t\t\t\t\t\t\t\t\t\t\t\t\t\t\t<div class=\"swiper-pagination\"><\/div>\n\t\t\t\t\t\t\t\t\t\t\t\t\t\t\t\t<div class=\"elementor-swiper-button elementor-swiper-button-prev\">\n\t\t\t\t\t\t\t<i class=\"eicon-chevron-left\" aria-hidden=\"true\"><\/i>\n\t\t\t\t\t\t\t<span class=\"elementor-screen-only\">Previous<\/span>\n\t\t\t\t\t\t<\/div>\n\t\t\t\t\t\t<div class=\"elementor-swiper-button elementor-swiper-button-next\">\n\t\t\t\t\t\t\t<i class=\"eicon-chevron-right\" aria-hidden=\"true\"><\/i>\n\t\t\t\t\t\t\t<span class=\"elementor-screen-only\">Next<\/span>\n\t\t\t\t\t\t<\/div>\n\t\t\t\t\t\t\t\t\t\t\t\t<\/div>\n\t\t<\/div>\n\t\t\t\t<\/div>\n\t\t\t\t<\/div>\n\t\t\t\t\t<\/div>\n\t\t<\/div>\n\t\t\t\t\t\t\t<\/div>\n\t\t<\/section>\n\t\t\t\t<section class=\"elementor-section elementor-top-section elementor-element elementor-element-51ac78e elementor-section-boxed elementor-section-height-default elementor-section-height-default\" data-id=\"51ac78e\" data-element_type=\"section\">\n\t\t\t\t\t\t<div class=\"elementor-container elementor-column-gap-default\">\n\t\t\t\t\t<div class=\"elementor-column elementor-col-33 elementor-top-column elementor-element elementor-element-6112456\" data-id=\"6112456\" data-element_type=\"column\">\n\t\t\t<div class=\"elementor-widget-wrap elementor-element-populated\">\n\t\t\t\t\t\t\t\t<div class=\"elementor-element elementor-element-9d8628d elementor-widget elementor-widget-heading\" data-id=\"9d8628d\" data-element_type=\"widget\" data-widget_type=\"heading.default\">\n\t\t\t\t<div class=\"elementor-widget-container\">\n\t\t\t<h2 class=\"elementor-heading-title elementor-size-default\"><a href=\"https:\/\/www.minimal4design.com\/en\/portfolio\/\">FAMILY HOME,<br>READING, UK<\/a><\/h2>\t\t<\/div>\n\t\t\t\t<\/div>\n\t\t\t\t\t<\/div>\n\t\t<\/div>\n\t\t\t\t<div class=\"elementor-column elementor-col-33 elementor-top-column elementor-element elementor-element-845848c\" data-id=\"845848c\" data-element_type=\"column\">\n\t\t\t<div class=\"elementor-widget-wrap elementor-element-populated\">\n\t\t\t\t\t\t\t\t<div class=\"elementor-element elementor-element-8eb94c1 elementor-widget elementor-widget-heading\" data-id=\"8eb94c1\" data-element_type=\"widget\" data-widget_type=\"heading.default\">\n\t\t\t\t<div class=\"elementor-widget-container\">\n\t\t\t<h1 class=\"elementor-heading-title elementor-size-default\">Bathroom interior design<\/h1>\t\t<\/div>\n\t\t\t\t<\/div>\n\t\t\t\t<div class=\"elementor-element elementor-element-a8659bc elementor-widget elementor-widget-heading\" data-id=\"a8659bc\" data-element_type=\"widget\" data-widget_type=\"heading.default\">\n\t\t\t\t<div class=\"elementor-widget-container\">\n\t\t\t<h4 class=\"elementor-heading-title elementor-size-default\">The master bedroom project, shared previously, wouldn't be complete without a bathroom. We wanted to achieve sophistication and timeless design, and enough storage. Our choice was to go for the marble effect.<br>\nLight colour and mirrored cabinet (plus additional mirror on the side), drawers are perfect picks for a small bathroom. Grey tinted glass is just to add to a dramatic effect.<\/h4>\t\t<\/div>\n\t\t\t\t<\/div>\n\t\t\t\t\t<\/div>\n\t\t<\/div>\n\t\t\t\t<div class=\"elementor-column elementor-col-33 elementor-top-column elementor-element elementor-element-c75554a\" data-id=\"c75554a\" data-element_type=\"column\">\n\t\t\t<div class=\"elementor-widget-wrap\">\n\t\t\t\t\t\t\t\t\t<\/div>\n\t\t<\/div>\n\t\t\t\t\t\t\t<\/div>\n\t\t<\/section>\n\t\t\t\t<section class=\"elementor-section elementor-top-section elementor-element elementor-element-ac492c0 elementor-section-boxed elementor-section-height-default elementor-section-height-default\" data-id=\"ac492c0\" data-element_type=\"section\">\n\t\t\t\t\t\t<div class=\"elementor-container elementor-column-gap-default\">\n\t\t\t\t\t<div class=\"elementor-column elementor-col-50 elementor-top-column elementor-element elementor-element-24ec63a\" data-id=\"24ec63a\" data-element_type=\"column\">\n\t\t\t<div class=\"elementor-widget-wrap elementor-element-populated\">\n\t\t\t\t\t\t\t\t<div class=\"elementor-element elementor-element-7e9b832 elementor-align-center elementor-widget elementor-widget-button\" data-id=\"7e9b832\" data-element_type=\"widget\" data-widget_type=\"button.default\">\n\t\t\t\t<div class=\"elementor-widget-container\">\n\t\t\t\t\t<div class=\"elementor-button-wrapper\">\n\t\t\t<a href=\"https:\/\/www.minimal4design.com\/en\/kontakt\/\" class=\"elementor-button-link elementor-button elementor-size-sm\" role=\"button\">\n\t\t\t\t\t\t<span class=\"elementor-button-content-wrapper\">\n\t\t\t\t\t\t<span class=\"elementor-button-text\">Contact me<\/span>\n\t\t<\/span>\n\t\t\t\t\t<\/a>\n\t\t<\/div>\n\t\t\t\t<\/div>\n\t\t\t\t<\/div>\n\t\t\t\t\t<\/div>\n\t\t<\/div>\n\t\t\t\t<div class=\"elementor-column elementor-col-50 elementor-top-column elementor-element elementor-element-82c0f48\" data-id=\"82c0f48\" data-element_type=\"column\">\n\t\t\t<div class=\"elementor-widget-wrap\">\n\t\t\t\t\t\t\t\t\t<\/div>\n\t\t<\/div>\n\t\t\t\t\t\t\t<\/div>\n\t\t<\/section>\n\t\t\t\t\t\t<\/div>\n\t\t\t\t\t<\/div>","protected":false},"excerpt":{"rendered":"<p>Previous Next RODINN\u00dd DOM, READING, V. BRIT\u00c1NIA Dizajn interi\u00e9ru k\u00fape\u013ene Projekt hlavnej sp\u00e1lne, zdie\u013ean\u00fd predt\u00fdm, by nebol kompletn\u00fd bez k\u00fape\u013ene. Chceli sme dosiahnu\u0165 sofistikovanos\u0165, nad\u010dasov\u00fd dizajn a dostatok \u00falo\u017en\u00e9ho priestoru. Zvolili sme jemn\u00fd mramorov\u00fd efekt. Svetl\u00e9 farby, zrkadlov\u00e1 skrinka (a takisto \u010fa\u013e\u0161ie zrkadlo na bo\u010dnej strane), skrinka pod um\u00fdvadlom s\u00fa perfektnou vo\u013ebou pre mal\u00fa k\u00fape\u013e\u0148u, &hellip;<\/p>\n<p class=\"read-more\"> <a class=\"\" href=\"https:\/\/www.minimal4design.com\/en\/interierovy-dizajn-kupelna\/\"> <span class=\"screen-reader-text\">N\u00e1vrh a dizajn interi\u00e9ru k\u00fapel\u0148e |<\/span> Read More &raquo;<\/a><\/p>","protected":false},"author":1,"featured_media":526,"parent":0,"menu_order":0,"comment_status":"closed","ping_status":"closed","template":"elementor_canvas","meta":[],"yoast_head":"<!-- This site is optimized with the Yoast SEO plugin v16.2 - https:\/\/yoast.com\/wordpress\/plugins\/seo\/ -->\n<title>N\u00e1vrh a dizajn interi\u00e9ru k\u00fapel\u0148e | minimal4design<\/title>\n<meta name=\"description\" content=\"Projekt rodin\u00e9ho domu, Reading, Ve\u013ek\u00e1 Brit\u00e1nia - k\u00fape\u013e\u0148a. Chceli sme dosiahnu\u0165 sofistikovanos\u0165, nad\u010dasov\u00fd dizajn a dostatok \u00falo\u017en\u00e9ho priestoru.\" \/>\n<meta name=\"robots\" content=\"index, follow, max-snippet:-1, max-image-preview:large, max-video-preview:-1\" \/>\n<link rel=\"canonical\" href=\"https:\/\/www.minimal4design.com\/en\/interierovy-dizajn-kupelna\/\" \/>\n<meta property=\"og:locale\" content=\"en_GB\" \/>\n<meta property=\"og:type\" content=\"article\" \/>\n<meta property=\"og:title\" content=\"N\u00e1vrh a dizajn interi\u00e9ru k\u00fapel\u0148e | minimal4design\" \/>\n<meta property=\"og:description\" content=\"Projekt rodin\u00e9ho domu, Reading, Ve\u013ek\u00e1 Brit\u00e1nia - k\u00fape\u013e\u0148a. Chceli sme dosiahnu\u0165 sofistikovanos\u0165, nad\u010dasov\u00fd dizajn a dostatok \u00falo\u017en\u00e9ho priestoru.\" \/>\n<meta property=\"og:url\" content=\"https:\/\/www.minimal4design.com\/en\/interierovy-dizajn-kupelna\/\" \/>\n<meta property=\"og:site_name\" content=\"minimal4design\" \/>\n<meta property=\"article:modified_time\" content=\"2021-06-03T20:33:09+00:00\" \/>\n<meta property=\"og:image\" content=\"http:\/\/www.minimal4design.com\/wp-content\/uploads\/2021\/04\/Screenshot_2021-04-28-KONTAKT-minimal4design5.png\" \/>\n\t<meta property=\"og:image:width\" content=\"1030\" \/>\n\t<meta property=\"og:image:height\" content=\"772\" \/>\n<meta name=\"twitter:card\" content=\"summary_large_image\" \/>\n<meta name=\"twitter:label1\" content=\"Estimated reading time\">\n\t<meta name=\"twitter:data1\" content=\"1 minute\">\n<script type=\"application\/ld+json\" class=\"yoast-schema-graph\">{\"@context\":\"https:\/\/schema.org\",\"@graph\":[{\"@type\":\"WebSite\",\"@id\":\"https:\/\/www.minimal4design.com\/en\/#website\",\"url\":\"https:\/\/www.minimal4design.com\/en\/\",\"name\":\"minimal4design\",\"description\":\"PORTF\\u00d3LIO | N\\u00e1vrh a dizajn interi\\u00e9ru | minimal4design\",\"potentialAction\":[{\"@type\":\"SearchAction\",\"target\":\"https:\/\/www.minimal4design.com\/en\/?s={search_term_string}\",\"query-input\":\"required name=search_term_string\"}],\"inLanguage\":\"en-GB\"},{\"@type\":\"ImageObject\",\"@id\":\"https:\/\/www.minimal4design.com\/en\/interierovy-dizajn-kupelna\/#primaryimage\",\"inLanguage\":\"en-GB\",\"url\":\"https:\/\/www.minimal4design.com\/wp-content\/uploads\/2021\/04\/Screenshot_2021-04-28-KONTAKT-minimal4design5.png\",\"contentUrl\":\"https:\/\/www.minimal4design.com\/wp-content\/uploads\/2021\/04\/Screenshot_2021-04-28-KONTAKT-minimal4design5.png\",\"width\":1030,\"height\":772,\"caption\":\"Dizajn interi\\u00e9ru k\\u00fape\\u013ene\"},{\"@type\":\"WebPage\",\"@id\":\"https:\/\/www.minimal4design.com\/en\/interierovy-dizajn-kupelna\/#webpage\",\"url\":\"https:\/\/www.minimal4design.com\/en\/interierovy-dizajn-kupelna\/\",\"name\":\"N\\u00e1vrh a dizajn interi\\u00e9ru k\\u00fapel\\u0148e | minimal4design\",\"isPartOf\":{\"@id\":\"https:\/\/www.minimal4design.com\/en\/#website\"},\"primaryImageOfPage\":{\"@id\":\"https:\/\/www.minimal4design.com\/en\/interierovy-dizajn-kupelna\/#primaryimage\"},\"datePublished\":\"2021-04-27T20:38:20+00:00\",\"dateModified\":\"2021-06-03T20:33:09+00:00\",\"description\":\"Projekt rodin\\u00e9ho domu, Reading, Ve\\u013ek\\u00e1 Brit\\u00e1nia - k\\u00fape\\u013e\\u0148a. Chceli sme dosiahnu\\u0165 sofistikovanos\\u0165, nad\\u010dasov\\u00fd dizajn a dostatok \\u00falo\\u017en\\u00e9ho priestoru.\",\"breadcrumb\":{\"@id\":\"https:\/\/www.minimal4design.com\/en\/interierovy-dizajn-kupelna\/#breadcrumb\"},\"inLanguage\":\"en-GB\",\"potentialAction\":[{\"@type\":\"ReadAction\",\"target\":[\"https:\/\/www.minimal4design.com\/en\/interierovy-dizajn-kupelna\/\"]}]},{\"@type\":\"BreadcrumbList\",\"@id\":\"https:\/\/www.minimal4design.com\/en\/interierovy-dizajn-kupelna\/#breadcrumb\",\"itemListElement\":[{\"@type\":\"ListItem\",\"position\":1,\"item\":{\"@type\":\"WebPage\",\"@id\":\"https:\/\/www.minimal4design.com\/\",\"url\":\"https:\/\/www.minimal4design.com\/\",\"name\":\"Domovsk\\u00e1 str\\u00e1nka\"}},{\"@type\":\"ListItem\",\"position\":2,\"item\":{\"@id\":\"https:\/\/www.minimal4design.com\/en\/interierovy-dizajn-kupelna\/#webpage\"}}]}]}<\/script>\n<!-- \/ Yoast SEO plugin. -->","_links":{"self":[{"href":"https:\/\/www.minimal4design.com\/en\/wp-json\/wp\/v2\/pages\/520"}],"collection":[{"href":"https:\/\/www.minimal4design.com\/en\/wp-json\/wp\/v2\/pages"}],"about":[{"href":"https:\/\/www.minimal4design.com\/en\/wp-json\/wp\/v2\/types\/page"}],"author":[{"embeddable":true,"href":"https:\/\/www.minimal4design.com\/en\/wp-json\/wp\/v2\/users\/1"}],"replies":[{"embeddable":true,"href":"https:\/\/www.minimal4design.com\/en\/wp-json\/wp\/v2\/comments?post=520"}],"version-history":[{"count":6,"href":"https:\/\/www.minimal4design.com\/en\/wp-json\/wp\/v2\/pages\/520\/revisions"}],"predecessor-version":[{"id":1317,"href":"https:\/\/www.minimal4design.com\/en\/wp-json\/wp\/v2\/pages\/520\/revisions\/1317"}],"wp:featuredmedia":[{"embeddable":true,"href":"https:\/\/www.minimal4design.com\/en\/wp-json\/wp\/v2\/media\/526"}],"wp:attachment":[{"href":"https:\/\/www.minimal4design.com\/en\/wp-json\/wp\/v2\/media?parent=520"}],"curies":[{"name":"wp","href":"https:\/\/api.w.org\/{rel}","templated":true}]}}