{"id":588,"date":"2021-04-27T21:07:13","date_gmt":"2021-04-27T21:07:13","guid":{"rendered":"https:\/\/www.minimal4design.com\/?page_id=588"},"modified":"2021-06-04T09:18:34","modified_gmt":"2021-06-04T09:18:34","slug":"interier-kuchyna-obyvacka","status":"publish","type":"page","link":"https:\/\/www.minimal4design.com\/en\/interier-kuchyna-obyvacka\/","title":{"rendered":"N\u00e1vrh a dizajn modern\u00e1 kuchy\u0148a a ob\u00fdva\u010dka |"},"content":{"rendered":"<div data-elementor-type=\"wp-page\" data-elementor-id=\"588\" class=\"elementor elementor-588\" data-elementor-settings=\"[]\">\n\t\t\t\t\t\t\t<div class=\"elementor-section-wrap\">\n\t\t\t\t\t\t\t<section class=\"elementor-section elementor-top-section elementor-element elementor-element-5fe4c77 elementor-section-boxed elementor-section-height-default elementor-section-height-default\" data-id=\"5fe4c77\" data-element_type=\"section\">\n\t\t\t\t\t\t<div class=\"elementor-container elementor-column-gap-default\">\n\t\t\t\t\t<div class=\"elementor-column elementor-col-100 elementor-top-column elementor-element elementor-element-787c233\" data-id=\"787c233\" data-element_type=\"column\">\n\t\t\t<div class=\"elementor-widget-wrap elementor-element-populated\">\n\t\t\t\t\t\t\t\t<div class=\"elementor-element elementor-element-59a93e0 elementor-skin-carousel elementor-arrows-yes elementor-pagination-type-bullets elementor-pagination-position-outside elementor-widget elementor-widget-media-carousel\" data-id=\"59a93e0\" data-element_type=\"widget\" data-settings=\"{&quot;slides_per_view&quot;:&quot;4&quot;,&quot;skin&quot;:&quot;carousel&quot;,&quot;effect&quot;:&quot;slide&quot;,&quot;show_arrows&quot;:&quot;yes&quot;,&quot;pagination&quot;:&quot;bullets&quot;,&quot;speed&quot;:500,&quot;autoplay&quot;:&quot;yes&quot;,&quot;autoplay_speed&quot;:5000,&quot;loop&quot;:&quot;yes&quot;,&quot;pause_on_hover&quot;:&quot;yes&quot;,&quot;pause_on_interaction&quot;:&quot;yes&quot;,&quot;space_between&quot;:{&quot;unit&quot;:&quot;px&quot;,&quot;size&quot;:10,&quot;sizes&quot;:[]},&quot;space_between_tablet&quot;:{&quot;unit&quot;:&quot;px&quot;,&quot;size&quot;:10,&quot;sizes&quot;:[]},&quot;space_between_mobile&quot;:{&quot;unit&quot;:&quot;px&quot;,&quot;size&quot;:10,&quot;sizes&quot;:[]}}\" data-widget_type=\"media-carousel.default\">\n\t\t\t\t<div class=\"elementor-widget-container\">\n\t\t\t\t\t<div class=\"elementor-swiper\">\n\t\t\t<div class=\"elementor-main-swiper swiper-container\">\n\t\t\t\t<div class=\"swiper-wrapper\">\n\t\t\t\t\t\t\t\t\t\t\t<div class=\"swiper-slide\">\n\t\t\t\t\t\t\t<a href=\"https:\/\/www.minimal4design.com\/wp-content\/uploads\/2021\/04\/Screenshot_2021-04-28-KONTAKT-minimal4design26.png\" data-elementor-open-lightbox=\"yes\" data-elementor-lightbox-slideshow=\"59a93e0\">\t\t<div class=\"elementor-carousel-image\" style=\"background-image: url(https:\/\/www.minimal4design.com\/wp-content\/uploads\/2021\/04\/Screenshot_2021-04-28-KONTAKT-minimal4design26.png)\">\n\t\t\t\t\t<\/div>\n\t\t<\/a>\t\t\t\t\t\t<\/div>\n\t\t\t\t\t\t\t\t\t\t\t<div class=\"swiper-slide\">\n\t\t\t\t\t\t\t<a href=\"https:\/\/www.minimal4design.com\/wp-content\/uploads\/2021\/04\/Screenshot_2021-04-28-KONTAKT-minimal4design27.png\" data-elementor-open-lightbox=\"yes\" data-elementor-lightbox-slideshow=\"59a93e0\">\t\t<div class=\"elementor-carousel-image\" style=\"background-image: url(https:\/\/www.minimal4design.com\/wp-content\/uploads\/2021\/04\/Screenshot_2021-04-28-KONTAKT-minimal4design27.png)\">\n\t\t\t\t\t<\/div>\n\t\t<\/a>\t\t\t\t\t\t<\/div>\n\t\t\t\t\t\t\t\t\t\t\t<div class=\"swiper-slide\">\n\t\t\t\t\t\t\t<a href=\"https:\/\/www.minimal4design.com\/wp-content\/uploads\/2021\/04\/Screenshot_2021-04-28-KONTAKT-minimal4design28.png\" data-elementor-open-lightbox=\"yes\" data-elementor-lightbox-slideshow=\"59a93e0\">\t\t<div class=\"elementor-carousel-image\" style=\"background-image: url(https:\/\/www.minimal4design.com\/wp-content\/uploads\/2021\/04\/Screenshot_2021-04-28-KONTAKT-minimal4design28.png)\">\n\t\t\t\t\t<\/div>\n\t\t<\/a>\t\t\t\t\t\t<\/div>\n\t\t\t\t\t\t\t\t\t\t\t<div class=\"swiper-slide\">\n\t\t\t\t\t\t\t<a href=\"https:\/\/www.minimal4design.com\/wp-content\/uploads\/2021\/04\/Screenshot_2021-04-28-KONTAKT-minimal4design29.png\" data-elementor-open-lightbox=\"yes\" data-elementor-lightbox-slideshow=\"59a93e0\">\t\t<div class=\"elementor-carousel-image\" style=\"background-image: url(https:\/\/www.minimal4design.com\/wp-content\/uploads\/2021\/04\/Screenshot_2021-04-28-KONTAKT-minimal4design29.png)\">\n\t\t\t\t\t<\/div>\n\t\t<\/a>\t\t\t\t\t\t<\/div>\n\t\t\t\t\t\t\t\t\t\t\t<div class=\"swiper-slide\">\n\t\t\t\t\t\t\t<a href=\"https:\/\/www.minimal4design.com\/wp-content\/uploads\/2021\/04\/Screenshot_2021-04-28-KONTAKT-minimal4design30.png\" data-elementor-open-lightbox=\"yes\" data-elementor-lightbox-slideshow=\"59a93e0\">\t\t<div class=\"elementor-carousel-image\" style=\"background-image: url(https:\/\/www.minimal4design.com\/wp-content\/uploads\/2021\/04\/Screenshot_2021-04-28-KONTAKT-minimal4design30.png)\">\n\t\t\t\t\t<\/div>\n\t\t<\/a>\t\t\t\t\t\t<\/div>\n\t\t\t\t\t\t\t\t\t\t\t<div class=\"swiper-slide\">\n\t\t\t\t\t\t\t<a href=\"https:\/\/www.minimal4design.com\/wp-content\/uploads\/2021\/04\/Screenshot_2021-04-28-KONTAKT-minimal4design31.png\" data-elementor-open-lightbox=\"yes\" data-elementor-lightbox-slideshow=\"59a93e0\">\t\t<div class=\"elementor-carousel-image\" style=\"background-image: url(https:\/\/www.minimal4design.com\/wp-content\/uploads\/2021\/04\/Screenshot_2021-04-28-KONTAKT-minimal4design31.png)\">\n\t\t\t\t\t<\/div>\n\t\t<\/a>\t\t\t\t\t\t<\/div>\n\t\t\t\t\t\t\t\t\t\t\t<div class=\"swiper-slide\">\n\t\t\t\t\t\t\t<a href=\"http:\/\/www.minimal4design.com\/en\/wp-content\/uploads\/2021\/06\/Pohlad7upd.png\/\" data-elementor-open-lightbox=\"yes\" data-elementor-lightbox-slideshow=\"59a93e0\">\t\t<div class=\"elementor-carousel-image\" style=\"background-image: url(https:\/\/www.minimal4design.com\/wp-content\/uploads\/2021\/06\/Pohlad7upd.png)\">\n\t\t\t\t\t<\/div>\n\t\t<\/a>\t\t\t\t\t\t<\/div>\n\t\t\t\t\t\t\t\t\t\t\t<div class=\"swiper-slide\">\n\t\t\t\t\t\t\t<a href=\"http:\/\/www.minimal4design.com\/en\/wp-content\/uploads\/2021\/06\/Pohlad6upd.png\/\" data-elementor-open-lightbox=\"yes\" data-elementor-lightbox-slideshow=\"59a93e0\">\t\t<div class=\"elementor-carousel-image\" style=\"background-image: url(https:\/\/www.minimal4design.com\/wp-content\/uploads\/2021\/06\/Pohlad6upd-e1622805716204.png)\">\n\t\t\t\t\t<\/div>\n\t\t<\/a>\t\t\t\t\t\t<\/div>\n\t\t\t\t\t\t\t\t\t<\/div>\n\t\t\t\t\t\t\t\t\t\t\t\t\t\t\t<div class=\"swiper-pagination\"><\/div>\n\t\t\t\t\t\t\t\t\t\t\t\t\t\t\t\t<div class=\"elementor-swiper-button elementor-swiper-button-prev\">\n\t\t\t\t\t\t\t<i class=\"eicon-chevron-left\" aria-hidden=\"true\"><\/i>\n\t\t\t\t\t\t\t<span class=\"elementor-screen-only\">Previous<\/span>\n\t\t\t\t\t\t<\/div>\n\t\t\t\t\t\t<div class=\"elementor-swiper-button elementor-swiper-button-next\">\n\t\t\t\t\t\t\t<i class=\"eicon-chevron-right\" aria-hidden=\"true\"><\/i>\n\t\t\t\t\t\t\t<span class=\"elementor-screen-only\">Next<\/span>\n\t\t\t\t\t\t<\/div>\n\t\t\t\t\t\t\t\t\t\t\t\t<\/div>\n\t\t<\/div>\n\t\t\t\t<\/div>\n\t\t\t\t<\/div>\n\t\t\t\t\t<\/div>\n\t\t<\/div>\n\t\t\t\t\t\t\t<\/div>\n\t\t<\/section>\n\t\t\t\t<section class=\"elementor-section elementor-top-section elementor-element elementor-element-ab61887 elementor-section-boxed elementor-section-height-default elementor-section-height-default\" data-id=\"ab61887\" data-element_type=\"section\">\n\t\t\t\t\t\t<div class=\"elementor-container elementor-column-gap-default\">\n\t\t\t\t\t<div class=\"elementor-column elementor-col-33 elementor-top-column elementor-element elementor-element-b9e5799\" data-id=\"b9e5799\" data-element_type=\"column\">\n\t\t\t<div class=\"elementor-widget-wrap elementor-element-populated\">\n\t\t\t\t\t\t\t\t<div class=\"elementor-element elementor-element-4653d26 elementor-widget elementor-widget-heading\" data-id=\"4653d26\" data-element_type=\"widget\" data-widget_type=\"heading.default\">\n\t\t\t\t<div class=\"elementor-widget-container\">\n\t\t\t<h2 class=\"elementor-heading-title elementor-size-default\"><a href=\"https:\/\/www.minimal4design.com\/en\/portfolio\/\">FAMILY HOME, <br>\nCHORV. GROB, SK<\/a><\/h2>\t\t<\/div>\n\t\t\t\t<\/div>\n\t\t\t\t\t<\/div>\n\t\t<\/div>\n\t\t\t\t<div class=\"elementor-column elementor-col-33 elementor-top-column elementor-element elementor-element-d1ab7ea\" data-id=\"d1ab7ea\" data-element_type=\"column\">\n\t\t\t<div class=\"elementor-widget-wrap elementor-element-populated\">\n\t\t\t\t\t\t\t\t<div class=\"elementor-element elementor-element-c0b2e3d elementor-widget elementor-widget-heading\" data-id=\"c0b2e3d\" data-element_type=\"widget\" data-widget_type=\"heading.default\">\n\t\t\t\t<div class=\"elementor-widget-container\">\n\t\t\t<h1 class=\"elementor-heading-title elementor-size-default\"><br>Open plan kitchen and living room design<\/h1>\t\t<\/div>\n\t\t\t\t<\/div>\n\t\t\t\t<div class=\"elementor-element elementor-element-1f30df8 elementor-widget elementor-widget-heading\" data-id=\"1f30df8\" data-element_type=\"widget\" data-widget_type=\"heading.default\">\n\t\t\t\t<div class=\"elementor-widget-container\">\n\t\t\t<h4 class=\"elementor-heading-title elementor-size-default\">Newly built home for a couple who enjoy the powerful and timeless combo of these two colours. Not just that but a bit cold touch of silver as well. Nevermind the coldness, a fireplace is a definite element of warmth. Just imagine taking in this atmosphere.<br><br>\n\nThe main concept beside the colour palette is the theme of circular lines - in lights and side tables and the decorative wall paint, simply minimal design.<\/h4>\t\t<\/div>\n\t\t\t\t<\/div>\n\t\t\t\t\t<\/div>\n\t\t<\/div>\n\t\t\t\t<div class=\"elementor-column elementor-col-33 elementor-top-column elementor-element elementor-element-7a411bc\" data-id=\"7a411bc\" data-element_type=\"column\">\n\t\t\t<div class=\"elementor-widget-wrap\">\n\t\t\t\t\t\t\t\t\t<\/div>\n\t\t<\/div>\n\t\t\t\t\t\t\t<\/div>\n\t\t<\/section>\n\t\t\t\t<section class=\"elementor-section elementor-top-section elementor-element elementor-element-0369522 elementor-section-boxed elementor-section-height-default elementor-section-height-default\" data-id=\"0369522\" data-element_type=\"section\">\n\t\t\t\t\t\t<div class=\"elementor-container elementor-column-gap-default\">\n\t\t\t\t\t<div class=\"elementor-column elementor-col-50 elementor-top-column elementor-element elementor-element-d061ec1\" data-id=\"d061ec1\" data-element_type=\"column\">\n\t\t\t<div class=\"elementor-widget-wrap elementor-element-populated\">\n\t\t\t\t\t\t\t\t<div class=\"elementor-element elementor-element-343bbeb elementor-align-center elementor-widget elementor-widget-button\" data-id=\"343bbeb\" data-element_type=\"widget\" data-widget_type=\"button.default\">\n\t\t\t\t<div class=\"elementor-widget-container\">\n\t\t\t\t\t<div class=\"elementor-button-wrapper\">\n\t\t\t<a href=\"https:\/\/www.minimal4design.com\/en\/kontakt\/\" class=\"elementor-button-link elementor-button elementor-size-sm\" role=\"button\">\n\t\t\t\t\t\t<span class=\"elementor-button-content-wrapper\">\n\t\t\t\t\t\t<span class=\"elementor-button-text\">Contact me<\/span>\n\t\t<\/span>\n\t\t\t\t\t<\/a>\n\t\t<\/div>\n\t\t\t\t<\/div>\n\t\t\t\t<\/div>\n\t\t\t\t\t<\/div>\n\t\t<\/div>\n\t\t\t\t<div class=\"elementor-column elementor-col-50 elementor-top-column elementor-element elementor-element-72d9097\" data-id=\"72d9097\" data-element_type=\"column\">\n\t\t\t<div class=\"elementor-widget-wrap\">\n\t\t\t\t\t\t\t\t\t<\/div>\n\t\t<\/div>\n\t\t\t\t\t\t\t<\/div>\n\t\t<\/section>\n\t\t\t\t\t\t<\/div>\n\t\t\t\t\t<\/div>","protected":false},"excerpt":{"rendered":"<p>Previous Next RODINN\u00dd DOM, CHORV. GROB, SK Dizajn interi\u00e9ru rodinn\u00fd dom ob\u00fdva\u010dka s kuchy\u0148ou Novovybudovan\u00fd domov pre p\u00e1r, ktor\u00fd si u\u017e\u00edva nad\u010dasov\u00fa kombin\u00e1ciu t\u00fdchto dvoch farieb. Nielen to, ale l\u00e1ka ich aj studen\u00fd dotyk striebornej. V kontraste s chladom, biokrb je definit\u00edvne prvkom ktor\u00fd dod\u00e1va teplo tomuto domovu. Len si predstavte, ako nas\u00e1vate t\u00fato atmosf\u00e9ru. &hellip;<\/p>\n<p class=\"read-more\"> <a class=\"\" href=\"https:\/\/www.minimal4design.com\/en\/interier-kuchyna-obyvacka\/\"> <span class=\"screen-reader-text\">N\u00e1vrh a dizajn modern\u00e1 kuchy\u0148a a ob\u00fdva\u010dka |<\/span> Read More &raquo;<\/a><\/p>","protected":false},"author":1,"featured_media":593,"parent":0,"menu_order":0,"comment_status":"closed","ping_status":"closed","template":"elementor_canvas","meta":[],"yoast_head":"<!-- This site is optimized with the Yoast SEO plugin v16.2 - https:\/\/yoast.com\/wordpress\/plugins\/seo\/ -->\n<title>N\u00e1vrh a dizajn modern\u00e1 kuchy\u0148a a ob\u00fdva\u010dka | minimal4design<\/title>\n<meta name=\"description\" content=\"Projekt rodinn\u00e9ho domu v Chorv\u00e1tskom Grobe - ob\u00fdva\u010dka s kuchy\u0148ou. Hlavn\u00fdm konceptom okrem farebnej palety je t\u00e9ma kruhov\u00fdch l\u00edni\u00ed.\" \/>\n<meta name=\"robots\" content=\"index, follow, max-snippet:-1, max-image-preview:large, max-video-preview:-1\" \/>\n<link rel=\"canonical\" href=\"https:\/\/www.minimal4design.com\/en\/interier-kuchyna-obyvacka\/\" \/>\n<meta property=\"og:locale\" content=\"en_GB\" \/>\n<meta property=\"og:type\" content=\"article\" \/>\n<meta property=\"og:title\" content=\"N\u00e1vrh a dizajn modern\u00e1 kuchy\u0148a a ob\u00fdva\u010dka | minimal4design\" \/>\n<meta property=\"og:description\" content=\"Projekt rodinn\u00e9ho domu v Chorv\u00e1tskom Grobe - ob\u00fdva\u010dka s kuchy\u0148ou. Hlavn\u00fdm konceptom okrem farebnej palety je t\u00e9ma kruhov\u00fdch l\u00edni\u00ed.\" \/>\n<meta property=\"og:url\" content=\"https:\/\/www.minimal4design.com\/en\/interier-kuchyna-obyvacka\/\" \/>\n<meta property=\"og:site_name\" content=\"minimal4design\" \/>\n<meta property=\"article:modified_time\" content=\"2021-06-04T09:18:34+00:00\" \/>\n<meta property=\"og:image\" content=\"http:\/\/www.minimal4design.com\/wp-content\/uploads\/2021\/04\/Screenshot_2021-04-28-KONTAKT-minimal4design28.png\" \/>\n\t<meta property=\"og:image:width\" content=\"1030\" \/>\n\t<meta property=\"og:image:height\" content=\"772\" \/>\n<meta name=\"twitter:card\" content=\"summary_large_image\" \/>\n<meta name=\"twitter:label1\" content=\"Estimated reading time\">\n\t<meta name=\"twitter:data1\" content=\"1 minute\">\n<script type=\"application\/ld+json\" class=\"yoast-schema-graph\">{\"@context\":\"https:\/\/schema.org\",\"@graph\":[{\"@type\":\"WebSite\",\"@id\":\"https:\/\/www.minimal4design.com\/en\/#website\",\"url\":\"https:\/\/www.minimal4design.com\/en\/\",\"name\":\"minimal4design\",\"description\":\"PORTF\\u00d3LIO | N\\u00e1vrh a dizajn interi\\u00e9ru | minimal4design\",\"potentialAction\":[{\"@type\":\"SearchAction\",\"target\":\"https:\/\/www.minimal4design.com\/en\/?s={search_term_string}\",\"query-input\":\"required name=search_term_string\"}],\"inLanguage\":\"en-GB\"},{\"@type\":\"ImageObject\",\"@id\":\"https:\/\/www.minimal4design.com\/interier-kuchyna-obyvacka\/#primaryimage\",\"inLanguage\":\"en-GB\",\"url\":\"https:\/\/www.minimal4design.com\/wp-content\/uploads\/2021\/04\/Screenshot_2021-04-28-KONTAKT-minimal4design28.png\",\"contentUrl\":\"https:\/\/www.minimal4design.com\/wp-content\/uploads\/2021\/04\/Screenshot_2021-04-28-KONTAKT-minimal4design28.png\",\"width\":1030,\"height\":772,\"caption\":\"Dizajn interi\\u00e9ru rodinn\\u00fd dom ob\\u00fdva\\u010dka s kuchy\\u0148ou\"},{\"@type\":\"WebPage\",\"@id\":\"https:\/\/www.minimal4design.com\/interier-kuchyna-obyvacka\/#webpage\",\"url\":\"https:\/\/www.minimal4design.com\/interier-kuchyna-obyvacka\/\",\"name\":\"N\\u00e1vrh a dizajn modern\\u00e1 kuchy\\u0148a a ob\\u00fdva\\u010dka | minimal4design\",\"isPartOf\":{\"@id\":\"https:\/\/www.minimal4design.com\/en\/#website\"},\"primaryImageOfPage\":{\"@id\":\"https:\/\/www.minimal4design.com\/interier-kuchyna-obyvacka\/#primaryimage\"},\"datePublished\":\"2021-04-27T21:07:13+00:00\",\"dateModified\":\"2021-06-04T09:18:34+00:00\",\"description\":\"Projekt rodinn\\u00e9ho domu v Chorv\\u00e1tskom Grobe - ob\\u00fdva\\u010dka s kuchy\\u0148ou. Hlavn\\u00fdm konceptom okrem farebnej palety je t\\u00e9ma kruhov\\u00fdch l\\u00edni\\u00ed.\",\"breadcrumb\":{\"@id\":\"https:\/\/www.minimal4design.com\/interier-kuchyna-obyvacka\/#breadcrumb\"},\"inLanguage\":\"en-GB\",\"potentialAction\":[{\"@type\":\"ReadAction\",\"target\":[\"https:\/\/www.minimal4design.com\/interier-kuchyna-obyvacka\/\"]}]},{\"@type\":\"BreadcrumbList\",\"@id\":\"https:\/\/www.minimal4design.com\/interier-kuchyna-obyvacka\/#breadcrumb\",\"itemListElement\":[{\"@type\":\"ListItem\",\"position\":1,\"item\":{\"@type\":\"WebPage\",\"@id\":\"https:\/\/www.minimal4design.com\/\",\"url\":\"https:\/\/www.minimal4design.com\/\",\"name\":\"Domovsk\\u00e1 str\\u00e1nka\"}},{\"@type\":\"ListItem\",\"position\":2,\"item\":{\"@id\":\"https:\/\/www.minimal4design.com\/interier-kuchyna-obyvacka\/#webpage\"}}]}]}<\/script>\n<!-- \/ Yoast SEO plugin. -->","_links":{"self":[{"href":"https:\/\/www.minimal4design.com\/en\/wp-json\/wp\/v2\/pages\/588"}],"collection":[{"href":"https:\/\/www.minimal4design.com\/en\/wp-json\/wp\/v2\/pages"}],"about":[{"href":"https:\/\/www.minimal4design.com\/en\/wp-json\/wp\/v2\/types\/page"}],"author":[{"embeddable":true,"href":"https:\/\/www.minimal4design.com\/en\/wp-json\/wp\/v2\/users\/1"}],"replies":[{"embeddable":true,"href":"https:\/\/www.minimal4design.com\/en\/wp-json\/wp\/v2\/comments?post=588"}],"version-history":[{"count":6,"href":"https:\/\/www.minimal4design.com\/en\/wp-json\/wp\/v2\/pages\/588\/revisions"}],"predecessor-version":[{"id":1351,"href":"https:\/\/www.minimal4design.com\/en\/wp-json\/wp\/v2\/pages\/588\/revisions\/1351"}],"wp:featuredmedia":[{"embeddable":true,"href":"https:\/\/www.minimal4design.com\/en\/wp-json\/wp\/v2\/media\/593"}],"wp:attachment":[{"href":"https:\/\/www.minimal4design.com\/en\/wp-json\/wp\/v2\/media?parent=588"}],"curies":[{"name":"wp","href":"https:\/\/api.w.org\/{rel}","templated":true}]}}