{"id":609,"date":"2021-04-27T21:17:15","date_gmt":"2021-04-27T21:17:15","guid":{"rendered":"https:\/\/www.minimal4design.com\/?page_id=609"},"modified":"2021-06-10T21:31:30","modified_gmt":"2021-06-10T21:31:30","slug":"navrh-interieru-bytu","status":"publish","type":"page","link":"https:\/\/www.minimal4design.com\/en\/navrh-interieru-bytu\/","title":{"rendered":"Bytov\u00fd dizajn | N\u00e1vrh interi\u00e9ru bytu |"},"content":{"rendered":"<div data-elementor-type=\"wp-page\" data-elementor-id=\"609\" class=\"elementor elementor-609\" data-elementor-settings=\"[]\">\n\t\t\t\t\t\t\t<div class=\"elementor-section-wrap\">\n\t\t\t\t\t\t\t<section class=\"elementor-section elementor-top-section elementor-element elementor-element-a5e09dd elementor-section-boxed elementor-section-height-default elementor-section-height-default\" data-id=\"a5e09dd\" data-element_type=\"section\">\n\t\t\t\t\t\t<div class=\"elementor-container elementor-column-gap-default\">\n\t\t\t\t\t<div class=\"elementor-column elementor-col-100 elementor-top-column elementor-element elementor-element-36177e4\" data-id=\"36177e4\" data-element_type=\"column\">\n\t\t\t<div class=\"elementor-widget-wrap elementor-element-populated\">\n\t\t\t\t\t\t\t\t<div class=\"elementor-element elementor-element-71c245e elementor-skin-carousel elementor-arrows-yes elementor-pagination-type-bullets elementor-pagination-position-outside elementor-widget elementor-widget-media-carousel\" data-id=\"71c245e\" data-element_type=\"widget\" data-settings=\"{&quot;slides_per_view&quot;:&quot;4&quot;,&quot;skin&quot;:&quot;carousel&quot;,&quot;effect&quot;:&quot;slide&quot;,&quot;show_arrows&quot;:&quot;yes&quot;,&quot;pagination&quot;:&quot;bullets&quot;,&quot;speed&quot;:500,&quot;autoplay&quot;:&quot;yes&quot;,&quot;autoplay_speed&quot;:5000,&quot;loop&quot;:&quot;yes&quot;,&quot;pause_on_hover&quot;:&quot;yes&quot;,&quot;pause_on_interaction&quot;:&quot;yes&quot;,&quot;space_between&quot;:{&quot;unit&quot;:&quot;px&quot;,&quot;size&quot;:10,&quot;sizes&quot;:[]},&quot;space_between_tablet&quot;:{&quot;unit&quot;:&quot;px&quot;,&quot;size&quot;:10,&quot;sizes&quot;:[]},&quot;space_between_mobile&quot;:{&quot;unit&quot;:&quot;px&quot;,&quot;size&quot;:10,&quot;sizes&quot;:[]}}\" data-widget_type=\"media-carousel.default\">\n\t\t\t\t<div class=\"elementor-widget-container\">\n\t\t\t\t\t<div class=\"elementor-swiper\">\n\t\t\t<div class=\"elementor-main-swiper swiper-container\">\n\t\t\t\t<div class=\"swiper-wrapper\">\n\t\t\t\t\t\t\t\t\t\t\t<div class=\"swiper-slide\">\n\t\t\t\t\t\t\t<a href=\"https:\/\/www.minimal4design.com\/wp-content\/uploads\/2021\/04\/Screenshot_2021-04-28-KONTAKT-minimal4design32.png\" data-elementor-open-lightbox=\"yes\" data-elementor-lightbox-slideshow=\"71c245e\">\t\t<div class=\"elementor-carousel-image\" style=\"background-image: url(https:\/\/www.minimal4design.com\/wp-content\/uploads\/2021\/04\/Screenshot_2021-04-28-KONTAKT-minimal4design32.png)\">\n\t\t\t\t\t<\/div>\n\t\t<\/a>\t\t\t\t\t\t<\/div>\n\t\t\t\t\t\t\t\t\t\t\t<div class=\"swiper-slide\">\n\t\t\t\t\t\t\t<a href=\"https:\/\/www.minimal4design.com\/wp-content\/uploads\/2021\/04\/Screenshot_2021-04-28-KONTAKT-minimal4design33.png\" data-elementor-open-lightbox=\"yes\" data-elementor-lightbox-slideshow=\"71c245e\">\t\t<div class=\"elementor-carousel-image\" style=\"background-image: url(https:\/\/www.minimal4design.com\/wp-content\/uploads\/2021\/04\/Screenshot_2021-04-28-KONTAKT-minimal4design33.png)\">\n\t\t\t\t\t<\/div>\n\t\t<\/a>\t\t\t\t\t\t<\/div>\n\t\t\t\t\t\t\t\t\t\t\t<div class=\"swiper-slide\">\n\t\t\t\t\t\t\t<a href=\"https:\/\/www.minimal4design.com\/wp-content\/uploads\/2021\/04\/Screenshot_2021-04-28-KONTAKT-minimal4design34.png\" data-elementor-open-lightbox=\"yes\" data-elementor-lightbox-slideshow=\"71c245e\">\t\t<div class=\"elementor-carousel-image\" style=\"background-image: url(https:\/\/www.minimal4design.com\/wp-content\/uploads\/2021\/04\/Screenshot_2021-04-28-KONTAKT-minimal4design34.png)\">\n\t\t\t\t\t<\/div>\n\t\t<\/a>\t\t\t\t\t\t<\/div>\n\t\t\t\t\t\t\t\t\t\t\t<div class=\"swiper-slide\">\n\t\t\t\t\t\t\t<a href=\"https:\/\/www.minimal4design.com\/wp-content\/uploads\/2021\/04\/Screenshot_2021-04-28-KONTAKT-minimal4design35.png\" data-elementor-open-lightbox=\"yes\" data-elementor-lightbox-slideshow=\"71c245e\">\t\t<div class=\"elementor-carousel-image\" style=\"background-image: url(https:\/\/www.minimal4design.com\/wp-content\/uploads\/2021\/04\/Screenshot_2021-04-28-KONTAKT-minimal4design35.png)\">\n\t\t\t\t\t<\/div>\n\t\t<\/a>\t\t\t\t\t\t<\/div>\n\t\t\t\t\t\t\t\t\t\t\t<div class=\"swiper-slide\">\n\t\t\t\t\t\t\t<a href=\"https:\/\/www.minimal4design.com\/wp-content\/uploads\/2021\/04\/Screenshot_2021-04-28-KONTAKT-minimal4design36.png\" data-elementor-open-lightbox=\"yes\" data-elementor-lightbox-slideshow=\"71c245e\">\t\t<div class=\"elementor-carousel-image\" style=\"background-image: url(https:\/\/www.minimal4design.com\/wp-content\/uploads\/2021\/04\/Screenshot_2021-04-28-KONTAKT-minimal4design36.png)\">\n\t\t\t\t\t<\/div>\n\t\t<\/a>\t\t\t\t\t\t<\/div>\n\t\t\t\t\t\t\t\t\t<\/div>\n\t\t\t\t\t\t\t\t\t\t\t\t\t\t\t<div class=\"swiper-pagination\"><\/div>\n\t\t\t\t\t\t\t\t\t\t\t\t\t\t\t\t<div class=\"elementor-swiper-button elementor-swiper-button-prev\">\n\t\t\t\t\t\t\t<i class=\"eicon-chevron-left\" aria-hidden=\"true\"><\/i>\n\t\t\t\t\t\t\t<span class=\"elementor-screen-only\">Previous<\/span>\n\t\t\t\t\t\t<\/div>\n\t\t\t\t\t\t<div class=\"elementor-swiper-button elementor-swiper-button-next\">\n\t\t\t\t\t\t\t<i class=\"eicon-chevron-right\" aria-hidden=\"true\"><\/i>\n\t\t\t\t\t\t\t<span class=\"elementor-screen-only\">Next<\/span>\n\t\t\t\t\t\t<\/div>\n\t\t\t\t\t\t\t\t\t\t\t\t<\/div>\n\t\t<\/div>\n\t\t\t\t<\/div>\n\t\t\t\t<\/div>\n\t\t\t\t\t<\/div>\n\t\t<\/div>\n\t\t\t\t\t\t\t<\/div>\n\t\t<\/section>\n\t\t\t\t<section class=\"elementor-section elementor-top-section elementor-element elementor-element-476f8ed elementor-section-boxed elementor-section-height-default elementor-section-height-default\" data-id=\"476f8ed\" data-element_type=\"section\">\n\t\t\t\t\t\t<div class=\"elementor-container elementor-column-gap-default\">\n\t\t\t\t\t<div class=\"elementor-column elementor-col-33 elementor-top-column elementor-element elementor-element-8ab8fe0\" data-id=\"8ab8fe0\" data-element_type=\"column\">\n\t\t\t<div class=\"elementor-widget-wrap elementor-element-populated\">\n\t\t\t\t\t\t\t\t<div class=\"elementor-element elementor-element-c0358d6 elementor-widget elementor-widget-heading\" data-id=\"c0358d6\" data-element_type=\"widget\" data-widget_type=\"heading.default\">\n\t\t\t\t<div class=\"elementor-widget-container\">\n\t\t\t<h2 class=\"elementor-heading-title elementor-size-default\"><a href=\"https:\/\/www.minimal4design.com\/en\/portfolio\/\">1-BED APART<br>\nMENT,<br>\nSLOV. GROB, SK<\/a><\/h2>\t\t<\/div>\n\t\t\t\t<\/div>\n\t\t\t\t\t<\/div>\n\t\t<\/div>\n\t\t\t\t<div class=\"elementor-column elementor-col-33 elementor-top-column elementor-element elementor-element-2fc2e27\" data-id=\"2fc2e27\" data-element_type=\"column\">\n\t\t\t<div class=\"elementor-widget-wrap elementor-element-populated\">\n\t\t\t\t\t\t\t\t<div class=\"elementor-element elementor-element-6a500b1 elementor-widget elementor-widget-heading\" data-id=\"6a500b1\" data-element_type=\"widget\" data-widget_type=\"heading.default\">\n\t\t\t\t<div class=\"elementor-widget-container\">\n\t\t\t<h1 class=\"elementor-heading-title elementor-size-default\"><br>Small apartment interior design <\/h1>\t\t<\/div>\n\t\t\t\t<\/div>\n\t\t\t\t<div class=\"elementor-element elementor-element-d572415 elementor-widget elementor-widget-heading\" data-id=\"d572415\" data-element_type=\"widget\" data-widget_type=\"heading.default\">\n\t\t\t\t<div class=\"elementor-widget-container\">\n\t\t\t<h4 class=\"elementor-heading-title elementor-size-default\">Leading with an eye-capturing oversized art and a sculptural lighting fixture will create that statement in your home you are looking for.\n<br><br>\n \n\nIn a small space, similar to this 1-bed apartment,\nI wanted to opt for one that would enhance the space without overwhelming it. This amazing pendant was an excellent choice. You can\u00b4t help but just love it.<br><br>\n\nDesigning small spaces is tricky, choosing pieces with minimal visual clutter is one of the options to go for.<\/h4>\t\t<\/div>\n\t\t\t\t<\/div>\n\t\t\t\t\t<\/div>\n\t\t<\/div>\n\t\t\t\t<div class=\"elementor-column elementor-col-33 elementor-top-column elementor-element elementor-element-65b2e67\" data-id=\"65b2e67\" data-element_type=\"column\">\n\t\t\t<div class=\"elementor-widget-wrap\">\n\t\t\t\t\t\t\t\t\t<\/div>\n\t\t<\/div>\n\t\t\t\t\t\t\t<\/div>\n\t\t<\/section>\n\t\t\t\t<section class=\"elementor-section elementor-top-section elementor-element elementor-element-844a7d9 elementor-section-boxed elementor-section-height-default elementor-section-height-default\" data-id=\"844a7d9\" data-element_type=\"section\">\n\t\t\t\t\t\t<div class=\"elementor-container elementor-column-gap-default\">\n\t\t\t\t\t<div class=\"elementor-column elementor-col-50 elementor-top-column elementor-element elementor-element-c3005fc\" data-id=\"c3005fc\" data-element_type=\"column\">\n\t\t\t<div class=\"elementor-widget-wrap elementor-element-populated\">\n\t\t\t\t\t\t\t\t<div class=\"elementor-element elementor-element-09f0cab elementor-align-center elementor-widget elementor-widget-button\" data-id=\"09f0cab\" data-element_type=\"widget\" data-widget_type=\"button.default\">\n\t\t\t\t<div class=\"elementor-widget-container\">\n\t\t\t\t\t<div class=\"elementor-button-wrapper\">\n\t\t\t<a href=\"https:\/\/www.minimal4design.com\/en\/kontakt\/\" class=\"elementor-button-link elementor-button elementor-size-sm\" role=\"button\">\n\t\t\t\t\t\t<span class=\"elementor-button-content-wrapper\">\n\t\t\t\t\t\t<span class=\"elementor-button-text\">Contact me<\/span>\n\t\t<\/span>\n\t\t\t\t\t<\/a>\n\t\t<\/div>\n\t\t\t\t<\/div>\n\t\t\t\t<\/div>\n\t\t\t\t\t<\/div>\n\t\t<\/div>\n\t\t\t\t<div class=\"elementor-column elementor-col-50 elementor-top-column elementor-element elementor-element-a75ed1d\" data-id=\"a75ed1d\" data-element_type=\"column\">\n\t\t\t<div class=\"elementor-widget-wrap\">\n\t\t\t\t\t\t\t\t\t<\/div>\n\t\t<\/div>\n\t\t\t\t\t\t\t<\/div>\n\t\t<\/section>\n\t\t\t\t\t\t<\/div>\n\t\t\t\t\t<\/div>","protected":false},"excerpt":{"rendered":"<p>Previous Next 2-IZBOV\u00dd BYT, SLOV. GROB, SK Dizajn interi\u00e9ru mal\u00e9ho bytu P\u00fatav\u00fd ve\u013ekoform\u00e1tov\u00fd obraz a zauj\u00edmav\u00e9 svietidlo vytvor\u00ed vo va\u0161ej dom\u00e1cnosti wow efekt, ktor\u00e9 h\u013ead\u00e1te. \u200b Ber\u00fac do \u00favahy men\u0161\u00ed priestor, rozhodla som sa pre tak\u00e9 svietidlo, ktor\u00e9 by ho povzdvihlo bez toho, aby ho za\u0165a\u017eilo. Tento \u00fa\u017easn\u00fd luster bol vynikaj\u00facou vo\u013ebou. Je z prieh\u013eadn\u00e9ho &hellip;<\/p>\n<p class=\"read-more\"> <a class=\"\" href=\"https:\/\/www.minimal4design.com\/en\/navrh-interieru-bytu\/\"> <span class=\"screen-reader-text\">Bytov\u00fd dizajn | N\u00e1vrh interi\u00e9ru bytu |<\/span> Read More &raquo;<\/a><\/p>","protected":false},"author":1,"featured_media":617,"parent":0,"menu_order":0,"comment_status":"closed","ping_status":"closed","template":"elementor_canvas","meta":[],"yoast_head":"<!-- This site is optimized with the Yoast SEO plugin v16.2 - https:\/\/yoast.com\/wordpress\/plugins\/seo\/ -->\n<title>Bytov\u00fd dizajn | N\u00e1vrh interi\u00e9ru bytu | minimal4design<\/title>\n<meta name=\"description\" content=\"Projekt 2 izbov\u00e9ho bytu v Slovenskom Grobe. P\u00fatav\u00fd ve\u013ekoform\u00e1tov\u00fd obraz a zauj\u00edmav\u00e9 svietidlo vytvor\u00ed vo va\u0161ej dom\u00e1cnosti wow efekt, ktor\u00fd h\u013ead\u00e1te.\" \/>\n<meta name=\"robots\" content=\"index, follow, max-snippet:-1, max-image-preview:large, max-video-preview:-1\" \/>\n<link rel=\"canonical\" href=\"https:\/\/www.minimal4design.com\/en\/navrh-interieru-bytu\/\" \/>\n<meta property=\"og:locale\" content=\"en_GB\" \/>\n<meta property=\"og:type\" content=\"article\" \/>\n<meta property=\"og:title\" content=\"Bytov\u00fd dizajn | N\u00e1vrh interi\u00e9ru bytu | minimal4design\" \/>\n<meta property=\"og:description\" content=\"Projekt 2 izbov\u00e9ho bytu v Slovenskom Grobe. P\u00fatav\u00fd ve\u013ekoform\u00e1tov\u00fd obraz a zauj\u00edmav\u00e9 svietidlo vytvor\u00ed vo va\u0161ej dom\u00e1cnosti wow efekt, ktor\u00fd h\u013ead\u00e1te.\" \/>\n<meta property=\"og:url\" content=\"https:\/\/www.minimal4design.com\/en\/navrh-interieru-bytu\/\" \/>\n<meta property=\"og:site_name\" content=\"minimal4design\" \/>\n<meta property=\"article:modified_time\" content=\"2021-06-10T21:31:30+00:00\" \/>\n<meta property=\"og:image\" content=\"http:\/\/www.minimal4design.com\/wp-content\/uploads\/2021\/04\/Screenshot_2021-04-28-KONTAKT-minimal4design33.png\" \/>\n\t<meta property=\"og:image:width\" content=\"578\" \/>\n\t<meta property=\"og:image:height\" content=\"772\" \/>\n<meta name=\"twitter:card\" content=\"summary_large_image\" \/>\n<meta name=\"twitter:label1\" content=\"Estimated reading time\">\n\t<meta name=\"twitter:data1\" content=\"1 minute\">\n<script type=\"application\/ld+json\" class=\"yoast-schema-graph\">{\"@context\":\"https:\/\/schema.org\",\"@graph\":[{\"@type\":\"WebSite\",\"@id\":\"https:\/\/www.minimal4design.com\/en\/#website\",\"url\":\"https:\/\/www.minimal4design.com\/en\/\",\"name\":\"minimal4design\",\"description\":\"PORTF\\u00d3LIO | N\\u00e1vrh a dizajn interi\\u00e9ru | minimal4design\",\"potentialAction\":[{\"@type\":\"SearchAction\",\"target\":\"https:\/\/www.minimal4design.com\/en\/?s={search_term_string}\",\"query-input\":\"required name=search_term_string\"}],\"inLanguage\":\"en-GB\"},{\"@type\":\"ImageObject\",\"@id\":\"https:\/\/www.minimal4design.com\/navrh-interieru-bytu\/#primaryimage\",\"inLanguage\":\"en-GB\",\"url\":\"https:\/\/www.minimal4design.com\/wp-content\/uploads\/2021\/04\/Screenshot_2021-04-28-KONTAKT-minimal4design33.png\",\"contentUrl\":\"https:\/\/www.minimal4design.com\/wp-content\/uploads\/2021\/04\/Screenshot_2021-04-28-KONTAKT-minimal4design33.png\",\"width\":578,\"height\":772,\"caption\":\"Dizajn interi\\u00e9ru mal\\u00e9ho bytu\"},{\"@type\":\"WebPage\",\"@id\":\"https:\/\/www.minimal4design.com\/navrh-interieru-bytu\/#webpage\",\"url\":\"https:\/\/www.minimal4design.com\/navrh-interieru-bytu\/\",\"name\":\"Bytov\\u00fd dizajn | N\\u00e1vrh interi\\u00e9ru bytu | minimal4design\",\"isPartOf\":{\"@id\":\"https:\/\/www.minimal4design.com\/en\/#website\"},\"primaryImageOfPage\":{\"@id\":\"https:\/\/www.minimal4design.com\/navrh-interieru-bytu\/#primaryimage\"},\"datePublished\":\"2021-04-27T21:17:15+00:00\",\"dateModified\":\"2021-06-10T21:31:30+00:00\",\"description\":\"Projekt 2 izbov\\u00e9ho bytu v Slovenskom Grobe. P\\u00fatav\\u00fd ve\\u013ekoform\\u00e1tov\\u00fd obraz a zauj\\u00edmav\\u00e9 svietidlo vytvor\\u00ed vo va\\u0161ej dom\\u00e1cnosti wow efekt, ktor\\u00fd h\\u013ead\\u00e1te.\",\"breadcrumb\":{\"@id\":\"https:\/\/www.minimal4design.com\/navrh-interieru-bytu\/#breadcrumb\"},\"inLanguage\":\"en-GB\",\"potentialAction\":[{\"@type\":\"ReadAction\",\"target\":[\"https:\/\/www.minimal4design.com\/navrh-interieru-bytu\/\"]}]},{\"@type\":\"BreadcrumbList\",\"@id\":\"https:\/\/www.minimal4design.com\/navrh-interieru-bytu\/#breadcrumb\",\"itemListElement\":[{\"@type\":\"ListItem\",\"position\":1,\"item\":{\"@type\":\"WebPage\",\"@id\":\"https:\/\/www.minimal4design.com\/\",\"url\":\"https:\/\/www.minimal4design.com\/\",\"name\":\"Domovsk\\u00e1 str\\u00e1nka\"}},{\"@type\":\"ListItem\",\"position\":2,\"item\":{\"@id\":\"https:\/\/www.minimal4design.com\/navrh-interieru-bytu\/#webpage\"}}]}]}<\/script>\n<!-- \/ Yoast SEO plugin. -->","_links":{"self":[{"href":"https:\/\/www.minimal4design.com\/en\/wp-json\/wp\/v2\/pages\/609"}],"collection":[{"href":"https:\/\/www.minimal4design.com\/en\/wp-json\/wp\/v2\/pages"}],"about":[{"href":"https:\/\/www.minimal4design.com\/en\/wp-json\/wp\/v2\/types\/page"}],"author":[{"embeddable":true,"href":"https:\/\/www.minimal4design.com\/en\/wp-json\/wp\/v2\/users\/1"}],"replies":[{"embeddable":true,"href":"https:\/\/www.minimal4design.com\/en\/wp-json\/wp\/v2\/comments?post=609"}],"version-history":[{"count":6,"href":"https:\/\/www.minimal4design.com\/en\/wp-json\/wp\/v2\/pages\/609\/revisions"}],"predecessor-version":[{"id":1638,"href":"https:\/\/www.minimal4design.com\/en\/wp-json\/wp\/v2\/pages\/609\/revisions\/1638"}],"wp:featuredmedia":[{"embeddable":true,"href":"https:\/\/www.minimal4design.com\/en\/wp-json\/wp\/v2\/media\/617"}],"wp:attachment":[{"href":"https:\/\/www.minimal4design.com\/en\/wp-json\/wp\/v2\/media?parent=609"}],"curies":[{"name":"wp","href":"https:\/\/api.w.org\/{rel}","templated":true}]}}