{"id":725,"date":"2021-04-27T23:13:46","date_gmt":"2021-04-27T23:13:46","guid":{"rendered":"https:\/\/www.minimal4design.com\/?page_id=725"},"modified":"2021-04-29T07:16:31","modified_gmt":"2021-04-29T07:16:31","slug":"interior-styling-services","status":"publish","type":"page","link":"https:\/\/www.minimal4design.com\/en\/interior-styling-services\/","title":{"rendered":"interior-styling-services"},"content":{"rendered":"<div data-elementor-type=\"wp-page\" data-elementor-id=\"725\" class=\"elementor elementor-725\" data-elementor-settings=\"[]\">\n\t\t\t\t\t\t\t<div class=\"elementor-section-wrap\">\n\t\t\t\t\t\t\t<section class=\"elementor-section elementor-top-section elementor-element elementor-element-c2e424d elementor-section-boxed elementor-section-height-default elementor-section-height-default\" data-id=\"c2e424d\" data-element_type=\"section\">\n\t\t\t\t\t\t<div class=\"elementor-container elementor-column-gap-default\">\n\t\t\t\t\t<div class=\"elementor-column elementor-col-50 elementor-top-column elementor-element elementor-element-9373358\" data-id=\"9373358\" data-element_type=\"column\">\n\t\t\t<div class=\"elementor-widget-wrap elementor-element-populated\">\n\t\t\t\t\t\t\t\t<section class=\"elementor-section elementor-inner-section elementor-element elementor-element-393cc6b elementor-section-height-min-height elementor-section-boxed elementor-section-height-default\" data-id=\"393cc6b\" data-element_type=\"section\">\n\t\t\t\t\t\t<div class=\"elementor-container elementor-column-gap-default\">\n\t\t\t\t\t<div class=\"elementor-column elementor-col-100 elementor-inner-column elementor-element elementor-element-6dd1e12\" data-id=\"6dd1e12\" data-element_type=\"column\" data-settings=\"{&quot;background_background&quot;:&quot;classic&quot;}\">\n\t\t\t<div class=\"elementor-widget-wrap elementor-element-populated\">\n\t\t\t\t\t\t\t\t<div class=\"elementor-element elementor-element-9389a87 elementor-widget elementor-widget-image\" data-id=\"9389a87\" data-element_type=\"widget\" data-widget_type=\"image.default\">\n\t\t\t\t<div class=\"elementor-widget-container\">\n\t\t\t\t\t\t\t\t\t\t\t\t\t\t\t<img width=\"312\" height=\"293\" src=\"https:\/\/www.minimal4design.com\/wp-content\/uploads\/2021\/04\/Screenshot_2021-04-28-KONTAKT-minimal4design38.png\" class=\"elementor-animation-grow attachment-full size-full\" alt=\"\" loading=\"lazy\" srcset=\"https:\/\/www.minimal4design.com\/wp-content\/uploads\/2021\/04\/Screenshot_2021-04-28-KONTAKT-minimal4design38.png 312w, https:\/\/www.minimal4design.com\/wp-content\/uploads\/2021\/04\/Screenshot_2021-04-28-KONTAKT-minimal4design38-300x282.png 300w\" sizes=\"(max-width: 312px) 100vw, 312px\" \/>\t\t\t\t\t\t\t\t\t\t\t\t\t\t\t<\/div>\n\t\t\t\t<\/div>\n\t\t\t\t<div class=\"elementor-element elementor-element-7451dfc elementor-widget elementor-widget-heading\" data-id=\"7451dfc\" data-element_type=\"widget\" data-widget_type=\"heading.default\">\n\t\t\t\t<div class=\"elementor-widget-container\">\n\t\t\t<h2 class=\"elementor-heading-title elementor-size-default\">INTERIOR STYLING\/\n\nCONSULTATIONS<\/h2>\t\t<\/div>\n\t\t\t\t<\/div>\n\t\t\t\t\t<\/div>\n\t\t<\/div>\n\t\t\t\t\t\t\t<\/div>\n\t\t<\/section>\n\t\t\t\t<div class=\"elementor-element elementor-element-a29519e elementor-align-center elementor-widget elementor-widget-button\" data-id=\"a29519e\" data-element_type=\"widget\" data-widget_type=\"button.default\">\n\t\t\t\t<div class=\"elementor-widget-container\">\n\t\t\t\t\t<div class=\"elementor-button-wrapper\">\n\t\t\t<a href=\"https:\/\/www.minimal4design.com\/en\/contact\/\" class=\"elementor-button-link elementor-button elementor-size-sm\" role=\"button\">\n\t\t\t\t\t\t<span class=\"elementor-button-content-wrapper\">\n\t\t\t\t\t\t<span class=\"elementor-button-text\">Contact me<\/span>\n\t\t<\/span>\n\t\t\t\t\t<\/a>\n\t\t<\/div>\n\t\t\t\t<\/div>\n\t\t\t\t<\/div>\n\t\t\t\t\t<\/div>\n\t\t<\/div>\n\t\t\t\t<div class=\"elementor-column elementor-col-50 elementor-top-column elementor-element elementor-element-d32cf9b\" data-id=\"d32cf9b\" data-element_type=\"column\">\n\t\t\t<div class=\"elementor-widget-wrap elementor-element-populated\">\n\t\t\t\t\t\t\t\t<div class=\"elementor-element elementor-element-26c753b elementor-widget elementor-widget-heading\" data-id=\"26c753b\" data-element_type=\"widget\" data-widget_type=\"heading.default\">\n\t\t\t\t<div class=\"elementor-widget-container\">\n\t\t\t<h2 class=\"elementor-heading-title elementor-size-default\">Nechcete rie\u0161i\u0165 n\u00e1vrh interi\u00e9ru, len by ste potrebovali poradi\u0165?\n\n <br><br>\n\n\u010ci u\u017e ste sa \u201czasekli\u201d na za\u010diatku svojho projektu ako nalo\u017ei\u0165 s dispoz\u00edciou priestoru alebo pr\u00e1ve naopak, len potrebujete svoj interi\u00e9r doladi\u0165, doda\u0165 mu posledn\u00fa bodku, aby bolo v\u0161etko tip-top? Pr\u00edpadne sa len potrebujete uisti\u0165 v zladen\u00ed farieb a materi\u00e1lov?\n\n\u200b <br><br>\n\nRada v\u00e1m pom\u00f4\u017eem na vytvoren\u00ed plynul\u00e9ho a funk\u010dn\u00e9ho usporiadania priestoru, ktor\u00fd vyhovuje pr\u00e1ve v\u00e1m.\n\n\u200b <br><br>\n\nSkombinujeme spolu farby a materi\u00e1ly, doplnky, ktor\u00e9 mate radi a ktor\u00e9 doladia v\u00e1\u0161 kr\u00e1sny domov. Mo\u017eno radi uv\u00edtate aj pomoc, kde va\u0161e vysn\u00edvan\u00e9 k\u00fasky h\u013eada\u0165 alebo k\u00fapi\u0165.\n<\/h2>\t\t<\/div>\n\t\t\t\t<\/div>\n\t\t\t\t<div class=\"elementor-element elementor-element-fb785da elementor-widget elementor-widget-heading\" data-id=\"fb785da\" data-element_type=\"widget\" data-widget_type=\"heading.default\">\n\t\t\t\t<div class=\"elementor-widget-container\">\n\t\t\t<h2 class=\"elementor-heading-title elementor-size-default\"> Nez\u00e1le\u017e\u00ed na tom, kde sa pr\u00e1ve nach\u00e1dzate, konzultova\u0165 m\u00f4\u017eme aj online.\n\n  <br><br>\n\nKe\u010f\u017ee ka\u017ed\u00fd projekt je in\u00fd a \u0161pecifick\u00fd, cenov\u00e9 ponuky pripravujem individu\u00e1lne, na mieru pod\u013ea ve\u013ekosti a n\u00e1ro\u010dnosti projektu. Nev\u00e1hajte ma kontaktova\u0165 s va\u0161imi po\u017eiadavkami a rada v\u00e1m vypracujem nez\u00e1v\u00e4zn\u00fa cenov\u00fa ponuku.<\/h2>\t\t<\/div>\n\t\t\t\t<\/div>\n\t\t\t\t\t<\/div>\n\t\t<\/div>\n\t\t\t\t\t\t\t<\/div>\n\t\t<\/section>\n\t\t\t\t\t\t<\/div>\n\t\t\t\t\t<\/div>","protected":false},"excerpt":{"rendered":"<p>INTERI\u00c9ROV\u00dd STYLING\/ KONZULT\u00c1CIE Nap\u00ed\u0161te mi Nechcete rie\u0161i\u0165 n\u00e1vrh interi\u00e9ru, len by ste potrebovali poradi\u0165? \u010ci u\u017e ste sa \u201czasekli\u201d na za\u010diatku svojho projektu ako nalo\u017ei\u0165 s dispoz\u00edciou priestoru alebo pr\u00e1ve naopak, len potrebujete svoj interi\u00e9r doladi\u0165, doda\u0165 mu posledn\u00fa bodku, aby bolo v\u0161etko tip-top? Pr\u00edpadne sa len potrebujete uisti\u0165 v zladen\u00ed farieb a materi\u00e1lov? \u200b &hellip;<\/p>\n<p class=\"read-more\"> <a class=\"\" href=\"https:\/\/www.minimal4design.com\/en\/interior-styling-services\/\"> <span class=\"screen-reader-text\">interior-styling-services<\/span> Read More &raquo;<\/a><\/p>","protected":false},"author":1,"featured_media":0,"parent":0,"menu_order":0,"comment_status":"closed","ping_status":"closed","template":"elementor_canvas","meta":[],"yoast_head":"<!-- This site is optimized with the Yoast SEO plugin v16.2 - https:\/\/yoast.com\/wordpress\/plugins\/seo\/ -->\n<title>interior-styling-services - minimal4design<\/title>\n<meta name=\"robots\" content=\"index, follow, max-snippet:-1, max-image-preview:large, max-video-preview:-1\" \/>\n<link rel=\"canonical\" href=\"https:\/\/www.minimal4design.com\/en\/interior-styling-services\/\" \/>\n<meta property=\"og:locale\" content=\"en_GB\" \/>\n<meta property=\"og:type\" content=\"article\" \/>\n<meta property=\"og:title\" content=\"interior-styling-services - minimal4design\" \/>\n<meta property=\"og:description\" content=\"INTERI\u00c9ROV\u00dd STYLING\/ KONZULT\u00c1CIE Nap\u00ed\u0161te mi Nechcete rie\u0161i\u0165 n\u00e1vrh interi\u00e9ru, len by ste potrebovali poradi\u0165? \u010ci u\u017e ste sa \u201czasekli\u201d na za\u010diatku svojho projektu ako nalo\u017ei\u0165 s dispoz\u00edciou priestoru alebo pr\u00e1ve naopak, len potrebujete svoj interi\u00e9r doladi\u0165, doda\u0165 mu posledn\u00fa bodku, aby bolo v\u0161etko tip-top? Pr\u00edpadne sa len potrebujete uisti\u0165 v zladen\u00ed farieb a materi\u00e1lov? \u200b &hellip; interior-styling-services Read More &raquo;\" \/>\n<meta property=\"og:url\" content=\"https:\/\/www.minimal4design.com\/en\/interior-styling-services\/\" \/>\n<meta property=\"og:site_name\" content=\"minimal4design\" \/>\n<meta property=\"article:modified_time\" content=\"2021-04-29T07:16:31+00:00\" \/>\n<meta property=\"og:image\" content=\"https:\/\/www.minimal4design.com\/wp-content\/uploads\/2021\/04\/Screenshot_2021-04-28-KONTAKT-minimal4design38.png\" \/>\n<meta name=\"twitter:card\" content=\"summary_large_image\" \/>\n<meta name=\"twitter:label1\" content=\"Estimated reading time\">\n\t<meta name=\"twitter:data1\" content=\"1 minute\">\n<script type=\"application\/ld+json\" class=\"yoast-schema-graph\">{\"@context\":\"https:\/\/schema.org\",\"@graph\":[{\"@type\":\"WebSite\",\"@id\":\"https:\/\/www.minimal4design.com\/en\/#website\",\"url\":\"https:\/\/www.minimal4design.com\/en\/\",\"name\":\"minimal4design\",\"description\":\"PORTF\\u00d3LIO | N\\u00e1vrh a dizajn interi\\u00e9ru | minimal4design\",\"potentialAction\":[{\"@type\":\"SearchAction\",\"target\":\"https:\/\/www.minimal4design.com\/en\/?s={search_term_string}\",\"query-input\":\"required name=search_term_string\"}],\"inLanguage\":\"en-GB\"},{\"@type\":\"ImageObject\",\"@id\":\"https:\/\/www.minimal4design.com\/interior-styling-services\/#primaryimage\",\"inLanguage\":\"en-GB\",\"url\":\"https:\/\/www.minimal4design.com\/wp-content\/uploads\/2021\/04\/Screenshot_2021-04-28-KONTAKT-minimal4design38.png\",\"contentUrl\":\"https:\/\/www.minimal4design.com\/wp-content\/uploads\/2021\/04\/Screenshot_2021-04-28-KONTAKT-minimal4design38.png\"},{\"@type\":\"WebPage\",\"@id\":\"https:\/\/www.minimal4design.com\/interior-styling-services\/#webpage\",\"url\":\"https:\/\/www.minimal4design.com\/interior-styling-services\/\",\"name\":\"interior-styling-services - minimal4design\",\"isPartOf\":{\"@id\":\"https:\/\/www.minimal4design.com\/en\/#website\"},\"primaryImageOfPage\":{\"@id\":\"https:\/\/www.minimal4design.com\/interior-styling-services\/#primaryimage\"},\"datePublished\":\"2021-04-27T23:13:46+00:00\",\"dateModified\":\"2021-04-29T07:16:31+00:00\",\"breadcrumb\":{\"@id\":\"https:\/\/www.minimal4design.com\/interior-styling-services\/#breadcrumb\"},\"inLanguage\":\"en-GB\",\"potentialAction\":[{\"@type\":\"ReadAction\",\"target\":[\"https:\/\/www.minimal4design.com\/interior-styling-services\/\"]}]},{\"@type\":\"BreadcrumbList\",\"@id\":\"https:\/\/www.minimal4design.com\/interior-styling-services\/#breadcrumb\",\"itemListElement\":[{\"@type\":\"ListItem\",\"position\":1,\"item\":{\"@type\":\"WebPage\",\"@id\":\"https:\/\/www.minimal4design.com\/\",\"url\":\"https:\/\/www.minimal4design.com\/\",\"name\":\"Domovsk\\u00e1 str\\u00e1nka\"}},{\"@type\":\"ListItem\",\"position\":2,\"item\":{\"@id\":\"https:\/\/www.minimal4design.com\/interior-styling-services\/#webpage\"}}]}]}<\/script>\n<!-- \/ Yoast SEO plugin. -->","_links":{"self":[{"href":"https:\/\/www.minimal4design.com\/en\/wp-json\/wp\/v2\/pages\/725"}],"collection":[{"href":"https:\/\/www.minimal4design.com\/en\/wp-json\/wp\/v2\/pages"}],"about":[{"href":"https:\/\/www.minimal4design.com\/en\/wp-json\/wp\/v2\/types\/page"}],"author":[{"embeddable":true,"href":"https:\/\/www.minimal4design.com\/en\/wp-json\/wp\/v2\/users\/1"}],"replies":[{"embeddable":true,"href":"https:\/\/www.minimal4design.com\/en\/wp-json\/wp\/v2\/comments?post=725"}],"version-history":[{"count":22,"href":"https:\/\/www.minimal4design.com\/en\/wp-json\/wp\/v2\/pages\/725\/revisions"}],"predecessor-version":[{"id":967,"href":"https:\/\/www.minimal4design.com\/en\/wp-json\/wp\/v2\/pages\/725\/revisions\/967"}],"wp:attachment":[{"href":"https:\/\/www.minimal4design.com\/en\/wp-json\/wp\/v2\/media?parent=725"}],"curies":[{"name":"wp","href":"https:\/\/api.w.org\/{rel}","templated":true}]}}